{"id":7782,"date":"2020-12-27T14:45:41","date_gmt":"2020-12-27T11:45:41","guid":{"rendered":"https:\/\/www.inforte.com\/?page_id=7782"},"modified":"2020-12-27T14:45:41","modified_gmt":"2020-12-27T11:45:41","slug":"explicit-consent-for-commercial-electronic-messages","status":"publish","type":"page","link":"https:\/\/www.inforte.com\/en\/explicit-consent-for-commercial-electronic-messages\/","title":{"rendered":"Explicit Consent for Commercial Electronic Messages"},"content":{"rendered":"<div>\n<div>\n<div><b><span lang=\"TR\">TEXT FOR EXPLICIT CONSENT FOR COMMERCIAL ELECTRONIC MESSAGES<\/span><\/b><\/div>\n<div class=\"translation-block\">This text includes my approval in relation to the announcements of general\/special opportunities for the services provided by Inforte Bili\u015fim A.\u015e. under the Law on Regulation of Electronic Commerce numbered 6563 and the Regulation on Commercial Communication and Commercial Electronic Messages, the making of a satisfaction survey in relation to the services provided, the provision of information on recent developments, the sending of messages for celebration purposes, the sharing of contents such as presentations and bulletins, the sending of commercial electronic messages and other messages to me in accordance with the relevant legislation for promotion and advertisement, to the receipt for such purposes of my contact information and marketing information for the conduct of sale of goods \/ services and advertisement \/ campaign \/ promotion processes and the sending of messages to me by the channel of my choosing, the fact that I may change my communication preferences at any time or that I may stop communication by declining the transaction specified in the messages received by me without showing any reason and to the sending of commercial electronic messages to me by way of e-mail in accordance with the laws.<\/div>\n<\/div>\n<\/div>","protected":false},"excerpt":{"rendered":"<p>T\u0130CAR\u0130 ELEKTRON\u0130K \u0130LET\u0130LERE DA\u0130R\u00a0A\u00c7IK RIZA METN\u0130 \u0130\u015fbu metin, 6563 Elektronik Ticaretin D\u00fczenlenmesi Hakk\u0131nda Kanun ve Ticari \u0130leti\u015fim ve Ticari Elektronik \u0130letiler Hakk\u0131nda Y\u00f6netmelik kapsam\u0131nda\u202fInforte\u00a0Bili\u015fim A.\u015e.\u202ftaraf\u0131ndan sunulan hizmetler hakk\u0131nda genel\/\u00f6zel imkanlar\u0131n duyurulmas\u0131na, sunulan hizmetlere ili\u015fkin memnuniyet anketi yap\u0131labilmesine, g\u00fcncel geli\u015fmelerden haberdar edilmesine, kutlama ama\u00e7l\u0131 iletiler g\u00f6nderilmesine,&#8230;<\/p>","protected":false},"author":1,"featured_media":0,"parent":0,"menu_order":0,"comment_status":"closed","ping_status":"closed","template":"","meta":{"_acf_changed":false,"footnotes":""},"class_list":["post-7782","page","type-page","status-publish","hentry"],"acf":[],"yoast_head":"<!-- This site is optimized with the Yoast SEO plugin v25.6 - https:\/\/yoast.com\/wordpress\/plugins\/seo\/ -->\n<title>Ticari Elektronik \u0130letilere Dair A\u00e7\u0131k R\u0131za Metni - Inforte Bili\u015fim A.\u015e.<\/title>\n<meta name=\"robots\" content=\"index, follow, max-snippet:-1, max-image-preview:large, max-video-preview:-1\" \/>\n<link rel=\"canonical\" href=\"https:\/\/www.inforte.com\/en\/explicit-consent-for-commercial-electronic-messages\/\" \/>\n<meta property=\"og:locale\" content=\"en_GB\" \/>\n<meta property=\"og:type\" content=\"article\" \/>\n<meta property=\"og:title\" content=\"Ticari Elektronik \u0130letilere Dair A\u00e7\u0131k R\u0131za Metni - Inforte Bili\u015fim A.\u015e.\" \/>\n<meta property=\"og:description\" content=\"T\u0130CAR\u0130 ELEKTRON\u0130K \u0130LET\u0130LERE DA\u0130R\u00a0A\u00c7IK RIZA METN\u0130 \u0130\u015fbu metin, 6563 Elektronik Ticaretin D\u00fczenlenmesi Hakk\u0131nda Kanun ve Ticari \u0130leti\u015fim ve Ticari Elektronik \u0130letiler Hakk\u0131nda Y\u00f6netmelik kapsam\u0131nda\u202fInforte\u00a0Bili\u015fim A.\u015e.\u202ftaraf\u0131ndan sunulan hizmetler hakk\u0131nda genel\/\u00f6zel imkanlar\u0131n duyurulmas\u0131na, sunulan hizmetlere ili\u015fkin memnuniyet anketi yap\u0131labilmesine, g\u00fcncel geli\u015fmelerden haberdar edilmesine, kutlama ama\u00e7l\u0131 iletiler g\u00f6nderilmesine,...\" \/>\n<meta property=\"og:url\" content=\"https:\/\/www.inforte.com\/en\/explicit-consent-for-commercial-electronic-messages\/\" \/>\n<meta property=\"og:site_name\" content=\"Inforte Bili\u015fim A.\u015e.\" \/>\n<meta name=\"twitter:card\" content=\"summary_large_image\" \/>\n<meta name=\"twitter:label1\" content=\"Estimated reading time\" \/>\n\t<meta name=\"twitter:data1\" content=\"1 minute\" \/>\n<script type=\"application\/ld+json\" class=\"yoast-schema-graph\">{\"@context\":\"https:\/\/schema.org\",\"@graph\":[{\"@type\":\"WebPage\",\"@id\":\"https:\/\/www.inforte.com\/ticari-elektronik-iletilere-dair-acik-riza-metni\/\",\"url\":\"https:\/\/www.inforte.com\/ticari-elektronik-iletilere-dair-acik-riza-metni\/\",\"name\":\"Ticari Elektronik \u0130letilere Dair A\u00e7\u0131k R\u0131za Metni - Inforte Bili\u015fim A.\u015e.\",\"isPartOf\":{\"@id\":\"https:\/\/www.inforte.com\/#website\"},\"datePublished\":\"2020-12-27T11:45:41+00:00\",\"breadcrumb\":{\"@id\":\"https:\/\/www.inforte.com\/ticari-elektronik-iletilere-dair-acik-riza-metni\/#breadcrumb\"},\"inLanguage\":\"en-GB\",\"potentialAction\":[{\"@type\":\"ReadAction\",\"target\":[\"https:\/\/www.inforte.com\/ticari-elektronik-iletilere-dair-acik-riza-metni\/\"]}]},{\"@type\":\"BreadcrumbList\",\"@id\":\"https:\/\/www.inforte.com\/ticari-elektronik-iletilere-dair-acik-riza-metni\/#breadcrumb\",\"itemListElement\":[{\"@type\":\"ListItem\",\"position\":1,\"name\":\"Ana sayfa\",\"item\":\"https:\/\/www.inforte.com\/\"},{\"@type\":\"ListItem\",\"position\":2,\"name\":\"Ticari Elektronik \u0130letilere Dair A\u00e7\u0131k R\u0131za Metni\"}]},{\"@type\":\"WebSite\",\"@id\":\"https:\/\/www.inforte.com\/#website\",\"url\":\"https:\/\/www.inforte.com\/\",\"name\":\"Inforte Bili\u015fim A.\u015e.\",\"description\":\"arbor, DDOS, spectrum, visibility, availability, forescout, nac, orchestration, network control, iot security, netscout, performans monitor, packet broker, tap, services assurance, centrify, privilage, access management, password vault, idendity access management, session recording\",\"publisher\":{\"@id\":\"https:\/\/www.inforte.com\/#organization\"},\"potentialAction\":[{\"@type\":\"SearchAction\",\"target\":{\"@type\":\"EntryPoint\",\"urlTemplate\":\"https:\/\/www.inforte.com\/?s={search_term_string}\"},\"query-input\":{\"@type\":\"PropertyValueSpecification\",\"valueRequired\":true,\"valueName\":\"search_term_string\"}}],\"inLanguage\":\"en-GB\"},{\"@type\":\"Organization\",\"@id\":\"https:\/\/www.inforte.com\/#organization\",\"name\":\"Inforte Bili\u015fim A.\u015e.\",\"url\":\"https:\/\/www.inforte.com\/\",\"logo\":{\"@type\":\"ImageObject\",\"inLanguage\":\"en-GB\",\"@id\":\"https:\/\/www.inforte.com\/#\/schema\/logo\/image\/\",\"url\":\"https:\/\/www.inforte.com\/wp-content\/uploads\/2018\/06\/logo.png\",\"contentUrl\":\"https:\/\/www.inforte.com\/wp-content\/uploads\/2018\/06\/logo.png\",\"width\":286,\"height\":180,\"caption\":\"Inforte Bili\u015fim A.\u015e.\"},\"image\":{\"@id\":\"https:\/\/www.inforte.com\/#\/schema\/logo\/image\/\"}}]}<\/script>\n<!-- \/ Yoast SEO plugin. -->","yoast_head_json":{"title":"Ticari Elektronik \u0130letilere Dair A\u00e7\u0131k R\u0131za Metni - Inforte Bili\u015fim A.\u015e.","robots":{"index":"index","follow":"follow","max-snippet":"max-snippet:-1","max-image-preview":"max-image-preview:large","max-video-preview":"max-video-preview:-1"},"canonical":"https:\/\/www.inforte.com\/en\/explicit-consent-for-commercial-electronic-messages\/","og_locale":"en_GB","og_type":"article","og_title":"Ticari Elektronik \u0130letilere Dair A\u00e7\u0131k R\u0131za Metni - Inforte Bili\u015fim A.\u015e.","og_description":"T\u0130CAR\u0130 ELEKTRON\u0130K \u0130LET\u0130LERE DA\u0130R\u00a0A\u00c7IK RIZA METN\u0130 \u0130\u015fbu metin, 6563 Elektronik Ticaretin D\u00fczenlenmesi Hakk\u0131nda Kanun ve Ticari \u0130leti\u015fim ve Ticari Elektronik \u0130letiler Hakk\u0131nda Y\u00f6netmelik kapsam\u0131nda\u202fInforte\u00a0Bili\u015fim A.\u015e.\u202ftaraf\u0131ndan sunulan hizmetler hakk\u0131nda genel\/\u00f6zel imkanlar\u0131n duyurulmas\u0131na, sunulan hizmetlere ili\u015fkin memnuniyet anketi yap\u0131labilmesine, g\u00fcncel geli\u015fmelerden haberdar edilmesine, kutlama ama\u00e7l\u0131 iletiler g\u00f6nderilmesine,...","og_url":"https:\/\/www.inforte.com\/en\/explicit-consent-for-commercial-electronic-messages\/","og_site_name":"Inforte Bili\u015fim A.\u015e.","twitter_card":"summary_large_image","twitter_misc":{"Estimated reading time":"1 minute"},"schema":{"@context":"https:\/\/schema.org","@graph":[{"@type":"WebPage","@id":"https:\/\/www.inforte.com\/ticari-elektronik-iletilere-dair-acik-riza-metni\/","url":"https:\/\/www.inforte.com\/ticari-elektronik-iletilere-dair-acik-riza-metni\/","name":"Ticari Elektronik \u0130letilere Dair A\u00e7\u0131k R\u0131za Metni - Inforte Bili\u015fim A.\u015e.","isPartOf":{"@id":"https:\/\/www.inforte.com\/#website"},"datePublished":"2020-12-27T11:45:41+00:00","breadcrumb":{"@id":"https:\/\/www.inforte.com\/ticari-elektronik-iletilere-dair-acik-riza-metni\/#breadcrumb"},"inLanguage":"en-GB","potentialAction":[{"@type":"ReadAction","target":["https:\/\/www.inforte.com\/ticari-elektronik-iletilere-dair-acik-riza-metni\/"]}]},{"@type":"BreadcrumbList","@id":"https:\/\/www.inforte.com\/ticari-elektronik-iletilere-dair-acik-riza-metni\/#breadcrumb","itemListElement":[{"@type":"ListItem","position":1,"name":"Ana sayfa","item":"https:\/\/www.inforte.com\/"},{"@type":"ListItem","position":2,"name":"Ticari Elektronik \u0130letilere Dair A\u00e7\u0131k R\u0131za Metni"}]},{"@type":"WebSite","@id":"https:\/\/www.inforte.com\/#website","url":"https:\/\/www.inforte.com\/","name":"Inforte Bili\u015fim A.\u015e.","description":"arbor, DDOS, spectrum, visibility, availability, forescout, nac, orchestration, network control, iot security, netscout, performans monitor, packet broker, tap, services assurance, centrify, privilage, access management, password vault, idendity access management, session recording","publisher":{"@id":"https:\/\/www.inforte.com\/#organization"},"potentialAction":[{"@type":"SearchAction","target":{"@type":"EntryPoint","urlTemplate":"https:\/\/www.inforte.com\/?s={search_term_string}"},"query-input":{"@type":"PropertyValueSpecification","valueRequired":true,"valueName":"search_term_string"}}],"inLanguage":"en-GB"},{"@type":"Organization","@id":"https:\/\/www.inforte.com\/#organization","name":"Inforte Bili\u015fim A.\u015e.","url":"https:\/\/www.inforte.com\/","logo":{"@type":"ImageObject","inLanguage":"en-GB","@id":"https:\/\/www.inforte.com\/#\/schema\/logo\/image\/","url":"https:\/\/www.inforte.com\/wp-content\/uploads\/2018\/06\/logo.png","contentUrl":"https:\/\/www.inforte.com\/wp-content\/uploads\/2018\/06\/logo.png","width":286,"height":180,"caption":"Inforte Bili\u015fim A.\u015e."},"image":{"@id":"https:\/\/www.inforte.com\/#\/schema\/logo\/image\/"}}]}},"_links":{"self":[{"href":"https:\/\/www.inforte.com\/en\/wp-json\/wp\/v2\/pages\/7782"}],"collection":[{"href":"https:\/\/www.inforte.com\/en\/wp-json\/wp\/v2\/pages"}],"about":[{"href":"https:\/\/www.inforte.com\/en\/wp-json\/wp\/v2\/types\/page"}],"author":[{"embeddable":true,"href":"https:\/\/www.inforte.com\/en\/wp-json\/wp\/v2\/users\/1"}],"replies":[{"embeddable":true,"href":"https:\/\/www.inforte.com\/en\/wp-json\/wp\/v2\/comments?post=7782"}],"version-history":[{"count":2,"href":"https:\/\/www.inforte.com\/en\/wp-json\/wp\/v2\/pages\/7782\/revisions"}],"predecessor-version":[{"id":7790,"href":"https:\/\/www.inforte.com\/en\/wp-json\/wp\/v2\/pages\/7782\/revisions\/7790"}],"wp:attachment":[{"href":"https:\/\/www.inforte.com\/en\/wp-json\/wp\/v2\/media?parent=7782"}],"curies":[{"name":"wp","href":"https:\/\/api.w.org\/{rel}","templated":true}]}}