{"id":7773,"date":"2020-12-27T14:42:53","date_gmt":"2020-12-27T11:42:53","guid":{"rendered":"https:\/\/www.inforte.com\/?page_id=7773"},"modified":"2020-12-27T14:42:53","modified_gmt":"2020-12-27T11:42:53","slug":"data-protection-notice-regarding-the-personal-data-processed-in-the-communication-form","status":"publish","type":"page","link":"https:\/\/www.inforte.com\/en\/data-protection-notice-regarding-the-personal-data-processed-in-the-communication-form\/","title":{"rendered":"Data Protection Notice Regarding The Personal Data Processed In The Communication Form"},"content":{"rendered":"<div>\n<div>\n<div><b><span lang=\"TR\">DATA PROTECTION NOTICE REGARDING THE PERSONAL\u00a0<\/span><\/b> <b><span lang=\"TR\">DATA PROCESSED IN THE COMMUNICATION FORM<\/span><\/b><\/div>\n<\/div>\n<\/div>\n<div>\n<div><\/div>\n<\/div>\n<div>\n<div>\n<div class=\"translation-block\">Your identity, contact, and other personal data in the content of your message can be processed by us, as Inforte Bili\u015fim A.\u015e. as the data controller according to Personal Data Protection Law numbered 6698 (the \u201cLaw\u201d) in the context explained below. Your collected personal data can be processed according to the personal data processing conditions outlined in article 5 of the Law in order to collect and evaluate the suggestions regarding amelioration of the business processes, conducting processes of management of customer relations and satisfaction, and conducting communication activities and can be transferred to our business partners, public institutions, which are authorized by law, and authorized private persons under the personal data processing conditions and purposes outlined in articles 8 and 9 of the Law. Your personal data, which are collected from you with this form and stored, can be processed through automatic and semi-automatic means according to articles 5 \/ 2 (a), (c), and (f) of the Law limited to the purposes indicated above. As the data subject, you can make your requests with respect to your rights outlined in article 11 of the Law in accordance with the procedures and principles that are outlined in the Data Subject Application Form, which you can get from our website, by filling out such form and with the message to be sent to our REM address infortebilisim@hs01.kep.tr, or to our e-mail address kvkk@inforte.com via your e-mail address, which is registered in our system or bears secure e-signature, or with a written application with original signature to be delivered to our address Kozyata\u011f\u0131 Mahallesi De\u011firmen Sokak No: 16\/12 Kad\u0131k\u00f6y Istanbul in person, through notary public or registered e-mail with return receipt.<\/div>\n<\/div>\n<\/div>","protected":false},"excerpt":{"rendered":"<p>\u0130LET\u0130\u015e\u0130M FORMUNDA \u0130\u015eLENEN\u00a0K\u0130\u015e\u0130SEL VER\u0130LERE\u00a0\u0130L\u0130\u015eK\u0130N\u00a0 AYDINLATMA METN\u0130 Kimlik, ileti\u015fim ve mesaj i\u00e7eri\u011finizde bulunan di\u011fer\u00a0ki\u015fisel verileriniz; veri sorumlusu\u00a0Inforte\u00a0Bili\u015fim\u00a0A.\u015e.\u00a0olarak taraf\u0131m\u0131zca 6698 say\u0131l\u0131 Ki\u015fisel Verilerin Korunmas\u0131 Kanunu (\u201cKanun\u201d) uyar\u0131nca a\u015fa\u011f\u0131da a\u00e7\u0131klanan kapsamda i\u015flenebilecektir. Toplanan ki\u015fisel verileriniz; i\u015f s\u00fcre\u00e7lerinin iyile\u015ftirilmesine y\u00f6nelik \u00f6nerilerin al\u0131nmas\u0131 ve de\u011ferlendirilmesi, m\u00fc\u015fteri ili\u015fkileri ve memnuniyeti y\u00f6netimi&#8230;<\/p>","protected":false},"author":1,"featured_media":0,"parent":0,"menu_order":0,"comment_status":"closed","ping_status":"closed","template":"","meta":{"_acf_changed":false,"footnotes":""},"class_list":["post-7773","page","type-page","status-publish","hentry"],"acf":[],"yoast_head":"<!-- This site is optimized with the Yoast SEO plugin v25.6 - https:\/\/yoast.com\/wordpress\/plugins\/seo\/ -->\n<title>\u0130leti\u015fim Formununda \u0130\u015flenen Verilere \u0130li\u015fkin Ayd\u0131nlatma Metni - Inforte Bili\u015fim A.\u015e.<\/title>\n<meta name=\"robots\" content=\"index, follow, max-snippet:-1, max-image-preview:large, max-video-preview:-1\" \/>\n<link rel=\"canonical\" href=\"https:\/\/www.inforte.com\/en\/data-protection-notice-regarding-the-personal-data-processed-in-the-communication-form\/\" \/>\n<meta property=\"og:locale\" content=\"en_GB\" \/>\n<meta property=\"og:type\" content=\"article\" \/>\n<meta property=\"og:title\" content=\"\u0130leti\u015fim Formununda \u0130\u015flenen Verilere \u0130li\u015fkin Ayd\u0131nlatma Metni - Inforte Bili\u015fim A.\u015e.\" \/>\n<meta property=\"og:description\" content=\"\u0130LET\u0130\u015e\u0130M FORMUNDA \u0130\u015eLENEN\u00a0K\u0130\u015e\u0130SEL VER\u0130LERE\u00a0\u0130L\u0130\u015eK\u0130N\u00a0 AYDINLATMA METN\u0130 Kimlik, ileti\u015fim ve mesaj i\u00e7eri\u011finizde bulunan di\u011fer\u00a0ki\u015fisel verileriniz; veri sorumlusu\u00a0Inforte\u00a0Bili\u015fim\u00a0A.\u015e.\u00a0olarak taraf\u0131m\u0131zca 6698 say\u0131l\u0131 Ki\u015fisel Verilerin Korunmas\u0131 Kanunu (\u201cKanun\u201d) uyar\u0131nca a\u015fa\u011f\u0131da a\u00e7\u0131klanan kapsamda i\u015flenebilecektir. Toplanan ki\u015fisel verileriniz; i\u015f s\u00fcre\u00e7lerinin iyile\u015ftirilmesine y\u00f6nelik \u00f6nerilerin al\u0131nmas\u0131 ve de\u011ferlendirilmesi, m\u00fc\u015fteri ili\u015fkileri ve memnuniyeti y\u00f6netimi...\" \/>\n<meta property=\"og:url\" content=\"https:\/\/www.inforte.com\/en\/data-protection-notice-regarding-the-personal-data-processed-in-the-communication-form\/\" \/>\n<meta property=\"og:site_name\" content=\"Inforte Bili\u015fim A.\u015e.\" \/>\n<meta name=\"twitter:card\" content=\"summary_large_image\" \/>\n<meta name=\"twitter:label1\" content=\"Estimated reading time\" \/>\n\t<meta name=\"twitter:data1\" content=\"1 minute\" \/>\n<script type=\"application\/ld+json\" class=\"yoast-schema-graph\">{\"@context\":\"https:\/\/schema.org\",\"@graph\":[{\"@type\":\"WebPage\",\"@id\":\"https:\/\/www.inforte.com\/iletisim-formununda-islenen-verilere-iliskin-aydinlatma-metni\/\",\"url\":\"https:\/\/www.inforte.com\/iletisim-formununda-islenen-verilere-iliskin-aydinlatma-metni\/\",\"name\":\"\u0130leti\u015fim Formununda \u0130\u015flenen Verilere \u0130li\u015fkin Ayd\u0131nlatma Metni - Inforte Bili\u015fim A.\u015e.\",\"isPartOf\":{\"@id\":\"https:\/\/www.inforte.com\/#website\"},\"datePublished\":\"2020-12-27T11:42:53+00:00\",\"breadcrumb\":{\"@id\":\"https:\/\/www.inforte.com\/iletisim-formununda-islenen-verilere-iliskin-aydinlatma-metni\/#breadcrumb\"},\"inLanguage\":\"en-GB\",\"potentialAction\":[{\"@type\":\"ReadAction\",\"target\":[\"https:\/\/www.inforte.com\/iletisim-formununda-islenen-verilere-iliskin-aydinlatma-metni\/\"]}]},{\"@type\":\"BreadcrumbList\",\"@id\":\"https:\/\/www.inforte.com\/iletisim-formununda-islenen-verilere-iliskin-aydinlatma-metni\/#breadcrumb\",\"itemListElement\":[{\"@type\":\"ListItem\",\"position\":1,\"name\":\"Ana sayfa\",\"item\":\"https:\/\/www.inforte.com\/\"},{\"@type\":\"ListItem\",\"position\":2,\"name\":\"\u0130leti\u015fim Formununda \u0130\u015flenen Verilere \u0130li\u015fkin Ayd\u0131nlatma Metni\"}]},{\"@type\":\"WebSite\",\"@id\":\"https:\/\/www.inforte.com\/#website\",\"url\":\"https:\/\/www.inforte.com\/\",\"name\":\"Inforte Bili\u015fim A.\u015e.\",\"description\":\"arbor, DDOS, spectrum, visibility, availability, forescout, nac, orchestration, network control, iot security, netscout, performans monitor, packet broker, tap, services assurance, centrify, privilage, access management, password vault, idendity access management, session recording\",\"publisher\":{\"@id\":\"https:\/\/www.inforte.com\/#organization\"},\"potentialAction\":[{\"@type\":\"SearchAction\",\"target\":{\"@type\":\"EntryPoint\",\"urlTemplate\":\"https:\/\/www.inforte.com\/?s={search_term_string}\"},\"query-input\":{\"@type\":\"PropertyValueSpecification\",\"valueRequired\":true,\"valueName\":\"search_term_string\"}}],\"inLanguage\":\"en-GB\"},{\"@type\":\"Organization\",\"@id\":\"https:\/\/www.inforte.com\/#organization\",\"name\":\"Inforte Bili\u015fim A.\u015e.\",\"url\":\"https:\/\/www.inforte.com\/\",\"logo\":{\"@type\":\"ImageObject\",\"inLanguage\":\"en-GB\",\"@id\":\"https:\/\/www.inforte.com\/#\/schema\/logo\/image\/\",\"url\":\"https:\/\/www.inforte.com\/wp-content\/uploads\/2018\/06\/logo.png\",\"contentUrl\":\"https:\/\/www.inforte.com\/wp-content\/uploads\/2018\/06\/logo.png\",\"width\":286,\"height\":180,\"caption\":\"Inforte Bili\u015fim A.\u015e.\"},\"image\":{\"@id\":\"https:\/\/www.inforte.com\/#\/schema\/logo\/image\/\"}}]}<\/script>\n<!-- \/ Yoast SEO plugin. -->","yoast_head_json":{"title":"\u0130leti\u015fim Formununda \u0130\u015flenen Verilere \u0130li\u015fkin Ayd\u0131nlatma Metni - Inforte Bili\u015fim A.\u015e.","robots":{"index":"index","follow":"follow","max-snippet":"max-snippet:-1","max-image-preview":"max-image-preview:large","max-video-preview":"max-video-preview:-1"},"canonical":"https:\/\/www.inforte.com\/en\/data-protection-notice-regarding-the-personal-data-processed-in-the-communication-form\/","og_locale":"en_GB","og_type":"article","og_title":"\u0130leti\u015fim Formununda \u0130\u015flenen Verilere \u0130li\u015fkin Ayd\u0131nlatma Metni - Inforte Bili\u015fim A.\u015e.","og_description":"\u0130LET\u0130\u015e\u0130M FORMUNDA \u0130\u015eLENEN\u00a0K\u0130\u015e\u0130SEL VER\u0130LERE\u00a0\u0130L\u0130\u015eK\u0130N\u00a0 AYDINLATMA METN\u0130 Kimlik, ileti\u015fim ve mesaj i\u00e7eri\u011finizde bulunan di\u011fer\u00a0ki\u015fisel verileriniz; veri sorumlusu\u00a0Inforte\u00a0Bili\u015fim\u00a0A.\u015e.\u00a0olarak taraf\u0131m\u0131zca 6698 say\u0131l\u0131 Ki\u015fisel Verilerin Korunmas\u0131 Kanunu (\u201cKanun\u201d) uyar\u0131nca a\u015fa\u011f\u0131da a\u00e7\u0131klanan kapsamda i\u015flenebilecektir. Toplanan ki\u015fisel verileriniz; i\u015f s\u00fcre\u00e7lerinin iyile\u015ftirilmesine y\u00f6nelik \u00f6nerilerin al\u0131nmas\u0131 ve de\u011ferlendirilmesi, m\u00fc\u015fteri ili\u015fkileri ve memnuniyeti y\u00f6netimi...","og_url":"https:\/\/www.inforte.com\/en\/data-protection-notice-regarding-the-personal-data-processed-in-the-communication-form\/","og_site_name":"Inforte Bili\u015fim A.\u015e.","twitter_card":"summary_large_image","twitter_misc":{"Estimated reading time":"1 minute"},"schema":{"@context":"https:\/\/schema.org","@graph":[{"@type":"WebPage","@id":"https:\/\/www.inforte.com\/iletisim-formununda-islenen-verilere-iliskin-aydinlatma-metni\/","url":"https:\/\/www.inforte.com\/iletisim-formununda-islenen-verilere-iliskin-aydinlatma-metni\/","name":"\u0130leti\u015fim Formununda \u0130\u015flenen Verilere \u0130li\u015fkin Ayd\u0131nlatma Metni - Inforte Bili\u015fim A.\u015e.","isPartOf":{"@id":"https:\/\/www.inforte.com\/#website"},"datePublished":"2020-12-27T11:42:53+00:00","breadcrumb":{"@id":"https:\/\/www.inforte.com\/iletisim-formununda-islenen-verilere-iliskin-aydinlatma-metni\/#breadcrumb"},"inLanguage":"en-GB","potentialAction":[{"@type":"ReadAction","target":["https:\/\/www.inforte.com\/iletisim-formununda-islenen-verilere-iliskin-aydinlatma-metni\/"]}]},{"@type":"BreadcrumbList","@id":"https:\/\/www.inforte.com\/iletisim-formununda-islenen-verilere-iliskin-aydinlatma-metni\/#breadcrumb","itemListElement":[{"@type":"ListItem","position":1,"name":"Ana sayfa","item":"https:\/\/www.inforte.com\/"},{"@type":"ListItem","position":2,"name":"\u0130leti\u015fim Formununda \u0130\u015flenen Verilere \u0130li\u015fkin Ayd\u0131nlatma Metni"}]},{"@type":"WebSite","@id":"https:\/\/www.inforte.com\/#website","url":"https:\/\/www.inforte.com\/","name":"Inforte Bili\u015fim A.\u015e.","description":"arbor, DDOS, spectrum, visibility, availability, forescout, nac, orchestration, network control, iot security, netscout, performans monitor, packet broker, tap, services assurance, centrify, privilage, access management, password vault, idendity access management, session recording","publisher":{"@id":"https:\/\/www.inforte.com\/#organization"},"potentialAction":[{"@type":"SearchAction","target":{"@type":"EntryPoint","urlTemplate":"https:\/\/www.inforte.com\/?s={search_term_string}"},"query-input":{"@type":"PropertyValueSpecification","valueRequired":true,"valueName":"search_term_string"}}],"inLanguage":"en-GB"},{"@type":"Organization","@id":"https:\/\/www.inforte.com\/#organization","name":"Inforte Bili\u015fim A.\u015e.","url":"https:\/\/www.inforte.com\/","logo":{"@type":"ImageObject","inLanguage":"en-GB","@id":"https:\/\/www.inforte.com\/#\/schema\/logo\/image\/","url":"https:\/\/www.inforte.com\/wp-content\/uploads\/2018\/06\/logo.png","contentUrl":"https:\/\/www.inforte.com\/wp-content\/uploads\/2018\/06\/logo.png","width":286,"height":180,"caption":"Inforte Bili\u015fim A.\u015e."},"image":{"@id":"https:\/\/www.inforte.com\/#\/schema\/logo\/image\/"}}]}},"_links":{"self":[{"href":"https:\/\/www.inforte.com\/en\/wp-json\/wp\/v2\/pages\/7773"}],"collection":[{"href":"https:\/\/www.inforte.com\/en\/wp-json\/wp\/v2\/pages"}],"about":[{"href":"https:\/\/www.inforte.com\/en\/wp-json\/wp\/v2\/types\/page"}],"author":[{"embeddable":true,"href":"https:\/\/www.inforte.com\/en\/wp-json\/wp\/v2\/users\/1"}],"replies":[{"embeddable":true,"href":"https:\/\/www.inforte.com\/en\/wp-json\/wp\/v2\/comments?post=7773"}],"version-history":[{"count":1,"href":"https:\/\/www.inforte.com\/en\/wp-json\/wp\/v2\/pages\/7773\/revisions"}],"predecessor-version":[{"id":7774,"href":"https:\/\/www.inforte.com\/en\/wp-json\/wp\/v2\/pages\/7773\/revisions\/7774"}],"wp:attachment":[{"href":"https:\/\/www.inforte.com\/en\/wp-json\/wp\/v2\/media?parent=7773"}],"curies":[{"name":"wp","href":"https:\/\/api.w.org\/{rel}","templated":true}]}}