{"id":7770,"date":"2020-12-27T14:41:33","date_gmt":"2020-12-27T11:41:33","guid":{"rendered":"https:\/\/www.inforte.com\/?page_id=7770"},"modified":"2020-12-30T14:04:27","modified_gmt":"2020-12-30T11:04:27","slug":"data-subject-application-form","status":"publish","type":"page","link":"https:\/\/www.inforte.com\/en\/data-subject-application-form\/","title":{"rendered":"Data Subject Application Form"},"content":{"rendered":"<style>\ntable td {\ntext-align: left !important;\n}\n<\/style>\n<div><b>DATA SUBJECT<\/b>\u00a0<\/div>\n<div><b>APPLICATION FORM REGARDING PROTECTION OF PERSONAL DATA<\/b>\u00a0<\/div>\n<div>\u00a0<\/div>\n<div>You can make an application to us through the methods and by the procedures outlined in this form in respect of your requests detailed below, which are within the scope of your rights foreseen under article 11 of the Personal Data Protection Law numbered 6698 (the \u201cLaw\u201d).\u00a0<\/div>\n<div>\u00a0<\/div>\n<div><b>Data Controller<\/b>\u00a0Inforte\u00a0Bili\u015fim Anonim \u015eirketi\u00a0<\/div>\n<div>\u00a0<\/div>\n<div>You can use your rights in the manner and through the methods set forth below:\u00a0<\/div>\n<div>\u00a0<\/div>\n<table border=\"1\" width=\"0\" cellspacing=\"0\" cellpadding=\"5\">\n<tbody>\n<tr>\n<td align=\"left\" valign=\"top\">\n<div>\u00a0<\/div>\n<\/td>\n<td align=\"left\" valign=\"top\">\n<div><b>METHOD\/MANNER<\/b>\u00a0<\/div>\n<\/td>\n<td align=\"left\" valign=\"top\">\n<div><b>ADDRESS<\/b>\u00a0<\/div>\n<\/td>\n<td align=\"left\" valign=\"top\">\n<div><b>EXPLANATION<\/b>\u00a0<\/div>\n<div>\u00a0<\/div>\n<\/td>\n<\/tr>\n<tr>\n<td align=\"left\">\n<div><b>Written Application<\/b>\u00a0<\/div>\n<\/td>\n<td align=\"left\">\n<div>Can be made in person or through Notary Public bearing the original signature\u00a0<\/div>\n<\/td>\n<td align=\"left\">\n<div>Kozyata\u011f\u0131\u00a0Mahallesi De\u011firmen Sokak No: 16\/12 Kad\u0131k\u00f6y \u0130stanbul\u00a0<\/div>\n<\/td>\n<td align=\"left\" valign=\"top\">\n<div>The requirements shall be met by indicating the information and the documents, which are outlined in this form, and \u201cPDPL Data Subject Application\u201d shall be written on the envelope\/notice of the application form.\u00a0<\/div>\n<\/td>\n<\/tr>\n<tr>\n<td align=\"left\">\n<div><b>Application via Registered Electronic Mail (REM)<\/b>\u00a0<\/div>\n<\/td>\n<td align=\"left\">\n<div>Can be made via registered\u00a0<\/div>\n<div>electronic mail\u00a0<\/div>\n<div>(REM) address\u00a0<\/div>\n<\/td>\n<td align=\"left\">\n<div><a href=\"mailto:infortebilisim@hs01.kep.tr\" target=\"_blank\" rel=\"noopener noreferrer\">infortebilisim@hs01.kep.tr<\/a>\u00a0<\/div>\n<\/td>\n<td align=\"left\" valign=\"top\">\n<div>The requirements shall be met by indicating the information and the documents in the content of the REM message and \u201cPDPL Data Subject Application\u201d shall be written in the subject section.\u00a0<\/div>\n<\/td>\n<\/tr>\n<tr>\n<td align=\"left\">\n<div><b>Application via Electronic Mail Posta (e-mail)<\/b>\u00a0<\/div>\n<\/td>\n<td align=\"left\">\n<div>Can be made via e-mail including the mobile signature\/e-signature.<u>.<\/u>\u00a0<\/div>\n<\/td>\n<td align=\"left\">\n<div><a href=\"mailto:kvkk@inforte.com\" target=\"_blank\" rel=\"noopener noreferrer\">kvkk@inforte.com<\/a>\u00a0<\/div>\n<\/td>\n<td align=\"left\" valign=\"top\">\n<div>The requirements shall be met by indicating the information and the documents in the content of the e-mail message and \u201cPDPL Data Subject Application\u201d shall be written in the subject section.\u00a0<\/div>\n<\/td>\n<\/tr>\n<\/tbody>\n<\/table>\n<div>In case you make an application in line with the procedures and principles outlined in this form, to us, your requests shall be concluded as soon as possible and within thirty days at the latest depending on the nature of your requests for free of charge. However, in case the action causes an expense, the fee, which is indicated in the tariff determined by the Personal Data Protection Board may be requested.\u00a0<\/div>\n<div>\u00a0<\/div>\n<div>Our responses will be delivered to you in writing or via electronic medium. Therefore, please inform us of the channel, through which you would like to be contacted and the relevant information as set forth below.\u00a0<\/div>\n<div>\u00a0<\/div>\n<table border=\"1\" width=\"100%\" cellspacing=\"0\" cellpadding=\"5\">\n<tbody>\n<tr>\n<td colspan=\"4\" align=\"left\">\n<div><b>Name-Surname:<\/b>\u00a0<\/div>\n<div><\/div>\n<\/td>\n<\/tr>\n<tr>\n<td colspan=\"4\" align=\"left\">\n<div><b>Identity Number: (TRIDN, Passport, etc.)<\/b>\u00a0<\/div>\n<div><\/div>\n<\/td>\n<\/tr>\n<tr>\n<td colspan=\"4\" align=\"left\">\n<div><b>Phone<\/b>\u00a0<\/div>\n<div><\/div>\n<\/td>\n<\/tr>\n<tr>\n<td colspan=\"4\" align=\"left\">\n<div><b>Address<\/b>\u00a0<\/div>\n<div><\/div>\n<\/td>\n<\/tr>\n<tr>\n<td colspan=\"4\" align=\"left\">\n<div><b>Rem Address:<\/b>\u00a0<\/div>\n<div><\/div>\n<\/td>\n<\/tr>\n<tr>\n<td colspan=\"4\" align=\"left\">\n<div><b>E-mail:<\/b>\u00a0<\/div>\n<div><\/div>\n<\/td>\n<\/tr>\n<tr>\n<td colspan=\"4\" align=\"left\">\n<div>I would like to receive the response through the method, which I indicated below (Please  choose one)\u00a0<\/div>\n<\/td>\n<\/tr>\n<tr>\n<td colspan=\"2\" align=\"left\">\n<div><b>REM<\/b>\u00a0<\/div>\n<\/td>\n<td width=\"42%\" align=\"left\">\n<div><b>Email<\/b>\u00a0<\/div>\n<\/td>\n<td width=\"10%\" align=\"left\">\n<div><b>REM<\/b>\u00a0<\/div>\n<\/td>\n<\/tr>\n<tr>\n<td colspan=\"2\" align=\"left\">\n<div>(\u00a0\u00a0\u00a0\u00a0 )\u00a0<\/div>\n<\/td>\n<td align=\"left\">\n<div>(\u00a0\u00a0\u00a0\u00a0 )\u00a0<\/div>\n<\/td>\n<td align=\"left\">\n<div>(\u00a0\u00a0\u00a0\u00a0 )\u00a0<\/div>\n<\/td>\n<\/tr>\n<tr>\n<td width=\"47%\"><\/td>\n<td width=\"1%\"><\/td>\n<td><\/td>\n<td><\/td>\n<\/tr>\n<\/tbody>\n<\/table>\n<div>\u00a0<\/div>\n<div>In order for us to be able to evaluate the application, please specify in detail your request within the scope of your rights in Article 11 of the Personal Data Protection Law numbered 6698, which are indicated in the first section of this form.\u00a0<\/div>\n<table border=\"1\" width=\"0\" cellspacing=\"0\" cellpadding=\"5\">\n<tbody>\n<tr>\n<td align=\"left\">\n<div><b>a. Client<\/b>\u00a0<\/div>\n<div><\/div>\n<\/td>\n<td align=\"left\" valign=\"top\">\n<div>a.\u00a0\u00a0\u00a0\u00a0\u00a0\u00a0<b>Customer<\/b>\u00a0<\/div>\n<div>b.\u00a0\u00a0\u00a0\u00a0\u00a0<b>Visitor<\/b>\u00a0<\/div>\n<div>c.\u00a0\u00a0\u00a0\u00a0\u00a0\u00a0<b>Business Partner<\/b>\u00a0<\/div>\n<div>d.\u00a0\u00a0\u00a0\u00a0\u00a0<b>Supplier<\/b>\u00a0<\/div>\n<div>e.\u00a0\u00a0\u00a0\u00a0\u00a0\u00a0<b>Former Employee<\/b>\u00a0<\/div>\n<div>f.\u00a0\u00a0\u00a0\u00a0\u00a0\u00a0<b>Job Applicant\/\u00a0<wbr \/>Sender of a CV<\/b>\u00a0<\/div>\n<div>g.\u00a0\u00a0\u00a0\u00a0\u00a0<b>Other..................<\/b>\u00a0<\/div>\n<\/td>\n<\/tr>\n<tr>\n<td colspan=\"2\" align=\"left\" valign=\"top\">\n<div>Explanation (Information such as a source of relationship, department with which you are communicating, date, term of the relationship, agreement, etc.) :<wbr \/>\u2026\u2026\u2026\u2026\u2026\u2026\u2026\u2026\u2026\u2026\u2026\u2026\u2026\u2026\u2026\u2026\u2026\u2026\u2026\u2026\u2026\u2026\u2026\u2026\u2026\u2026\u2026\u2026\u2026\u2026<wbr \/>\u2026\u2026\u2026\u2026\u2026\u2026\u2026\u2026\u2026\u2026\u2026\u2026\u2026\u2026\u2026\u2026\u2026\u2026\u2026\u2026\u2026\u2026\u2026\u2026\u2026\u2026\u2026\u00a0<\/div>\n<\/td>\n<\/tr>\n<\/tbody>\n<\/table>\n<div>\u00a0<\/div>\n<div>To be able to evaluate the application by you to us, please specify in detail your request within the scope of your rights in Article 11 of the Personal Data Protection Law numbered 6698, which are indicated in the first section of this form.\u00a0\u00a0\u00a0<\/div>\n<div>\u2026\u2026\u2026\u2026\u2026\u2026\u2026\u2026\u2026\u2026\u2026\u2026\u2026\u2026\u2026\u2026\u2026\u2026\u2026\u2026\u2026\u2026\u2026\u2026\u2026\u2026\u2026\u2026\u2026\u2026<wbr \/>\u2026\u2026\u2026\u2026\u2026\u2026\u2026\u2026\u2026\u2026\u2026\u2026\u2026\u2026.\u2026\u2026\u2026\u2026\u2026\u2026\u2026\u2026\u2026\u2026\u2026\u2026\u2026\u2026\u2026<wbr \/>\u2026\u2026\u2026\u2026\u2026\u2026\u2026\u2026\u2026\u2026\u2026\u2026\u2026\u2026\u2026\u2026\u2026\u2026\u2026\u2026\u2026\u2026\u2026\u2026\u2026\u2026\u2026\u2026\u2026\u2026<wbr \/>.\u2026\u2026\u2026\u2026\u2026\u2026\u2026\u2026\u2026\u2026\u2026\u2026\u2026\u2026\u2026\u2026\u2026\u2026\u2026\u2026\u2026\u2026\u2026\u2026\u2026\u2026\u2026\u2026\u2026<wbr \/>\u2026\u2026\u2026\u2026\u2026\u2026\u2026\u2026\u2026\u2026\u2026\u2026\u2026\u2026\u2026\u2026.\u2026\u2026\u2026\u2026\u2026\u2026\u2026\u2026\u2026\u2026\u2026\u2026\u2026<wbr \/>\u2026\u2026\u2026\u2026\u2026\u2026\u2026\u2026\u2026\u2026\u2026\u2026\u2026\u2026\u2026\u2026\u2026\u2026\u2026\u2026\u2026\u2026\u2026\u2026\u2026\u2026\u2026\u2026\u2026\u2026<wbr \/>\u2026\u2026.\u2026\u2026\u2026\u2026\u2026\u2026\u2026\u2026\u2026\u2026\u2026\u2026\u2026\u2026\u2026\u2026\u2026\u2026\u2026\u2026\u2026\u2026\u2026\u2026\u2026\u2026\u2026<wbr \/>\u2026\u2026\u2026\u2026\u2026\u2026\u2026\u2026\u2026\u2026\u2026\u2026\u2026\u2026\u2026\u2026\u2026\u2026\u2026..\u2026\u2026\u2026\u2026\u2026\u2026\u2026\u2026\u2026<wbr \/>\u2026\u2026\u2026\u2026\u2026\u2026\u2026\u2026\u2026\u2026\u2026\u2026\u2026\u2026\u2026\u2026\u2026\u2026\u2026\u2026\u2026\u2026\u2026\u2026\u2026\u2026\u2026\u2026\u2026\u2026<wbr \/>\u2026\u2026\u2026\u2026\u2026\u2026..\u2026\u2026\u2026\u2026\u2026\u2026\u2026\u2026\u2026\u2026\u2026\u2026\u2026\u2026\u2026\u2026\u2026\u2026\u2026\u2026\u2026\u2026<wbr \/>\u2026\u2026\u2026\u2026\u2026\u2026\u2026\u2026\u2026\u2026\u2026\u2026\u2026\u2026\u2026\u2026\u2026\u2026\u2026\u2026\u2026\u2026..\u00a0<\/div>\n<div>\u00a0<\/div>\n<div>\u00a0<\/div>\n<div><b>DATA PROCESSED IN THE COMMUNICATION FORM<\/b>\u00a0<\/div>\n<div>This application form is drawn up to determine your relationship with our Company in order to process your application, respond to the requests in your application, determine your personal data as a data subject and be able to respond to your relevant application accurately and within the legal period to evaluate and conclude your application. Our Company reserves the right to request additional information and documents for the determination of identity and authorization within the scope of the application and the evaluation of the application. It is required that the information and documents about your requests relayed within the scope of your application are relayed by an authorized person and are accurate and up to date. In case of an unauthorized application or that, it is determined that the information and documents are not accurate or up to date, our Company shall not be liable and in such case, our Company reserves the right to decline the application. The information and documents specified in this form and relayed to us shall be processed by our Company in a limited capacity to evaluate, respond, and concluding the application made according to article 13 of the Law. Information received within the scope of the form and the application may be obtained in writing, verbally, and in electronic medium or physical medium. In line with the review conducted within this scope, the relevant information may be shared with the company and its subsidiaries and, for the conclusion of such application, with third persons and companies, from which services are received, such as a law firm. You may use your rights in Article 11 of the Law numbered 6698 by the procedures and under the conditions outlined in this form.\u00a0<\/div>\n<div>\u00a0<\/div>\n<div>Name Surname of the Applicant Data Subject (Owner of Personal Data):\u00a0<\/div>\n<div>Application Date:\u00a0<\/div>\n<div>Signature :<\/div>\n<div class=\"vc_empty_space\"   style=\"height: 10px\" ><span class=\"vc_empty_space_inner\"><\/span><\/div>\n<br \/>\n<a href=\"https:\/\/www.inforte.com\/wp-content\/uploads\/2020\/12\/inforte-ilgli-kisi-basvuru-formu.docx\">DOWNLOAD THE DATA SUBJECT APPLICATION FORM<\/a><br \/>\n<div class=\"vc_empty_space\"   style=\"height: 80px\" ><span class=\"vc_empty_space_inner\"><\/span><\/div>","protected":false},"excerpt":{"rendered":"<p>\u0130LG\u0130L\u0130 K\u0130\u015e\u0130 (K\u0130\u015e\u0130SEL VER\u0130 SAH\u0130B\u0130)\u00a0 K\u0130\u015e\u0130SEL VER\u0130LER\u0130N KORUNMASINA \u0130L\u0130\u015eK\u0130N BA\u015eVURU FORMU\u00a0 \u00a0 6698 say\u0131l\u0131 Ki\u015fisel Verilerin Korunmas\u0131 Kanunu\u2019nun (\u201cKanun\u201d) 11.\u00a0maddesinde say\u0131lan haklar\u0131n\u0131z kapsam\u0131nda yer alan a\u015fa\u011f\u0131daki taleplerinize ili\u015fkin taraf\u0131m\u0131za i\u015fbu\u00a0formda a\u00e7\u0131klanan y\u00f6ntem ve usullerde ba\u015fvuru ger\u00e7ekle\u015ftirebilirsiniz.\u00a0 \u00a0 Veri Sorumlusu:\u00a0Inforte\u00a0Bili\u015fim Anonim \u015eirketi\u00a0 \u00a0 S\u00f6z konusu haklar\u0131n\u0131z\u0131&#8230;<\/p>","protected":false},"author":1,"featured_media":0,"parent":0,"menu_order":0,"comment_status":"closed","ping_status":"closed","template":"","meta":{"_acf_changed":false,"footnotes":""},"class_list":["post-7770","page","type-page","status-publish","hentry"],"acf":[],"yoast_head":"<!-- This site is optimized with the Yoast SEO plugin v25.6 - https:\/\/yoast.com\/wordpress\/plugins\/seo\/ -->\n<title>\u0130lgili Ki\u015fi Ba\u015fvuru Formu - Inforte Bili\u015fim A.\u015e.<\/title>\n<meta name=\"robots\" content=\"index, follow, max-snippet:-1, max-image-preview:large, max-video-preview:-1\" \/>\n<link rel=\"canonical\" href=\"https:\/\/www.inforte.com\/en\/data-subject-application-form\/\" \/>\n<meta property=\"og:locale\" content=\"en_GB\" \/>\n<meta property=\"og:type\" content=\"article\" \/>\n<meta property=\"og:title\" content=\"\u0130lgili Ki\u015fi Ba\u015fvuru Formu - Inforte Bili\u015fim A.\u015e.\" \/>\n<meta property=\"og:description\" content=\"\u0130LG\u0130L\u0130 K\u0130\u015e\u0130 (K\u0130\u015e\u0130SEL VER\u0130 SAH\u0130B\u0130)\u00a0 K\u0130\u015e\u0130SEL VER\u0130LER\u0130N KORUNMASINA \u0130L\u0130\u015eK\u0130N BA\u015eVURU FORMU\u00a0 \u00a0 6698 say\u0131l\u0131 Ki\u015fisel Verilerin Korunmas\u0131 Kanunu\u2019nun (\u201cKanun\u201d) 11.\u00a0maddesinde say\u0131lan haklar\u0131n\u0131z kapsam\u0131nda yer alan a\u015fa\u011f\u0131daki taleplerinize ili\u015fkin taraf\u0131m\u0131za i\u015fbu\u00a0formda a\u00e7\u0131klanan y\u00f6ntem ve usullerde ba\u015fvuru ger\u00e7ekle\u015ftirebilirsiniz.\u00a0 \u00a0 Veri Sorumlusu:\u00a0Inforte\u00a0Bili\u015fim Anonim \u015eirketi\u00a0 \u00a0 S\u00f6z konusu haklar\u0131n\u0131z\u0131...\" \/>\n<meta property=\"og:url\" content=\"https:\/\/www.inforte.com\/en\/data-subject-application-form\/\" \/>\n<meta property=\"og:site_name\" content=\"Inforte Bili\u015fim A.\u015e.\" \/>\n<meta property=\"article:modified_time\" content=\"2020-12-30T11:04:27+00:00\" \/>\n<meta name=\"twitter:card\" content=\"summary_large_image\" \/>\n<meta name=\"twitter:label1\" content=\"Estimated reading time\" \/>\n\t<meta name=\"twitter:data1\" content=\"4 minutes\" \/>\n<script type=\"application\/ld+json\" class=\"yoast-schema-graph\">{\"@context\":\"https:\/\/schema.org\",\"@graph\":[{\"@type\":\"WebPage\",\"@id\":\"https:\/\/www.inforte.com\/ilgili-kisi-basvuru-formu\/\",\"url\":\"https:\/\/www.inforte.com\/ilgili-kisi-basvuru-formu\/\",\"name\":\"\u0130lgili Ki\u015fi Ba\u015fvuru Formu - Inforte Bili\u015fim A.\u015e.\",\"isPartOf\":{\"@id\":\"https:\/\/www.inforte.com\/#website\"},\"datePublished\":\"2020-12-27T11:41:33+00:00\",\"dateModified\":\"2020-12-30T11:04:27+00:00\",\"breadcrumb\":{\"@id\":\"https:\/\/www.inforte.com\/ilgili-kisi-basvuru-formu\/#breadcrumb\"},\"inLanguage\":\"en-GB\",\"potentialAction\":[{\"@type\":\"ReadAction\",\"target\":[\"https:\/\/www.inforte.com\/ilgili-kisi-basvuru-formu\/\"]}]},{\"@type\":\"BreadcrumbList\",\"@id\":\"https:\/\/www.inforte.com\/ilgili-kisi-basvuru-formu\/#breadcrumb\",\"itemListElement\":[{\"@type\":\"ListItem\",\"position\":1,\"name\":\"Ana sayfa\",\"item\":\"https:\/\/www.inforte.com\/\"},{\"@type\":\"ListItem\",\"position\":2,\"name\":\"\u0130lgili Ki\u015fi Ba\u015fvuru Formu\"}]},{\"@type\":\"WebSite\",\"@id\":\"https:\/\/www.inforte.com\/#website\",\"url\":\"https:\/\/www.inforte.com\/\",\"name\":\"Inforte Bili\u015fim A.\u015e.\",\"description\":\"arbor, DDOS, spectrum, visibility, availability, forescout, nac, orchestration, network control, iot security, netscout, performans monitor, packet broker, tap, services assurance, centrify, privilage, access management, password vault, idendity access management, session recording\",\"publisher\":{\"@id\":\"https:\/\/www.inforte.com\/#organization\"},\"potentialAction\":[{\"@type\":\"SearchAction\",\"target\":{\"@type\":\"EntryPoint\",\"urlTemplate\":\"https:\/\/www.inforte.com\/?s={search_term_string}\"},\"query-input\":{\"@type\":\"PropertyValueSpecification\",\"valueRequired\":true,\"valueName\":\"search_term_string\"}}],\"inLanguage\":\"en-GB\"},{\"@type\":\"Organization\",\"@id\":\"https:\/\/www.inforte.com\/#organization\",\"name\":\"Inforte Bili\u015fim A.\u015e.\",\"url\":\"https:\/\/www.inforte.com\/\",\"logo\":{\"@type\":\"ImageObject\",\"inLanguage\":\"en-GB\",\"@id\":\"https:\/\/www.inforte.com\/#\/schema\/logo\/image\/\",\"url\":\"https:\/\/www.inforte.com\/wp-content\/uploads\/2018\/06\/logo.png\",\"contentUrl\":\"https:\/\/www.inforte.com\/wp-content\/uploads\/2018\/06\/logo.png\",\"width\":286,\"height\":180,\"caption\":\"Inforte Bili\u015fim A.\u015e.\"},\"image\":{\"@id\":\"https:\/\/www.inforte.com\/#\/schema\/logo\/image\/\"}}]}<\/script>\n<!-- \/ Yoast SEO plugin. -->","yoast_head_json":{"title":"\u0130lgili Ki\u015fi Ba\u015fvuru Formu - Inforte Bili\u015fim A.\u015e.","robots":{"index":"index","follow":"follow","max-snippet":"max-snippet:-1","max-image-preview":"max-image-preview:large","max-video-preview":"max-video-preview:-1"},"canonical":"https:\/\/www.inforte.com\/en\/data-subject-application-form\/","og_locale":"en_GB","og_type":"article","og_title":"\u0130lgili Ki\u015fi Ba\u015fvuru Formu - Inforte Bili\u015fim A.\u015e.","og_description":"\u0130LG\u0130L\u0130 K\u0130\u015e\u0130 (K\u0130\u015e\u0130SEL VER\u0130 SAH\u0130B\u0130)\u00a0 K\u0130\u015e\u0130SEL VER\u0130LER\u0130N KORUNMASINA \u0130L\u0130\u015eK\u0130N BA\u015eVURU FORMU\u00a0 \u00a0 6698 say\u0131l\u0131 Ki\u015fisel Verilerin Korunmas\u0131 Kanunu\u2019nun (\u201cKanun\u201d) 11.\u00a0maddesinde say\u0131lan haklar\u0131n\u0131z kapsam\u0131nda yer alan a\u015fa\u011f\u0131daki taleplerinize ili\u015fkin taraf\u0131m\u0131za i\u015fbu\u00a0formda a\u00e7\u0131klanan y\u00f6ntem ve usullerde ba\u015fvuru ger\u00e7ekle\u015ftirebilirsiniz.\u00a0 \u00a0 Veri Sorumlusu:\u00a0Inforte\u00a0Bili\u015fim Anonim \u015eirketi\u00a0 \u00a0 S\u00f6z konusu haklar\u0131n\u0131z\u0131...","og_url":"https:\/\/www.inforte.com\/en\/data-subject-application-form\/","og_site_name":"Inforte Bili\u015fim A.\u015e.","article_modified_time":"2020-12-30T11:04:27+00:00","twitter_card":"summary_large_image","twitter_misc":{"Estimated reading time":"4 minutes"},"schema":{"@context":"https:\/\/schema.org","@graph":[{"@type":"WebPage","@id":"https:\/\/www.inforte.com\/ilgili-kisi-basvuru-formu\/","url":"https:\/\/www.inforte.com\/ilgili-kisi-basvuru-formu\/","name":"\u0130lgili Ki\u015fi Ba\u015fvuru Formu - Inforte Bili\u015fim A.\u015e.","isPartOf":{"@id":"https:\/\/www.inforte.com\/#website"},"datePublished":"2020-12-27T11:41:33+00:00","dateModified":"2020-12-30T11:04:27+00:00","breadcrumb":{"@id":"https:\/\/www.inforte.com\/ilgili-kisi-basvuru-formu\/#breadcrumb"},"inLanguage":"en-GB","potentialAction":[{"@type":"ReadAction","target":["https:\/\/www.inforte.com\/ilgili-kisi-basvuru-formu\/"]}]},{"@type":"BreadcrumbList","@id":"https:\/\/www.inforte.com\/ilgili-kisi-basvuru-formu\/#breadcrumb","itemListElement":[{"@type":"ListItem","position":1,"name":"Ana sayfa","item":"https:\/\/www.inforte.com\/"},{"@type":"ListItem","position":2,"name":"\u0130lgili Ki\u015fi Ba\u015fvuru Formu"}]},{"@type":"WebSite","@id":"https:\/\/www.inforte.com\/#website","url":"https:\/\/www.inforte.com\/","name":"Inforte Bili\u015fim A.\u015e.","description":"arbor, DDOS, spectrum, visibility, availability, forescout, nac, orchestration, network control, iot security, netscout, performans monitor, packet broker, tap, services assurance, centrify, privilage, access management, password vault, idendity access management, session recording","publisher":{"@id":"https:\/\/www.inforte.com\/#organization"},"potentialAction":[{"@type":"SearchAction","target":{"@type":"EntryPoint","urlTemplate":"https:\/\/www.inforte.com\/?s={search_term_string}"},"query-input":{"@type":"PropertyValueSpecification","valueRequired":true,"valueName":"search_term_string"}}],"inLanguage":"en-GB"},{"@type":"Organization","@id":"https:\/\/www.inforte.com\/#organization","name":"Inforte Bili\u015fim A.\u015e.","url":"https:\/\/www.inforte.com\/","logo":{"@type":"ImageObject","inLanguage":"en-GB","@id":"https:\/\/www.inforte.com\/#\/schema\/logo\/image\/","url":"https:\/\/www.inforte.com\/wp-content\/uploads\/2018\/06\/logo.png","contentUrl":"https:\/\/www.inforte.com\/wp-content\/uploads\/2018\/06\/logo.png","width":286,"height":180,"caption":"Inforte Bili\u015fim A.\u015e."},"image":{"@id":"https:\/\/www.inforte.com\/#\/schema\/logo\/image\/"}}]}},"_links":{"self":[{"href":"https:\/\/www.inforte.com\/en\/wp-json\/wp\/v2\/pages\/7770"}],"collection":[{"href":"https:\/\/www.inforte.com\/en\/wp-json\/wp\/v2\/pages"}],"about":[{"href":"https:\/\/www.inforte.com\/en\/wp-json\/wp\/v2\/types\/page"}],"author":[{"embeddable":true,"href":"https:\/\/www.inforte.com\/en\/wp-json\/wp\/v2\/users\/1"}],"replies":[{"embeddable":true,"href":"https:\/\/www.inforte.com\/en\/wp-json\/wp\/v2\/comments?post=7770"}],"version-history":[{"count":8,"href":"https:\/\/www.inforte.com\/en\/wp-json\/wp\/v2\/pages\/7770\/revisions"}],"predecessor-version":[{"id":8388,"href":"https:\/\/www.inforte.com\/en\/wp-json\/wp\/v2\/pages\/7770\/revisions\/8388"}],"wp:attachment":[{"href":"https:\/\/www.inforte.com\/en\/wp-json\/wp\/v2\/media?parent=7770"}],"curies":[{"name":"wp","href":"https:\/\/api.w.org\/{rel}","templated":true}]}}