{"id":7692,"date":"2020-12-07T17:50:26","date_gmt":"2020-12-07T14:50:26","guid":{"rendered":"https:\/\/www.inforte.com\/?page_id=7692"},"modified":"2025-04-24T16:48:22","modified_gmt":"2025-04-24T13:48:22","slug":"island","status":"publish","type":"page","link":"https:\/\/www.inforte.com\/en\/island\/","title":{"rendered":"Island"},"content":{"rendered":"<div class=\"vc_row wpb_row vc_row-fluid qodef-section qodef-content-aligment-center qodef-grid-section\" style=\"\"><div class=\"clearfix qodef-section-inner\"><div class=\"qodef-section-inner-margin clearfix\"><div class=\"wpb_column vc_column_container vc_col-sm-12\"><div class=\"vc_column-inner\"><div class=\"wpb_wrapper\"><div class=\"vc_empty_space\"   style=\"height: 30px\" ><span class=\"vc_empty_space_inner\"><\/span><\/div>\n<div class=\"vc_row wpb_row vc_inner vc_row-fluid qodef-section qodef-content-aligment-left\" style=\"\"><div class=\"qodef-full-section-inner\"><div class=\"wpb_column vc_column_container vc_col-sm-6\"><div class=\"vc_column-inner\"><div class=\"wpb_wrapper\">\n\t<div  class=\"wpb_single_image wpb_content_element vc_align_left\">\n\t\t\n\t\t<figure class=\"wpb_wrapper vc_figure\">\n\t\t\t<div class=\"vc_single_image-wrapper   vc_box_border_grey\"><img fetchpriority=\"high\" decoding=\"async\" width=\"300\" height=\"279\" src=\"https:\/\/www.inforte.com\/wp-content\/uploads\/2024\/04\/Logo_Vertical_for-lightwhite-BG-e1714460057196-300x279.png\" class=\"vc_single_image-img attachment-medium\" alt=\"\" \/><\/div>\n\t\t<\/figure>\n\t<\/div>\n<\/div><\/div><\/div><div class=\"wpb_column vc_column_container vc_col-sm-6\"><div class=\"vc_column-inner\"><div class=\"wpb_wrapper\">\n\t<div class=\"wpb_text_column wpb_content_element\" >\n\t\t<div class=\"wpb_wrapper\">\n\t\t\t<h2><strong data-start=\"145\" data-end=\"221\"><span class=\"_fadeIn_4f9by_7\">Taray\u0131c\u0131y\u0131 <\/span><span class=\"_fadeIn_4f9by_7\">Kontrol <\/span><span class=\"_fadeIn_4f9by_7\">Noktas\u0131na <\/span><span class=\"_fadeIn_4f9by_7\">D\u00f6n\u00fc\u015ft\u00fcr\u00fcn<\/span><span class=\"_fadeIn_4f9by_7\">, <\/span><span class=\"_fadeIn_4f9by_7\">G\u00fcvenli\u011fi <\/span><span class=\"_fadeIn_4f9by_7\">Kapsaml\u0131 <\/span><span class=\"_fadeIn_4f9by_7\">Hale <\/span><span class=\"_fadeIn_4f9by_7\">Getirin<\/span><\/strong><span class=\"_fadeIn_4f9by_7\"><br data-start=\"221\" data-end=\"224\" \/><\/span><\/h2>\n\n\t\t<\/div>\n\t<\/div>\n<div class=\"vc_empty_space\"   style=\"height: 28px\" ><span class=\"vc_empty_space_inner\"><\/span><\/div>\n\n\t<div class=\"wpb_text_column wpb_content_element\" >\n\t\t<div class=\"wpb_wrapper\">\n\t\t\t<p>Island Enterprise Browser is a solution that provides data security, access controls, and comprehensive visibility and control in enterprise web browsers.<\/p>\n<p>&nbsp;<\/p>\n<p>It prevents data leaks by using a unique virtualization technology to protect sensitive data. Administrators safeguard corporate resources by determining which websites and applications can be accessed.<\/p>\n<p>&nbsp;<\/p>\n<p>Island enables IT teams to have full control by tracking and reporting all web browser activity. It offers a Chrome-based browsing experience, allowing users to perform their daily tasks seamlessly without disruption.<\/p>\n\n\t\t<\/div>\n\t<\/div>\n<a href=\"https:\/\/www.island.io\/\" target=\"_blank\" style=\"margin: 10px 0px 0px 0\" class=\"qodef-btn qodef-btn-medium qodef-btn-solid qodef-btn-icon qodef-btn-hover-animation\"  >\n            <span    class=\"qodef-animation-overlay\"><\/span>\n        <span class=\"qodef-btn-text\">WEBSITE<\/span>\n    <span class=\"qodef-btn-text-icon\"><i class=\"qodef-icon-font-awesome fa fa-link\" ><\/i><\/span>\n<\/a><\/div><\/div><\/div><\/div><\/div><div class=\"vc_empty_space\"   style=\"height: 30px\" ><span class=\"vc_empty_space_inner\"><\/span><\/div>\n<\/div><\/div><\/div><\/div><\/div><\/div><div class=\"vc_row wpb_row vc_row-fluid qodef-section vc_custom_1529405728101 qodef-content-aligment-left\" style=\"\"><div class=\"clearfix qodef-full-section-inner\"><div class=\"wpb_column vc_column_container vc_col-sm-12\"><div class=\"vc_column-inner\"><div class=\"wpb_wrapper\"><div class=\"vc_empty_space\"   style=\"height: 50px\" ><span class=\"vc_empty_space_inner\"><\/span><\/div>\n<div class=\"vc_row wpb_row vc_inner vc_row-fluid qodef-section qodef-content-aligment-left qodef-grid-section\" style=\"\"><div class=\"qodef-section-inner\"><div class=\"qodef-section-inner-margin clearfix\"><div class=\"wpb_column vc_column_container vc_col-sm-6\"><div class=\"vc_column-inner\"><div class=\"wpb_wrapper\"><div class=\"qodef-accordion-holder clearfix qodef-toggle qodef-boxed\">\n\t<h4 class=\"clearfix qodef-title-holder\" style=\"background-color:#ffffff;border-color:#ffffff\">\n\t<span class=\"qodef-accordion-mark qodef-left-mark\">\n\t\t<span class=\"qodef-accordion-mark-icon\">\n\t\t\t<span class=\"icon_plus\"><\/span>\n\t\t\t<span class=\"icon_minus-06\"><\/span>\n\t\t<\/span>\n\t<\/span>\n\t<span class=\"qodef-tab-title\">\n\t\t<span class=\"qodef-tab-title-inner\">\n\t\t\tDocuments\t\t<\/span>\n\t<\/span>\n<\/h4>\n<div class=\"qodef-accordion-content\">\n\t<div class=\"qodef-accordion-content-inner\">\n\t\t\n\t<div class=\"wpb_raw_code wpb_content_element wpb_raw_html\" >\n\t\t<div class=\"wpb_wrapper\">\n\t\t\t<div style=\"width:50%;float:left;padding-bottom:15px;\">\n<p>New Enterprise Browser<\/p>\n<a href=\"https:\/\/www.inforte.com.tr\/wp-content\/uploads\/2024\/05\/New-Enterprise-Browser.pdf\" target=\"_blank\" ><img decoding=\"async\" src=\"https:\/\/www.inforte.com.tr\/wp-content\/uploads\/2024\/03\/PDF-1-e1709394213969.png\" border=\"0\"><\/a>\n<\/div>\n\t\t<\/div>\n\t<\/div>\n\t<\/div>\n<\/div>\n<\/div><\/div><\/div><\/div><div class=\"wpb_column vc_column_container vc_col-sm-6\"><div class=\"vc_column-inner\"><div class=\"wpb_wrapper\"><div class=\"qodef-accordion-holder clearfix qodef-toggle qodef-boxed\">\n\t<h4 class=\"clearfix qodef-title-holder\" style=\"background-color:#ffffff;border-color:#ffffff\">\n\t<span class=\"qodef-accordion-mark qodef-left-mark\">\n\t\t<span class=\"qodef-accordion-mark-icon\">\n\t\t\t<span class=\"icon_plus\"><\/span>\n\t\t\t<span class=\"icon_minus-06\"><\/span>\n\t\t<\/span>\n\t<\/span>\n\t<span class=\"qodef-tab-title\">\n\t\t<span class=\"qodef-tab-title-inner\">\n\t\t\tBrochures\t\t<\/span>\n\t<\/span>\n<\/h4>\n<div class=\"qodef-accordion-content\">\n\t<div class=\"qodef-accordion-content-inner\">\n\t\t\n\t<div class=\"wpb_raw_code wpb_content_element wpb_raw_html\" >\n\t\t<div class=\"wpb_wrapper\">\n\t\t\t<div style=\"width:50%;float:left;padding-bottom:15px;\">\n<p>Island One Pager<\/p>\n<a href=\"https:\/\/www.inforte.com.tr\/wp-content\/uploads\/2024\/05\/Island-One-Pager.pdf\" target=\"_blank\" ><img decoding=\"async\" src=\"https:\/\/www.inforte.com.tr\/wp-content\/uploads\/2024\/03\/PDF-1-e1709394213969.png\" border=\"0\"><\/a>\n<\/div>\n\n\t\t<\/div>\n\t<\/div>\n\t<\/div>\n<\/div>\n<\/div><\/div><\/div><\/div><\/div><\/div><\/div><div class=\"vc_empty_space\"   style=\"height: 24px\" ><span class=\"vc_empty_space_inner\"><\/span><\/div>\n<div class=\"vc_row wpb_row vc_inner vc_row-fluid qodef-section qodef-content-aligment-left qodef-grid-section\" style=\"\"><div class=\"qodef-section-inner\"><div class=\"qodef-section-inner-margin clearfix\"><div class=\"wpb_column vc_column_container vc_col-sm-6\"><div class=\"vc_column-inner\"><div class=\"wpb_wrapper\"><div class=\"qodef-accordion-holder clearfix qodef-toggle qodef-boxed\">\n\t<h4 class=\"clearfix qodef-title-holder\" style=\"background-color:#ffffff;border-color:#ffffff\">\n\t<span class=\"qodef-accordion-mark qodef-left-mark\">\n\t\t<span class=\"qodef-accordion-mark-icon\">\n\t\t\t<span class=\"icon_plus\"><\/span>\n\t\t\t<span class=\"icon_minus-06\"><\/span>\n\t\t<\/span>\n\t<\/span>\n\t<span class=\"qodef-tab-title\">\n\t\t<span class=\"qodef-tab-title-inner\">\n\t\t\tVideos\t\t<\/span>\n\t<\/span>\n<\/h4>\n<div class=\"qodef-accordion-content\">\n\t<div class=\"qodef-accordion-content-inner\">\n\t\t\n\t<div class=\"wpb_video_widget wpb_content_element vc_clearfix   vc_video-aspect-ratio-169 vc_video-el-width-100 vc_video-align-left\" >\n\t\t<div class=\"wpb_wrapper\">\n\t\t\t<h2 class=\"wpb_heading wpb_video_heading\">Introducing Island. The Enterprise Browser.<\/h2>\n\t\t\t<div class=\"wpb_video_wrapper\"><iframe title=\"Introducing Island. The Enterprise Browser.\" width=\"1100\" height=\"619\" src=\"https:\/\/www.youtube.com\/embed\/MYvm7XAZgb4?feature=oembed\" frameborder=\"0\" allow=\"accelerometer; autoplay; clipboard-write; encrypted-media; gyroscope; picture-in-picture; web-share\" referrerpolicy=\"strict-origin-when-cross-origin\" allowfullscreen><\/iframe><\/div>\n\t\t<\/div>\n\t<\/div>\n<div class=\"vc_empty_space\"   style=\"height: 20px\" ><span class=\"vc_empty_space_inner\"><\/span><\/div>\n\n\t<div class=\"wpb_video_widget wpb_content_element vc_clearfix   vc_video-aspect-ratio-169 vc_video-el-width-100 vc_video-align-left\" >\n\t\t<div class=\"wpb_wrapper\">\n\t\t\t<h2 class=\"wpb_heading wpb_video_heading\">Island Explainer Video Teaser<\/h2>\n\t\t\t<div class=\"wpb_video_wrapper\"><iframe title=\"Island Explainer Video Teaser\" width=\"1100\" height=\"619\" src=\"https:\/\/www.youtube.com\/embed\/lwVwrh_KBeM?feature=oembed\" frameborder=\"0\" allow=\"accelerometer; autoplay; clipboard-write; encrypted-media; gyroscope; picture-in-picture; web-share\" referrerpolicy=\"strict-origin-when-cross-origin\" allowfullscreen><\/iframe><\/div>\n\t\t<\/div>\n\t<\/div>\n<div class=\"vc_empty_space\"   style=\"height: 20px\" ><span class=\"vc_empty_space_inner\"><\/span><\/div>\n\n\t<div class=\"wpb_video_widget wpb_content_element vc_clearfix   vc_video-aspect-ratio-169 vc_video-el-width-100 vc_video-align-left\" >\n\t\t<div class=\"wpb_wrapper\">\n\t\t\t<h2 class=\"wpb_heading wpb_video_heading\">The Browser Renaissance: Reshaping the Enterprise Browser Landscape<\/h2>\n\t\t\t<div class=\"wpb_video_wrapper\"><iframe title=\"The Browser Renaissance: Reshaping the Enterprise Browser Landscape\" width=\"1100\" height=\"619\" src=\"https:\/\/www.youtube.com\/embed\/cIOw53iXQFU?feature=oembed\" frameborder=\"0\" allow=\"accelerometer; autoplay; clipboard-write; encrypted-media; gyroscope; picture-in-picture; web-share\" referrerpolicy=\"strict-origin-when-cross-origin\" allowfullscreen><\/iframe><\/div>\n\t\t<\/div>\n\t<\/div>\n<div class=\"vc_empty_space\"   style=\"height: 20px\" ><span class=\"vc_empty_space_inner\"><\/span><\/div>\n\t<\/div>\n<\/div>\n<\/div><\/div><\/div><\/div><div class=\"wpb_column vc_column_container vc_col-sm-6\"><div class=\"vc_column-inner\"><div class=\"wpb_wrapper\"><div class=\"qodef-accordion-holder clearfix qodef-toggle qodef-boxed\">\n\t<h4 class=\"clearfix qodef-title-holder\" style=\"background-color:#ffffff;border-color:#ffffff\">\n\t<span class=\"qodef-accordion-mark qodef-left-mark\">\n\t\t<span class=\"qodef-accordion-mark-icon\">\n\t\t\t<span class=\"icon_plus\"><\/span>\n\t\t\t<span class=\"icon_minus-06\"><\/span>\n\t\t<\/span>\n\t<\/span>\n\t<span class=\"qodef-tab-title\">\n\t\t<span class=\"qodef-tab-title-inner\">\n\t\t\tRequest Form\t\t<\/span>\n\t<\/span>\n<\/h4>\n<div class=\"qodef-accordion-content\">\n\t<div class=\"qodef-accordion-content-inner\">\n\t\t\n<div class=\"wpcf7 no-js\" id=\"wpcf7-f616-o1\" lang=\"en-US\" dir=\"ltr\" data-wpcf7-id=\"616\">\n<div class=\"screen-reader-response\"><p role=\"status\" aria-live=\"polite\" aria-atomic=\"true\"><\/p> <ul><\/ul><\/div>\n<form action=\"\/en\/wp-json\/wp\/v2\/pages\/7692#wpcf7-f616-o1\" method=\"post\" class=\"wpcf7-form init\" aria-label=\"Contact form\" novalidate=\"novalidate\" data-status=\"init\" data-trp-original-action=\"\/en\/wp-json\/wp\/v2\/pages\/7692#wpcf7-f616-o1\">\n<div style=\"display: none;\">\n<input type=\"hidden\" name=\"_wpcf7\" value=\"616\" \/>\n<input type=\"hidden\" name=\"_wpcf7_version\" value=\"6.0.6\" \/>\n<input type=\"hidden\" name=\"_wpcf7_locale\" value=\"en_US\" \/>\n<input type=\"hidden\" name=\"_wpcf7_unit_tag\" value=\"wpcf7-f616-o1\" \/>\n<input type=\"hidden\" name=\"_wpcf7_container_post\" value=\"0\" \/>\n<input type=\"hidden\" name=\"_wpcf7_posted_data_hash\" value=\"\" \/>\n<input type=\"hidden\" name=\"_wpcf7_recaptcha_response\" value=\"\" \/>\n<\/div>\n<div class=\"qodef-two-columns-50-50\">\n\t<div class=\"qodef-two-columns-50-50-inner\">\n\t\t<div class=\"qodef-column\">\n\t\t\t<div class=\"qodef-column-inner\">\n\t\t\t\t<p><span class=\"qodef-input-title\">Name<\/span><br \/>\n<span class=\"wpcf7-form-control-wrap\" data-name=\"your-name\"><input size=\"40\" maxlength=\"400\" class=\"wpcf7-form-control wpcf7-text wpcf7-validates-as-required\" aria-required=\"true\" aria-invalid=\"false\" value=\"\" type=\"text\" name=\"your-name\" \/><\/span>\n\t\t\t\t<\/p>\n\t\t\t<\/div>\n\t\t<\/div>\n\t\t<div class=\"qodef-column\">\n\t\t\t<div class=\"qodef-column-inner\">\n\t\t\t\t<p><span class=\"qodef-input-title\">Subject<\/span><br \/>\n<span class=\"wpcf7-form-control-wrap\" data-name=\"your-email\"><input size=\"40\" maxlength=\"400\" class=\"wpcf7-form-control wpcf7-email wpcf7-validates-as-required wpcf7-text wpcf7-validates-as-email\" aria-required=\"true\" aria-invalid=\"false\" value=\"\" type=\"email\" name=\"your-email\" \/><\/span>\n\t\t\t\t<\/p>\n\t\t\t<\/div>\n\t\t<\/div>\n\t<\/div>\n<\/div>\n<div>\n\t<p><span class=\"qodef-input-title\">Subject<\/span><br \/>\n<span class=\"wpcf7-form-control-wrap\" data-name=\"your-subject\"><input size=\"40\" maxlength=\"400\" class=\"wpcf7-form-control wpcf7-text wpcf7-validates-as-required\" aria-required=\"true\" aria-invalid=\"false\" value=\"\" type=\"text\" name=\"your-subject\" \/><\/span>\n\t<\/p>\n<\/div>\n<div>\n\t<p><span class=\"qodef-input-title\">Message<\/span><br \/>\n<span class=\"wpcf7-form-control-wrap\" data-name=\"your-message\"><textarea cols=\"40\" rows=\"10\" maxlength=\"2000\" class=\"wpcf7-form-control wpcf7-textarea\" aria-invalid=\"false\" name=\"your-message\"><\/textarea><\/span>\n\t<\/p>\n<\/div>\n<div>\n\t<div class=\"c4wp_captcha_field\" style=\"margin-bottom: 10px;\"><div id=\"c4wp_captcha_field_1\" class=\"c4wp_captcha_field_div\"><\/div><\/div><span class=\"wpcf7-form-control-wrap g-recaptcha-response\"><span class=\"wpcf7-form-control\"><\/span><\/span>\n\t<\/p>\n<\/div>\n<div style=\"padding-bottom:20px;\">\n\t<p>Inforte Bili\u015fim A.\u015e. taraf\u0131ndan i\u015fbu form ile elde edilen ki\u015fisel verileriniz esas olarak taleplerin de\u011ferlendirilmesi ve mal\/hizmet sat\u0131\u015f s\u00fcre\u00e7lerinin y\u00fcr\u00fct\u00fclmesi ama\u00e7lar\u0131yla i\u015flenebilecek ve yurt d\u0131\u015f\u0131nda yerle\u015fik hosting firmam\u0131za aktar\u0131labilecektir. Mevzuat kapsam\u0131ndaki haklar\u0131n\u0131z ile ilgili di\u011fer detaylara ili\u015fkin ayd\u0131nlatma metnine <a href=\"https:\/\/www.inforte.com\/en\/data-protection-notice-regarding-the-personal-data-processed-in-the-request-form\/\" target=\"_blank\"><b>buradan<\/b><\/a> <a href=\"https:\/\/www.inforte.com\/en\/cookie-policy\/\" target=\"_blank\" rel=\"noopener\">Cookie Policy<\/a>.\n\t<\/p>\n<\/div>\n<div>\n\t<p><input class=\"wpcf7-form-control wpcf7-submit has-spinner\" type=\"submit\" value=\"SEND\" \/>\n\t<\/p>\n<\/div><div class=\"wpcf7-response-output\" aria-hidden=\"true\"><\/div>\n<input type=\"hidden\" name=\"trp-form-language\" value=\"en\"\/><\/form>\n<\/div>\n\t<\/div>\n<\/div>\n<\/div><\/div><\/div><\/div><\/div><\/div><\/div><div class=\"vc_empty_space\"   style=\"height: 50px\" ><span class=\"vc_empty_space_inner\"><\/span><\/div>\n<\/div><\/div><\/div><\/div><\/div>","protected":false},"excerpt":{"rendered":"Taray\u0131c\u0131y\u0131 Kontrol Noktas\u0131na D\u00f6n\u00fc\u015ft\u00fcr\u00fcn, G\u00fcvenli\u011fi Kapsaml\u0131 Hale Getirin Island Enterprise Browser, kurumsal web taray\u0131c\u0131larda veri g\u00fcvenli\u011fi, eri\u015fim kontrolleri ve kapsaml\u0131 g\u00f6r\u00fcn\u00fcrl\u00fck ve kontrol sa\u011flayan bir \u00e7\u00f6z\u00fcmd\u00fcr. &nbsp; Hassas verileri korumak i\u00e7in benzersiz bir sanalla\u015ft\u0131rma teknolojisi kullanarak veri s\u0131z\u0131nt\u0131lar\u0131n\u0131 \u00f6nler. Y\u00f6neticiler, hangi web sitelerine ve uygulamalara...","protected":false},"author":1,"featured_media":0,"parent":0,"menu_order":0,"comment_status":"closed","ping_status":"closed","template":"full-width.php","meta":{"_acf_changed":false,"footnotes":""},"class_list":["post-7692","page","type-page","status-publish","hentry"],"acf":[],"yoast_head":"<!-- This site is optimized with the Yoast SEO plugin v25.6 - https:\/\/yoast.com\/wordpress\/plugins\/seo\/ -->\n<title>Island - Inforte Bili\u015fim A.\u015e.<\/title>\n<meta name=\"robots\" content=\"index, follow, max-snippet:-1, max-image-preview:large, max-video-preview:-1\" \/>\n<link rel=\"canonical\" href=\"https:\/\/www.inforte.com\/en\/island\/\" \/>\n<meta property=\"og:locale\" content=\"en_GB\" \/>\n<meta property=\"og:type\" content=\"article\" \/>\n<meta property=\"og:title\" content=\"Island - Inforte Bili\u015fim A.\u015e.\" \/>\n<meta property=\"og:url\" content=\"https:\/\/www.inforte.com\/en\/island\/\" \/>\n<meta property=\"og:site_name\" content=\"Inforte Bili\u015fim A.\u015e.\" \/>\n<meta property=\"article:modified_time\" content=\"2025-04-24T13:48:22+00:00\" \/>\n<meta name=\"twitter:card\" content=\"summary_large_image\" \/>\n<meta name=\"twitter:label1\" content=\"Estimated reading time\" \/>\n\t<meta name=\"twitter:data1\" content=\"1 minute\" \/>\n<script type=\"application\/ld+json\" class=\"yoast-schema-graph\">{\"@context\":\"https:\/\/schema.org\",\"@graph\":[{\"@type\":\"WebPage\",\"@id\":\"https:\/\/www.inforte.com\/island\/\",\"url\":\"https:\/\/www.inforte.com\/island\/\",\"name\":\"Island - Inforte Bili\u015fim A.\u015e.\",\"isPartOf\":{\"@id\":\"https:\/\/www.inforte.com\/#website\"},\"datePublished\":\"2020-12-07T14:50:26+00:00\",\"dateModified\":\"2025-04-24T13:48:22+00:00\",\"breadcrumb\":{\"@id\":\"https:\/\/www.inforte.com\/island\/#breadcrumb\"},\"inLanguage\":\"en-GB\",\"potentialAction\":[{\"@type\":\"ReadAction\",\"target\":[\"https:\/\/www.inforte.com\/island\/\"]}]},{\"@type\":\"BreadcrumbList\",\"@id\":\"https:\/\/www.inforte.com\/island\/#breadcrumb\",\"itemListElement\":[{\"@type\":\"ListItem\",\"position\":1,\"name\":\"Ana sayfa\",\"item\":\"https:\/\/www.inforte.com\/\"},{\"@type\":\"ListItem\",\"position\":2,\"name\":\"Island\"}]},{\"@type\":\"WebSite\",\"@id\":\"https:\/\/www.inforte.com\/#website\",\"url\":\"https:\/\/www.inforte.com\/\",\"name\":\"Inforte Bili\u015fim A.\u015e.\",\"description\":\"arbor, DDOS, spectrum, visibility, availability, forescout, nac, orchestration, network control, iot security, netscout, performans monitor, packet broker, tap, services assurance, centrify, privilage, access management, password vault, idendity access management, session recording\",\"publisher\":{\"@id\":\"https:\/\/www.inforte.com\/#organization\"},\"potentialAction\":[{\"@type\":\"SearchAction\",\"target\":{\"@type\":\"EntryPoint\",\"urlTemplate\":\"https:\/\/www.inforte.com\/?s={search_term_string}\"},\"query-input\":{\"@type\":\"PropertyValueSpecification\",\"valueRequired\":true,\"valueName\":\"search_term_string\"}}],\"inLanguage\":\"en-GB\"},{\"@type\":\"Organization\",\"@id\":\"https:\/\/www.inforte.com\/#organization\",\"name\":\"Inforte Bili\u015fim A.\u015e.\",\"url\":\"https:\/\/www.inforte.com\/\",\"logo\":{\"@type\":\"ImageObject\",\"inLanguage\":\"en-GB\",\"@id\":\"https:\/\/www.inforte.com\/#\/schema\/logo\/image\/\",\"url\":\"https:\/\/www.inforte.com\/wp-content\/uploads\/2018\/06\/logo.png\",\"contentUrl\":\"https:\/\/www.inforte.com\/wp-content\/uploads\/2018\/06\/logo.png\",\"width\":286,\"height\":180,\"caption\":\"Inforte Bili\u015fim A.\u015e.\"},\"image\":{\"@id\":\"https:\/\/www.inforte.com\/#\/schema\/logo\/image\/\"}}]}<\/script>\n<!-- \/ Yoast SEO plugin. -->","yoast_head_json":{"title":"Island - Inforte Bili\u015fim A.\u015e.","robots":{"index":"index","follow":"follow","max-snippet":"max-snippet:-1","max-image-preview":"max-image-preview:large","max-video-preview":"max-video-preview:-1"},"canonical":"https:\/\/www.inforte.com\/en\/island\/","og_locale":"en_GB","og_type":"article","og_title":"Island - Inforte Bili\u015fim A.\u015e.","og_url":"https:\/\/www.inforte.com\/en\/island\/","og_site_name":"Inforte Bili\u015fim A.\u015e.","article_modified_time":"2025-04-24T13:48:22+00:00","twitter_card":"summary_large_image","twitter_misc":{"Estimated reading time":"1 minute"},"schema":{"@context":"https:\/\/schema.org","@graph":[{"@type":"WebPage","@id":"https:\/\/www.inforte.com\/island\/","url":"https:\/\/www.inforte.com\/island\/","name":"Island - Inforte Bili\u015fim A.\u015e.","isPartOf":{"@id":"https:\/\/www.inforte.com\/#website"},"datePublished":"2020-12-07T14:50:26+00:00","dateModified":"2025-04-24T13:48:22+00:00","breadcrumb":{"@id":"https:\/\/www.inforte.com\/island\/#breadcrumb"},"inLanguage":"en-GB","potentialAction":[{"@type":"ReadAction","target":["https:\/\/www.inforte.com\/island\/"]}]},{"@type":"BreadcrumbList","@id":"https:\/\/www.inforte.com\/island\/#breadcrumb","itemListElement":[{"@type":"ListItem","position":1,"name":"Ana sayfa","item":"https:\/\/www.inforte.com\/"},{"@type":"ListItem","position":2,"name":"Island"}]},{"@type":"WebSite","@id":"https:\/\/www.inforte.com\/#website","url":"https:\/\/www.inforte.com\/","name":"Inforte Bili\u015fim A.\u015e.","description":"arbor, DDOS, spectrum, visibility, availability, forescout, nac, orchestration, network control, iot security, netscout, performans monitor, packet broker, tap, services assurance, centrify, privilage, access management, password vault, idendity access management, session recording","publisher":{"@id":"https:\/\/www.inforte.com\/#organization"},"potentialAction":[{"@type":"SearchAction","target":{"@type":"EntryPoint","urlTemplate":"https:\/\/www.inforte.com\/?s={search_term_string}"},"query-input":{"@type":"PropertyValueSpecification","valueRequired":true,"valueName":"search_term_string"}}],"inLanguage":"en-GB"},{"@type":"Organization","@id":"https:\/\/www.inforte.com\/#organization","name":"Inforte Bili\u015fim A.\u015e.","url":"https:\/\/www.inforte.com\/","logo":{"@type":"ImageObject","inLanguage":"en-GB","@id":"https:\/\/www.inforte.com\/#\/schema\/logo\/image\/","url":"https:\/\/www.inforte.com\/wp-content\/uploads\/2018\/06\/logo.png","contentUrl":"https:\/\/www.inforte.com\/wp-content\/uploads\/2018\/06\/logo.png","width":286,"height":180,"caption":"Inforte Bili\u015fim A.\u015e."},"image":{"@id":"https:\/\/www.inforte.com\/#\/schema\/logo\/image\/"}}]}},"_links":{"self":[{"href":"https:\/\/www.inforte.com\/en\/wp-json\/wp\/v2\/pages\/7692"}],"collection":[{"href":"https:\/\/www.inforte.com\/en\/wp-json\/wp\/v2\/pages"}],"about":[{"href":"https:\/\/www.inforte.com\/en\/wp-json\/wp\/v2\/types\/page"}],"author":[{"embeddable":true,"href":"https:\/\/www.inforte.com\/en\/wp-json\/wp\/v2\/users\/1"}],"replies":[{"embeddable":true,"href":"https:\/\/www.inforte.com\/en\/wp-json\/wp\/v2\/comments?post=7692"}],"version-history":[{"count":31,"href":"https:\/\/www.inforte.com\/en\/wp-json\/wp\/v2\/pages\/7692\/revisions"}],"predecessor-version":[{"id":11080,"href":"https:\/\/www.inforte.com\/en\/wp-json\/wp\/v2\/pages\/7692\/revisions\/11080"}],"wp:attachment":[{"href":"https:\/\/www.inforte.com\/en\/wp-json\/wp\/v2\/media?parent=7692"}],"curies":[{"name":"wp","href":"https:\/\/api.w.org\/{rel}","templated":true}]}}