{"id":366,"date":"2015-10-21T12:44:44","date_gmt":"2015-10-21T09:44:44","guid":{"rendered":"http:\/\/startit.select-themes.com\/?page_id=366"},"modified":"2025-03-10T14:51:42","modified_gmt":"2025-03-10T11:51:42","slug":"services","status":"publish","type":"page","link":"https:\/\/www.inforte.com\/en\/services\/","title":{"rendered":"Professional Services I-PHD"},"content":{"rendered":"<div class=\"vc_row wpb_row vc_row-fluid qodef-section vc_custom_1445428533264 qodef-content-aligment-center qodef-grid-section\" style=\"\"><div class=\"clearfix qodef-section-inner\"><div class=\"qodef-section-inner-margin clearfix\"><div class=\"wpb_column vc_column_container vc_col-sm-12\"><div class=\"vc_column-inner\"><div class=\"wpb_wrapper\">\n\t<div class=\"wpb_text_column wpb_content_element\" >\n\t\t<div class=\"wpb_wrapper\">\n\t\t\t<p style=\"text-align: center;\">With its Professional Services team, Inforte provides its users with the necessary consultancy for the products and solutions it distributes, leveraging its extensive knowledge and experience. The Inforte Professional Services team, having completed technical certifications in their respective fields and equipped with field experience and extensive expertise, accurately identifies user needs and delivers the most suitable technological solutions.<\/p>\n\n\t\t<\/div>\n\t<\/div>\n<\/div><\/div><\/div><\/div><\/div><\/div><div id=\"danismanlik\" class=\"vc_row wpb_row vc_row-fluid qodef-section vc_custom_1547748015188 qodef-content-aligment-left qodef-grid-section\" style=\"\"><div class=\"clearfix qodef-section-inner\"><div class=\"qodef-section-inner-margin clearfix\"><div class=\"wpb_column vc_column_container vc_col-sm-12\"><div class=\"vc_column-inner\"><div class=\"wpb_wrapper\"><div class=\"vc_empty_space\"   style=\"height: 35px\" ><span class=\"vc_empty_space_inner\"><\/span><\/div>\n<div class=\"vc_row wpb_row vc_inner vc_row-fluid qodef-section qodef-content-aligment-left\" style=\"\"><div class=\"qodef-full-section-inner\"><div class=\"wpb_column vc_column_container vc_col-sm-6\"><div class=\"vc_column-inner\"><div class=\"wpb_wrapper\"><div class=\"vc_empty_space\"   style=\"height: 90px\" ><span class=\"vc_empty_space_inner\"><\/span><\/div>\n\n\t<div class=\"wpb_text_column wpb_content_element\" >\n\t\t<div class=\"wpb_wrapper\">\n\t\t\t<h2>Consultancy<\/h2>\n\n\t\t<\/div>\n\t<\/div>\n<div class=\"vc_empty_space\"   style=\"height: 22px\" ><span class=\"vc_empty_space_inner\"><\/span><\/div>\n\n\t<div class=\"wpb_text_column wpb_content_element\" >\n\t\t<div class=\"wpb_wrapper\">\n\t\t\t<p>The Inforte Professional Services team provides the right guidance to ensure maximum efficiency by considering users' needs and expectations and aligning with their technological infrastructure. It organizes the necessary work to exceed customer needs and deliver beyond expectations.<\/p>\n\n\t\t<\/div>\n\t<\/div>\n<\/div><\/div><\/div><div class=\"wpb_column vc_column_container vc_col-sm-6\"><div class=\"vc_column-inner\"><div class=\"wpb_wrapper\">\n\t<div  class=\"wpb_single_image wpb_content_element vc_align_right\">\n\t\t\n\t\t<figure class=\"wpb_wrapper vc_figure\">\n\t\t\t<div class=\"vc_single_image-wrapper   vc_box_border_grey\"><img fetchpriority=\"high\" decoding=\"async\" width=\"440\" height=\"444\" src=\"https:\/\/www.inforte.com\/wp-content\/uploads\/2018\/06\/danismanlik_res.jpg\" class=\"vc_single_image-img attachment-full\" alt=\"\" srcset=\"https:\/\/www.inforte.com\/wp-content\/uploads\/2018\/06\/danismanlik_res.jpg 440w, https:\/\/www.inforte.com\/wp-content\/uploads\/2018\/06\/danismanlik_res-150x150.jpg 150w, https:\/\/www.inforte.com\/wp-content\/uploads\/2018\/06\/danismanlik_res-297x300.jpg 297w, https:\/\/www.inforte.com\/wp-content\/uploads\/2018\/06\/danismanlik_res-100x100.jpg 100w\" sizes=\"(max-width: 440px) 100vw, 440px\" \/><\/div>\n\t\t<\/figure>\n\t<\/div>\n<\/div><\/div><\/div><\/div><\/div><div class=\"vc_empty_space\"   style=\"height: 35px\" ><span class=\"vc_empty_space_inner\"><\/span><\/div>\n<\/div><\/div><\/div><\/div><\/div><\/div><div id=\"bakimdestek\" class=\"vc_row wpb_row vc_row-fluid qodef-section qodef-content-aligment-left qodef-grid-section\" style=\"\"><div class=\"clearfix qodef-section-inner\"><div class=\"qodef-section-inner-margin clearfix\"><div class=\"wpb_column vc_column_container vc_col-sm-12\"><div class=\"vc_column-inner\"><div class=\"wpb_wrapper\"><div class=\"vc_empty_space\"   style=\"height: 35px\" ><span class=\"vc_empty_space_inner\"><\/span><\/div>\n<div class=\"vc_row wpb_row vc_inner vc_row-fluid qodef-section qodef-content-aligment-left\" style=\"\"><div class=\"qodef-full-section-inner\"><div class=\"wpb_column vc_column_container vc_col-sm-6\"><div class=\"vc_column-inner\"><div class=\"wpb_wrapper\">\n\t<div  class=\"wpb_single_image wpb_content_element vc_align_left\">\n\t\t\n\t\t<figure class=\"wpb_wrapper vc_figure\">\n\t\t\t<div class=\"vc_single_image-wrapper   vc_box_border_grey\"><img decoding=\"async\" width=\"493\" height=\"492\" src=\"https:\/\/www.inforte.com\/wp-content\/uploads\/2018\/06\/bakimdestek_res.jpg\" class=\"vc_single_image-img attachment-full\" alt=\"\" srcset=\"https:\/\/www.inforte.com\/wp-content\/uploads\/2018\/06\/bakimdestek_res.jpg 493w, https:\/\/www.inforte.com\/wp-content\/uploads\/2018\/06\/bakimdestek_res-150x150.jpg 150w, https:\/\/www.inforte.com\/wp-content\/uploads\/2018\/06\/bakimdestek_res-300x300.jpg 300w, https:\/\/www.inforte.com\/wp-content\/uploads\/2018\/06\/bakimdestek_res-100x100.jpg 100w\" sizes=\"(max-width: 493px) 100vw, 493px\" \/><\/div>\n\t\t<\/figure>\n\t<\/div>\n<\/div><\/div><\/div><div class=\"wpb_column vc_column_container vc_col-sm-6\"><div class=\"vc_column-inner\"><div class=\"wpb_wrapper\"><div class=\"vc_empty_space\"   style=\"height: 60px\" ><span class=\"vc_empty_space_inner\"><\/span><\/div>\n\n\t<div class=\"wpb_text_column wpb_content_element\" >\n\t\t<div class=\"wpb_wrapper\">\n\t\t\t<h2>Maintenance Support<\/h2>\n\n\t\t<\/div>\n\t<\/div>\n<div class=\"vc_empty_space\"   style=\"height: 22px\" ><span class=\"vc_empty_space_inner\"><\/span><\/div>\n\n\t<div class=\"wpb_text_column wpb_content_element\" >\n\t\t<div class=\"wpb_wrapper\">\n\t\t\t<p>The Inforte Professional Services team continues to support its users in the post-sales process through various levels of support and maintenance services. To resolve issues effectively, it offers solutions tailored to needs, including 24\/7, 08:00-17:00, or on-call support options. With technical personnel located in its Istanbul and Ankara regional offices, Inforte provides comprehensive support to its customers across different regions of Turkey.<\/p>\n<p>Bak\u0131m&amp; destek hizmetinin i\u00e7erisinde yer alan health check ile, kurulan \u00e7\u00f6z\u00fcm\u00fcn d\u00fczenli olarak kontrol edilmesi ve maksimum verimlilikte \u00e7al\u0131\u015fmas\u0131 sa\u011flan\u0131r. Bu kontrol esnas\u0131nda sistemin m\u00fc\u015fteri alt yap\u0131lar\u0131ndaki de\u011fi\u015fikliklere adapte edilmesi ile ilgili ortaya \u00e7\u0131kan yeni durumlar da de\u011ferlendirilerek gerekli d\u00fczenleme ve entegrasyonlar da ger\u00e7ekle\u015ftirilir.<\/p>\n\n\t\t<\/div>\n\t<\/div>\n<\/div><\/div><\/div><\/div><\/div><div class=\"vc_empty_space\"   style=\"height: 35px\" ><span class=\"vc_empty_space_inner\"><\/span><\/div>\n<\/div><\/div><\/div><\/div><\/div><\/div><div id=\"egitim\" class=\"vc_row wpb_row vc_row-fluid qodef-section vc_custom_1547748043712 qodef-content-aligment-left qodef-grid-section\" style=\"\"><div class=\"clearfix qodef-section-inner\"><div class=\"qodef-section-inner-margin clearfix\"><div class=\"wpb_column vc_column_container vc_col-sm-12\"><div class=\"vc_column-inner\"><div class=\"wpb_wrapper\"><div class=\"vc_empty_space\"   style=\"height: 35px\" ><span class=\"vc_empty_space_inner\"><\/span><\/div>\n<div class=\"vc_row wpb_row vc_inner vc_row-fluid qodef-section qodef-content-aligment-left\" style=\"\"><div class=\"qodef-full-section-inner\"><div class=\"wpb_column vc_column_container vc_col-sm-6\"><div class=\"vc_column-inner\"><div class=\"wpb_wrapper\"><div class=\"vc_empty_space\"   style=\"height: 90px\" ><span class=\"vc_empty_space_inner\"><\/span><\/div>\n\n\t<div class=\"wpb_text_column wpb_content_element\" >\n\t\t<div class=\"wpb_wrapper\">\n\t\t\t<h2>Training<\/h2>\n\n\t\t<\/div>\n\t<\/div>\n<div class=\"vc_empty_space\"   style=\"height: 22px\" ><span class=\"vc_empty_space_inner\"><\/span><\/div>\n\n\t<div class=\"wpb_text_column wpb_content_element\" >\n\t\t<div class=\"wpb_wrapper\">\n\t\t\t<p>Inforte's competent and experienced technical team, certified in the manufacturer solutions offered in its portfolio, also provides technical training on solutions tailored to customers' infrastructures. These trainings are designed and delivered to meet the specific needs of customers and business partners who aim to pursue certification, ensuring the content aligns with their requests and requirements.<\/p>\n\n\t\t<\/div>\n\t<\/div>\n<\/div><\/div><\/div><div class=\"wpb_column vc_column_container vc_col-sm-6\"><div class=\"vc_column-inner\"><div class=\"wpb_wrapper\">\n\t<div  class=\"wpb_single_image wpb_content_element vc_align_right\">\n\t\t\n\t\t<figure class=\"wpb_wrapper vc_figure\">\n\t\t\t<div class=\"vc_single_image-wrapper   vc_box_border_grey\"><img decoding=\"async\" width=\"440\" height=\"444\" src=\"https:\/\/www.inforte.com\/wp-content\/uploads\/2018\/06\/egitim_res.jpg\" class=\"vc_single_image-img attachment-full\" alt=\"\" srcset=\"https:\/\/www.inforte.com\/wp-content\/uploads\/2018\/06\/egitim_res.jpg 440w, https:\/\/www.inforte.com\/wp-content\/uploads\/2018\/06\/egitim_res-150x150.jpg 150w, https:\/\/www.inforte.com\/wp-content\/uploads\/2018\/06\/egitim_res-297x300.jpg 297w, https:\/\/www.inforte.com\/wp-content\/uploads\/2018\/06\/egitim_res-100x100.jpg 100w\" sizes=\"(max-width: 440px) 100vw, 440px\" \/><\/div>\n\t\t<\/figure>\n\t<\/div>\n<\/div><\/div><\/div><\/div><\/div><div class=\"vc_empty_space\"   style=\"height: 35px\" ><span class=\"vc_empty_space_inner\"><\/span><\/div>\n<\/div><\/div><\/div><\/div><\/div><\/div><div id=\"satisoncesi\" class=\"vc_row wpb_row vc_row-fluid qodef-section qodef-content-aligment-left qodef-grid-section\" style=\"\"><div class=\"clearfix qodef-section-inner\"><div class=\"qodef-section-inner-margin clearfix\"><div class=\"wpb_column vc_column_container vc_col-sm-12\"><div class=\"vc_column-inner\"><div class=\"wpb_wrapper\"><div class=\"vc_empty_space\"   style=\"height: 35px\" ><span class=\"vc_empty_space_inner\"><\/span><\/div>\n<div class=\"vc_row wpb_row vc_inner vc_row-fluid qodef-section qodef-content-aligment-left\" style=\"\"><div class=\"qodef-full-section-inner\"><div class=\"wpb_column vc_column_container vc_col-sm-6\"><div class=\"vc_column-inner\"><div class=\"wpb_wrapper\">\n\t<div  class=\"wpb_single_image wpb_content_element vc_align_left\">\n\t\t\n\t\t<figure class=\"wpb_wrapper vc_figure\">\n\t\t\t<div class=\"vc_single_image-wrapper   vc_box_border_grey\"><img loading=\"lazy\" decoding=\"async\" width=\"440\" height=\"444\" src=\"https:\/\/www.inforte.com\/wp-content\/uploads\/2018\/06\/satisoncesi_res.jpg\" class=\"vc_single_image-img attachment-full\" alt=\"\" srcset=\"https:\/\/www.inforte.com\/wp-content\/uploads\/2018\/06\/satisoncesi_res.jpg 440w, https:\/\/www.inforte.com\/wp-content\/uploads\/2018\/06\/satisoncesi_res-150x150.jpg 150w, https:\/\/www.inforte.com\/wp-content\/uploads\/2018\/06\/satisoncesi_res-297x300.jpg 297w, https:\/\/www.inforte.com\/wp-content\/uploads\/2018\/06\/satisoncesi_res-100x100.jpg 100w\" sizes=\"(max-width: 440px) 100vw, 440px\" \/><\/div>\n\t\t<\/figure>\n\t<\/div>\n<\/div><\/div><\/div><div class=\"wpb_column vc_column_container vc_col-sm-6\"><div class=\"vc_column-inner\"><div class=\"wpb_wrapper\"><div class=\"vc_empty_space\"   style=\"height: 60px\" ><span class=\"vc_empty_space_inner\"><\/span><\/div>\n\n\t<div class=\"wpb_text_column wpb_content_element\" >\n\t\t<div class=\"wpb_wrapper\">\n\t\t\t<h2>Pre-Sale Support<\/h2>\n\n\t\t<\/div>\n\t<\/div>\n<div class=\"vc_empty_space\"   style=\"height: 22px\" ><span class=\"vc_empty_space_inner\"><\/span><\/div>\n\n\t<div class=\"wpb_text_column wpb_content_element\" >\n\t\t<div class=\"wpb_wrapper\">\n\t\t\t<p>Inforte Bilisim offers significant growth opportunities for both manufacturers and channel partners within its ecosystem. In the process that begins with identifying project opportunities, it provides services such as customer technical sessions, needs analysis, demos\/POCs, specification preparation, and competitive analysis to its partners. Additionally, it organizes regular training sessions to ensure that partners' sales and technical teams gain expertise and stay updated with the latest information. Similarly, it conducts periodic meetings and training sessions to inform its customers about the latest technologies.<\/p>\n\n\t\t<\/div>\n\t<\/div>\n<\/div><\/div><\/div><\/div><\/div><div class=\"vc_empty_space\"   style=\"height: 35px\" ><span class=\"vc_empty_space_inner\"><\/span><\/div>\n<\/div><\/div><\/div><\/div><\/div><\/div><div id=\"satissonrasi\" class=\"vc_row wpb_row vc_row-fluid qodef-section vc_custom_1547748069956 qodef-content-aligment-left qodef-grid-section\" style=\"\"><div class=\"clearfix qodef-section-inner\"><div class=\"qodef-section-inner-margin clearfix\"><div class=\"wpb_column vc_column_container vc_col-sm-12\"><div class=\"vc_column-inner\"><div class=\"wpb_wrapper\"><div class=\"vc_empty_space\"   style=\"height: 35px\" ><span class=\"vc_empty_space_inner\"><\/span><\/div>\n<div class=\"vc_row wpb_row vc_inner vc_row-fluid qodef-section qodef-content-aligment-left\" style=\"\"><div class=\"qodef-full-section-inner\"><div class=\"wpb_column vc_column_container vc_col-sm-6\"><div class=\"vc_column-inner\"><div class=\"wpb_wrapper\"><div class=\"vc_empty_space\"   style=\"height: 40px\" ><span class=\"vc_empty_space_inner\"><\/span><\/div>\n\n\t<div class=\"wpb_text_column wpb_content_element\" >\n\t\t<div class=\"wpb_wrapper\">\n\t\t\t<h2>Post-Sales Support<\/h2>\n\n\t\t<\/div>\n\t<\/div>\n<div class=\"vc_empty_space\"   style=\"height: 22px\" ><span class=\"vc_empty_space_inner\"><\/span><\/div>\n\n\t<div class=\"wpb_text_column wpb_content_element\" >\n\t\t<div class=\"wpb_wrapper\">\n\t\t\t<p>In addition to project configuration and installation services, Inforte Bilisim offers unparalleled local maintenance support tailored to post-sales customer needs, with remote or on-site support options available 24\/7 or 08:00-17:00. Furthermore, through consultancy and efficient operation management in RMA processes, Inforte aims to minimize customer downtime. The maintenance and support services include health checks, ensuring that the implemented solution is regularly monitored and operates at maximum efficiency. During these checks, any new requirements arising from changes in the customer's infrastructure are assessed, and necessary adjustments and integrations are carried out.<\/p>\n\n\t\t<\/div>\n\t<\/div>\n<\/div><\/div><\/div><div class=\"wpb_column vc_column_container vc_col-sm-6\"><div class=\"vc_column-inner\"><div class=\"wpb_wrapper\">\n\t<div  class=\"wpb_single_image wpb_content_element vc_align_right\">\n\t\t\n\t\t<figure class=\"wpb_wrapper vc_figure\">\n\t\t\t<div class=\"vc_single_image-wrapper   vc_box_border_grey\"><img loading=\"lazy\" decoding=\"async\" width=\"440\" height=\"444\" src=\"https:\/\/www.inforte.com\/wp-content\/uploads\/2018\/06\/satissonrasi_res.jpg\" class=\"vc_single_image-img attachment-full\" alt=\"\" srcset=\"https:\/\/www.inforte.com\/wp-content\/uploads\/2018\/06\/satissonrasi_res.jpg 440w, https:\/\/www.inforte.com\/wp-content\/uploads\/2018\/06\/satissonrasi_res-150x150.jpg 150w, https:\/\/www.inforte.com\/wp-content\/uploads\/2018\/06\/satissonrasi_res-297x300.jpg 297w, https:\/\/www.inforte.com\/wp-content\/uploads\/2018\/06\/satissonrasi_res-100x100.jpg 100w\" sizes=\"(max-width: 440px) 100vw, 440px\" \/><\/div>\n\t\t<\/figure>\n\t<\/div>\n<\/div><\/div><\/div><\/div><\/div><div class=\"vc_empty_space\"   style=\"height: 35px\" ><span class=\"vc_empty_space_inner\"><\/span><\/div>\n<\/div><\/div><\/div><\/div><\/div><\/div>","protected":false},"excerpt":{"rendered":"Inforte b\u00fcnyesinde bulundurdu\u011fu Profesyonel Servisler ekibi ile, kullan\u0131c\u0131lar\u0131na da\u011f\u0131t\u0131c\u0131l\u0131\u011f\u0131n\u0131 yapt\u0131\u011f\u0131 \u00fcr\u00fcn ve \u00e7\u00f6z\u00fcmlerde gerekli dan\u0131\u015fmanl\u0131\u011f\u0131, y\u00fcksek bilgi ve tecr\u00fcbesiyle aktarmaktad\u0131r. Kendi alanlar\u0131ndaki teknik sertifikasyonlar\u0131 tamamlam\u0131\u015f saha tecr\u00fcbesi ve y\u00fcksek bilgi birikimi ile Inforte Profesyonel Hizmetler ekibi kullan\u0131c\u0131lar\u0131n ihtiyac\u0131n\u0131 do\u011fru olarak tespit ederek, uygun teknolojik \u00e7\u00f6z\u00fcmleri...","protected":false},"author":1,"featured_media":0,"parent":0,"menu_order":0,"comment_status":"closed","ping_status":"closed","template":"full-width.php","meta":{"_acf_changed":false,"footnotes":""},"class_list":["post-366","page","type-page","status-publish","hentry"],"acf":[],"yoast_head":"<!-- This site is optimized with the Yoast SEO plugin v25.6 - https:\/\/yoast.com\/wordpress\/plugins\/seo\/ -->\n<title>Profesyonel Servisler - Inforte Bili\u015fim A.\u015e.<\/title>\n<meta name=\"robots\" content=\"index, follow, max-snippet:-1, max-image-preview:large, max-video-preview:-1\" \/>\n<link rel=\"canonical\" href=\"https:\/\/www.inforte.com\/en\/services\/\" \/>\n<meta property=\"og:locale\" content=\"en_GB\" \/>\n<meta property=\"og:type\" content=\"article\" \/>\n<meta property=\"og:title\" content=\"Profesyonel Servisler - Inforte Bili\u015fim A.\u015e.\" \/>\n<meta property=\"og:url\" content=\"https:\/\/www.inforte.com\/en\/services\/\" \/>\n<meta property=\"og:site_name\" content=\"Inforte Bili\u015fim A.\u015e.\" \/>\n<meta property=\"article:modified_time\" content=\"2025-03-10T11:51:42+00:00\" \/>\n<meta name=\"twitter:card\" content=\"summary_large_image\" \/>\n<meta name=\"twitter:label1\" content=\"Estimated reading time\" \/>\n\t<meta name=\"twitter:data1\" content=\"3 minutes\" \/>\n<script type=\"application\/ld+json\" class=\"yoast-schema-graph\">{\"@context\":\"https:\/\/schema.org\",\"@graph\":[{\"@type\":\"WebPage\",\"@id\":\"https:\/\/www.inforte.com\/hizmetlerimiz\/\",\"url\":\"https:\/\/www.inforte.com\/hizmetlerimiz\/\",\"name\":\"Profesyonel Servisler - Inforte Bili\u015fim A.\u015e.\",\"isPartOf\":{\"@id\":\"https:\/\/www.inforte.com\/#website\"},\"datePublished\":\"2015-10-21T09:44:44+00:00\",\"dateModified\":\"2025-03-10T11:51:42+00:00\",\"breadcrumb\":{\"@id\":\"https:\/\/www.inforte.com\/hizmetlerimiz\/#breadcrumb\"},\"inLanguage\":\"en-GB\",\"potentialAction\":[{\"@type\":\"ReadAction\",\"target\":[\"https:\/\/www.inforte.com\/hizmetlerimiz\/\"]}]},{\"@type\":\"BreadcrumbList\",\"@id\":\"https:\/\/www.inforte.com\/hizmetlerimiz\/#breadcrumb\",\"itemListElement\":[{\"@type\":\"ListItem\",\"position\":1,\"name\":\"Ana sayfa\",\"item\":\"https:\/\/www.inforte.com\/\"},{\"@type\":\"ListItem\",\"position\":2,\"name\":\"Profesyonel Servisler\"}]},{\"@type\":\"WebSite\",\"@id\":\"https:\/\/www.inforte.com\/#website\",\"url\":\"https:\/\/www.inforte.com\/\",\"name\":\"Inforte Bili\u015fim A.\u015e.\",\"description\":\"arbor, DDOS, spectrum, visibility, availability, forescout, nac, orchestration, network control, iot security, netscout, performans monitor, packet broker, tap, services assurance, centrify, privilage, access management, password vault, idendity access management, session recording\",\"publisher\":{\"@id\":\"https:\/\/www.inforte.com\/#organization\"},\"potentialAction\":[{\"@type\":\"SearchAction\",\"target\":{\"@type\":\"EntryPoint\",\"urlTemplate\":\"https:\/\/www.inforte.com\/?s={search_term_string}\"},\"query-input\":{\"@type\":\"PropertyValueSpecification\",\"valueRequired\":true,\"valueName\":\"search_term_string\"}}],\"inLanguage\":\"en-GB\"},{\"@type\":\"Organization\",\"@id\":\"https:\/\/www.inforte.com\/#organization\",\"name\":\"Inforte Bili\u015fim A.\u015e.\",\"url\":\"https:\/\/www.inforte.com\/\",\"logo\":{\"@type\":\"ImageObject\",\"inLanguage\":\"en-GB\",\"@id\":\"https:\/\/www.inforte.com\/#\/schema\/logo\/image\/\",\"url\":\"https:\/\/www.inforte.com\/wp-content\/uploads\/2018\/06\/logo.png\",\"contentUrl\":\"https:\/\/www.inforte.com\/wp-content\/uploads\/2018\/06\/logo.png\",\"width\":286,\"height\":180,\"caption\":\"Inforte Bili\u015fim A.\u015e.\"},\"image\":{\"@id\":\"https:\/\/www.inforte.com\/#\/schema\/logo\/image\/\"}}]}<\/script>\n<!-- \/ Yoast SEO plugin. -->","yoast_head_json":{"title":"Professional Services I-PHD","robots":{"index":"index","follow":"follow","max-snippet":"max-snippet:-1","max-image-preview":"max-image-preview:large","max-video-preview":"max-video-preview:-1"},"canonical":"https:\/\/www.inforte.com\/en\/services\/","og_locale":"en_GB","og_type":"article","og_title":"Profesyonel Servisler - Inforte Bili\u015fim A.\u015e.","og_url":"https:\/\/www.inforte.com\/en\/services\/","og_site_name":"Inforte Bili\u015fim A.\u015e.","article_modified_time":"2025-03-10T11:51:42+00:00","twitter_card":"summary_large_image","twitter_misc":{"Estimated reading time":"3 minutes"},"schema":{"@context":"https:\/\/schema.org","@graph":[{"@type":"WebPage","@id":"https:\/\/www.inforte.com\/hizmetlerimiz\/","url":"https:\/\/www.inforte.com\/hizmetlerimiz\/","name":"Professional Services I-PHD","isPartOf":{"@id":"https:\/\/www.inforte.com\/#website"},"datePublished":"2015-10-21T09:44:44+00:00","dateModified":"2025-03-10T11:51:42+00:00","breadcrumb":{"@id":"https:\/\/www.inforte.com\/hizmetlerimiz\/#breadcrumb"},"inLanguage":"en-GB","potentialAction":[{"@type":"ReadAction","target":["https:\/\/www.inforte.com\/hizmetlerimiz\/"]}]},{"@type":"BreadcrumbList","@id":"https:\/\/www.inforte.com\/hizmetlerimiz\/#breadcrumb","itemListElement":[{"@type":"ListItem","position":1,"name":"Ana sayfa","item":"https:\/\/www.inforte.com\/"},{"@type":"ListItem","position":2,"name":"Profesyonel Servisler"}]},{"@type":"WebSite","@id":"https:\/\/www.inforte.com\/#website","url":"https:\/\/www.inforte.com\/","name":"Inforte Bili\u015fim A.\u015e.","description":"arbor, DDOS, spectrum, visibility, availability, forescout, nac, orchestration, network control, iot security, netscout, performans monitor, packet broker, tap, services assurance, centrify, privilage, access management, password vault, idendity access management, session recording","publisher":{"@id":"https:\/\/www.inforte.com\/#organization"},"potentialAction":[{"@type":"SearchAction","target":{"@type":"EntryPoint","urlTemplate":"https:\/\/www.inforte.com\/?s={search_term_string}"},"query-input":{"@type":"PropertyValueSpecification","valueRequired":true,"valueName":"search_term_string"}}],"inLanguage":"en-GB"},{"@type":"Organization","@id":"https:\/\/www.inforte.com\/#organization","name":"Inforte Bili\u015fim A.\u015e.","url":"https:\/\/www.inforte.com\/","logo":{"@type":"ImageObject","inLanguage":"en-GB","@id":"https:\/\/www.inforte.com\/#\/schema\/logo\/image\/","url":"https:\/\/www.inforte.com\/wp-content\/uploads\/2018\/06\/logo.png","contentUrl":"https:\/\/www.inforte.com\/wp-content\/uploads\/2018\/06\/logo.png","width":286,"height":180,"caption":"Inforte Bili\u015fim A.\u015e."},"image":{"@id":"https:\/\/www.inforte.com\/#\/schema\/logo\/image\/"}}]}},"_links":{"self":[{"href":"https:\/\/www.inforte.com\/en\/wp-json\/wp\/v2\/pages\/366"}],"collection":[{"href":"https:\/\/www.inforte.com\/en\/wp-json\/wp\/v2\/pages"}],"about":[{"href":"https:\/\/www.inforte.com\/en\/wp-json\/wp\/v2\/types\/page"}],"author":[{"embeddable":true,"href":"https:\/\/www.inforte.com\/en\/wp-json\/wp\/v2\/users\/1"}],"replies":[{"embeddable":true,"href":"https:\/\/www.inforte.com\/en\/wp-json\/wp\/v2\/comments?post=366"}],"version-history":[{"count":11,"href":"https:\/\/www.inforte.com\/en\/wp-json\/wp\/v2\/pages\/366\/revisions"}],"predecessor-version":[{"id":8902,"href":"https:\/\/www.inforte.com\/en\/wp-json\/wp\/v2\/pages\/366\/revisions\/8902"}],"wp:attachment":[{"href":"https:\/\/www.inforte.com\/en\/wp-json\/wp\/v2\/media?parent=366"}],"curies":[{"name":"wp","href":"https:\/\/api.w.org\/{rel}","templated":true}]}}