{"id":11171,"date":"2025-10-20T13:24:59","date_gmt":"2025-10-20T10:24:59","guid":{"rendered":"https:\/\/www.inforte.com\/?page_id=11171"},"modified":"2025-10-20T13:24:59","modified_gmt":"2025-10-20T10:24:59","slug":"imperum","status":"publish","type":"page","link":"https:\/\/www.inforte.com\/en\/imperum\/","title":{"rendered":"Imperum"},"content":{"rendered":"<div class=\"vc_row wpb_row vc_row-fluid qodef-section qodef-content-aligment-center qodef-grid-section\" style=\"\"><div class=\"clearfix qodef-section-inner\"><div class=\"qodef-section-inner-margin clearfix\"><div class=\"wpb_column vc_column_container vc_col-sm-12\"><div class=\"vc_column-inner\"><div class=\"wpb_wrapper\"><div class=\"vc_empty_space\"   style=\"height: 30px\" ><span class=\"vc_empty_space_inner\"><\/span><\/div>\n<div class=\"vc_row wpb_row vc_inner vc_row-fluid qodef-section qodef-content-aligment-left\" style=\"\"><div class=\"qodef-full-section-inner\"><div class=\"wpb_column vc_column_container vc_col-sm-6\"><div class=\"vc_column-inner\"><div class=\"wpb_wrapper\">\n\t<div  class=\"wpb_single_image wpb_content_element vc_align_left\">\n\t\t\n\t\t<figure class=\"wpb_wrapper vc_figure\">\n\t\t\t<div class=\"vc_single_image-wrapper   vc_box_border_grey\"><img fetchpriority=\"high\" decoding=\"async\" width=\"1024\" height=\"512\" src=\"https:\/\/www.inforte.com\/wp-content\/uploads\/2025\/10\/imperum-1200x600-1-1024x512.png\" class=\"vc_single_image-img attachment-large\" alt=\"\" srcset=\"https:\/\/www.inforte.com\/wp-content\/uploads\/2025\/10\/imperum-1200x600-1-1024x512.png 1024w, https:\/\/www.inforte.com\/wp-content\/uploads\/2025\/10\/imperum-1200x600-1-300x150.png 300w, https:\/\/www.inforte.com\/wp-content\/uploads\/2025\/10\/imperum-1200x600-1-768x384.png 768w, https:\/\/www.inforte.com\/wp-content\/uploads\/2025\/10\/imperum-1200x600-1-18x9.png 18w, https:\/\/www.inforte.com\/wp-content\/uploads\/2025\/10\/imperum-1200x600-1-1000x500.png 1000w, https:\/\/www.inforte.com\/wp-content\/uploads\/2025\/10\/imperum-1200x600-1.png 1200w\" sizes=\"(max-width: 1024px) 100vw, 1024px\" \/><\/div>\n\t\t<\/figure>\n\t<\/div>\n<\/div><\/div><\/div><div class=\"wpb_column vc_column_container vc_col-sm-6\"><div class=\"vc_column-inner\"><div class=\"wpb_wrapper\">\n\t<div class=\"wpb_text_column wpb_content_element\" >\n\t\t<div class=\"wpb_wrapper\">\n\t\t\t<h2 data-start=\"140\" data-end=\"209\">Yapay Zek\u00e2 ile G\u00fcvenlik Operasyonlar\u0131nda Yeni D\u00f6nem: <strong data-start=\"196\" data-end=\"207\">Imperum<\/strong><\/h2>\n<h3 data-start=\"210\" data-end=\"253\"><\/h3>\n\n\t\t<\/div>\n\t<\/div>\n<div class=\"vc_empty_space\"   style=\"height: 28px\" ><span class=\"vc_empty_space_inner\"><\/span><\/div>\n\n\t<div class=\"wpb_text_column wpb_content_element\" >\n\t\t<div class=\"wpb_wrapper\">\n\t\t\t<p data-start=\"255\" data-end=\"603\"><strong data-start=\"255\" data-end=\"266\">Imperum<\/strong>, kurumlar\u0131n g\u00fcvenlik operasyonlar\u0131n\u0131 u\u00e7tan uca d\u00f6n\u00fc\u015ft\u00fcren <strong data-start=\"325\" data-end=\"376\">yapay zek\u00e2 destekli otonom SecOps platformudur.<\/strong><br data-start=\"376\" data-end=\"379\" \/>G\u00fcvenlik verilerini toplama (ingestion), analiz etme (detection) ve m\u00fcdahale (response) s\u00fcre\u00e7lerini tek bir ak\u0131ll\u0131 sistem alt\u0131nda birle\u015ftirerek <strong data-start=\"523\" data-end=\"565\">ger\u00e7ek zamanl\u0131 g\u00f6r\u00fcn\u00fcrl\u00fck, h\u0131zl\u0131 tepki<\/strong> ve <strong data-start=\"569\" data-end=\"594\">y\u00fcksek do\u011fruluk oran\u0131<\/strong> sunar.<\/p>\n<p data-start=\"605\" data-end=\"934\">Imperum\u2019un g\u00fc\u00e7l\u00fc yapay zek\u00e2 motoru;<br data-start=\"640\" data-end=\"643\" \/>\u2699\ufe0f Tehditleri otomatik olarak alg\u0131lar ve \u00f6nceliklendirir.<br data-start=\"700\" data-end=\"703\" \/>\ud83e\udd16 Yanl\u0131\u015f alarmlar\u0131 (false positive) en aza indirir.<br data-start=\"755\" data-end=\"758\" \/>\ud83d\ude80 Operasyonel y\u00fck\u00fc azaltarak g\u00fcvenlik ekiplerinin verimlili\u011fini art\u0131r\u0131r.<br data-start=\"831\" data-end=\"834\" \/>\ud83c\udf10 Bulut, hibrit ve on-prem ortamlarla uyumlu \u00e7al\u0131\u015farak t\u00fcm altyap\u0131larda kesintisiz koruma sa\u011flar.<\/p>\n<p data-start=\"936\" data-end=\"1127\">Imperum, <strong data-start=\"945\" data-end=\"976\">AI-Driven Autonomous SecOps<\/strong> yakla\u015f\u0131m\u0131yla g\u00fcvenli\u011fi sadece izleyen de\u011fil, proaktif olarak y\u00f6neten bir mimari sunar \u2014 b\u00f6ylece kurulu\u015flar tehditlere de\u011fil, gelece\u011fe odaklanabilir.<\/p>\n\n\t\t<\/div>\n\t<\/div>\n<a href=\"https:\/\/imperum.io\/\" target=\"_blank\" style=\"margin: 15px 0px 0px 0\" class=\"qodef-btn qodef-btn-medium qodef-btn-solid qodef-btn-icon qodef-btn-hover-animation\"  >\n            <span    class=\"qodef-animation-overlay\"><\/span>\n        <span class=\"qodef-btn-text\">WEBSITE<\/span>\n    <span class=\"qodef-btn-text-icon\"><i class=\"qodef-icon-font-awesome fa fa-link\" ><\/i><\/span>\n<\/a><\/div><\/div><\/div><\/div><\/div><div class=\"vc_empty_space\"   style=\"height: 30px\" ><span class=\"vc_empty_space_inner\"><\/span><\/div>\n<\/div><\/div><\/div><\/div><\/div><\/div><div class=\"vc_row wpb_row vc_row-fluid qodef-section vc_custom_1529405728101 qodef-content-aligment-left\" style=\"\"><div class=\"clearfix qodef-full-section-inner\"><div class=\"wpb_column vc_column_container vc_col-sm-12\"><div class=\"vc_column-inner\"><div class=\"wpb_wrapper\"><div class=\"vc_empty_space\"   style=\"height: 50px\" ><span class=\"vc_empty_space_inner\"><\/span><\/div>\n<div class=\"vc_row wpb_row vc_inner vc_row-fluid qodef-section qodef-content-aligment-left qodef-grid-section\" style=\"\"><div class=\"qodef-section-inner\"><div class=\"qodef-section-inner-margin clearfix\"><div class=\"wpb_column vc_column_container vc_col-sm-6\"><div class=\"vc_column-inner\"><div class=\"wpb_wrapper\"><div class=\"qodef-accordion-holder clearfix qodef-toggle qodef-boxed\">\n\t<h4 class=\"clearfix qodef-title-holder\" style=\"background-color:#ffffff;border-color:#ffffff\">\n\t<span class=\"qodef-accordion-mark qodef-left-mark\">\n\t\t<span class=\"qodef-accordion-mark-icon\">\n\t\t\t<span class=\"icon_plus\"><\/span>\n\t\t\t<span class=\"icon_minus-06\"><\/span>\n\t\t<\/span>\n\t<\/span>\n\t<span class=\"qodef-tab-title\">\n\t\t<span class=\"qodef-tab-title-inner\">\n\t\t\tDocuments\t\t<\/span>\n\t<\/span>\n<\/h4>\n<div class=\"qodef-accordion-content\">\n\t<div class=\"qodef-accordion-content-inner\">\n\t\t\t<\/div>\n<\/div>\n<\/div><\/div><\/div><\/div><div class=\"wpb_column vc_column_container vc_col-sm-6\"><div class=\"vc_column-inner\"><div class=\"wpb_wrapper\"><div class=\"qodef-accordion-holder clearfix qodef-toggle qodef-boxed\">\n\t<h4 class=\"clearfix qodef-title-holder\" style=\"background-color:#ffffff;border-color:#ffffff\">\n\t<span class=\"qodef-accordion-mark qodef-left-mark\">\n\t\t<span class=\"qodef-accordion-mark-icon\">\n\t\t\t<span class=\"icon_plus\"><\/span>\n\t\t\t<span class=\"icon_minus-06\"><\/span>\n\t\t<\/span>\n\t<\/span>\n\t<span class=\"qodef-tab-title\">\n\t\t<span class=\"qodef-tab-title-inner\">\n\t\t\tBrochures\t\t<\/span>\n\t<\/span>\n<\/h4>\n<div class=\"qodef-accordion-content\">\n\t<div class=\"qodef-accordion-content-inner\">\n\t\t\t<\/div>\n<\/div>\n<\/div><\/div><\/div><\/div><\/div><\/div><\/div><div class=\"vc_empty_space\"   style=\"height: 24px\" ><span class=\"vc_empty_space_inner\"><\/span><\/div>\n<div class=\"vc_row wpb_row vc_inner vc_row-fluid qodef-section qodef-content-aligment-left qodef-grid-section\" style=\"\"><div class=\"qodef-section-inner\"><div class=\"qodef-section-inner-margin clearfix\"><div class=\"wpb_column vc_column_container vc_col-sm-6\"><div class=\"vc_column-inner\"><div class=\"wpb_wrapper\"><\/div><\/div><\/div><div class=\"wpb_column vc_column_container vc_col-sm-6\"><div class=\"vc_column-inner\"><div class=\"wpb_wrapper\"><div class=\"qodef-accordion-holder clearfix qodef-toggle qodef-boxed\">\n\t<h4 class=\"clearfix qodef-title-holder\" style=\"background-color:#ffffff;border-color:#ffffff\">\n\t<span class=\"qodef-accordion-mark qodef-left-mark\">\n\t\t<span class=\"qodef-accordion-mark-icon\">\n\t\t\t<span class=\"icon_plus\"><\/span>\n\t\t\t<span class=\"icon_minus-06\"><\/span>\n\t\t<\/span>\n\t<\/span>\n\t<span class=\"qodef-tab-title\">\n\t\t<span class=\"qodef-tab-title-inner\">\n\t\t\tRequest Form\t\t<\/span>\n\t<\/span>\n<\/h4>\n<div class=\"qodef-accordion-content\">\n\t<div class=\"qodef-accordion-content-inner\">\n\t\t\n<div class=\"wpcf7 no-js\" id=\"wpcf7-f616-o1\" lang=\"en-US\" dir=\"ltr\" data-wpcf7-id=\"616\">\n<div class=\"screen-reader-response\"><p role=\"status\" aria-live=\"polite\" aria-atomic=\"true\"><\/p> <ul><\/ul><\/div>\n<form action=\"\/en\/wp-json\/wp\/v2\/pages\/11171#wpcf7-f616-o1\" method=\"post\" class=\"wpcf7-form init\" aria-label=\"Contact form\" novalidate=\"novalidate\" data-status=\"init\" data-trp-original-action=\"\/en\/wp-json\/wp\/v2\/pages\/11171#wpcf7-f616-o1\">\n<div style=\"display: none;\">\n<input type=\"hidden\" name=\"_wpcf7\" value=\"616\" \/>\n<input type=\"hidden\" name=\"_wpcf7_version\" value=\"6.0.6\" \/>\n<input type=\"hidden\" name=\"_wpcf7_locale\" value=\"en_US\" \/>\n<input type=\"hidden\" name=\"_wpcf7_unit_tag\" value=\"wpcf7-f616-o1\" \/>\n<input type=\"hidden\" name=\"_wpcf7_container_post\" value=\"0\" \/>\n<input type=\"hidden\" name=\"_wpcf7_posted_data_hash\" value=\"\" \/>\n<input type=\"hidden\" name=\"_wpcf7_recaptcha_response\" value=\"\" \/>\n<\/div>\n<div class=\"qodef-two-columns-50-50\">\n\t<div class=\"qodef-two-columns-50-50-inner\">\n\t\t<div class=\"qodef-column\">\n\t\t\t<div class=\"qodef-column-inner\">\n\t\t\t\t<p><span class=\"qodef-input-title\">Name<\/span><br \/>\n<span class=\"wpcf7-form-control-wrap\" data-name=\"your-name\"><input size=\"40\" maxlength=\"400\" class=\"wpcf7-form-control wpcf7-text wpcf7-validates-as-required\" aria-required=\"true\" aria-invalid=\"false\" value=\"\" type=\"text\" name=\"your-name\" \/><\/span>\n\t\t\t\t<\/p>\n\t\t\t<\/div>\n\t\t<\/div>\n\t\t<div class=\"qodef-column\">\n\t\t\t<div class=\"qodef-column-inner\">\n\t\t\t\t<p><span class=\"qodef-input-title\">Subject<\/span><br \/>\n<span class=\"wpcf7-form-control-wrap\" data-name=\"your-email\"><input size=\"40\" maxlength=\"400\" class=\"wpcf7-form-control wpcf7-email wpcf7-validates-as-required wpcf7-text wpcf7-validates-as-email\" aria-required=\"true\" aria-invalid=\"false\" value=\"\" type=\"email\" name=\"your-email\" \/><\/span>\n\t\t\t\t<\/p>\n\t\t\t<\/div>\n\t\t<\/div>\n\t<\/div>\n<\/div>\n<div>\n\t<p><span class=\"qodef-input-title\">Subject<\/span><br \/>\n<span class=\"wpcf7-form-control-wrap\" data-name=\"your-subject\"><input size=\"40\" maxlength=\"400\" class=\"wpcf7-form-control wpcf7-text wpcf7-validates-as-required\" aria-required=\"true\" aria-invalid=\"false\" value=\"\" type=\"text\" name=\"your-subject\" \/><\/span>\n\t<\/p>\n<\/div>\n<div>\n\t<p><span class=\"qodef-input-title\">Message<\/span><br \/>\n<span class=\"wpcf7-form-control-wrap\" data-name=\"your-message\"><textarea cols=\"40\" rows=\"10\" maxlength=\"2000\" class=\"wpcf7-form-control wpcf7-textarea\" aria-invalid=\"false\" name=\"your-message\"><\/textarea><\/span>\n\t<\/p>\n<\/div>\n<div>\n\t<div class=\"c4wp_captcha_field\" style=\"margin-bottom: 10px;\"><div id=\"c4wp_captcha_field_1\" class=\"c4wp_captcha_field_div\"><\/div><\/div><span class=\"wpcf7-form-control-wrap g-recaptcha-response\"><span class=\"wpcf7-form-control\"><\/span><\/span>\n\t<\/p>\n<\/div>\n<div style=\"padding-bottom:20px;\">\n\t<p>Inforte Bili\u015fim A.\u015e. taraf\u0131ndan i\u015fbu form ile elde edilen ki\u015fisel verileriniz esas olarak taleplerin de\u011ferlendirilmesi ve mal\/hizmet sat\u0131\u015f s\u00fcre\u00e7lerinin y\u00fcr\u00fct\u00fclmesi ama\u00e7lar\u0131yla i\u015flenebilecek ve yurt d\u0131\u015f\u0131nda yerle\u015fik hosting firmam\u0131za aktar\u0131labilecektir. Mevzuat kapsam\u0131ndaki haklar\u0131n\u0131z ile ilgili di\u011fer detaylara ili\u015fkin ayd\u0131nlatma metnine <a href=\"https:\/\/www.inforte.com\/en\/data-protection-notice-regarding-the-personal-data-processed-in-the-request-form\/\" target=\"_blank\"><b>buradan<\/b><\/a> <a href=\"https:\/\/www.inforte.com\/en\/cookie-policy\/\" target=\"_blank\" rel=\"noopener\">Cookie Policy<\/a>.\n\t<\/p>\n<\/div>\n<div>\n\t<p><input class=\"wpcf7-form-control wpcf7-submit has-spinner\" type=\"submit\" value=\"SEND\" \/>\n\t<\/p>\n<\/div><div class=\"wpcf7-response-output\" aria-hidden=\"true\"><\/div>\n<input type=\"hidden\" name=\"trp-form-language\" value=\"en\"\/><\/form>\n<\/div>\n\t<\/div>\n<\/div>\n<\/div><\/div><\/div><\/div><\/div><\/div><\/div><div class=\"vc_empty_space\"   style=\"height: 50px\" ><span class=\"vc_empty_space_inner\"><\/span><\/div>\n<\/div><\/div><\/div><\/div><\/div>","protected":false},"excerpt":{"rendered":"Yapay Zek\u00e2 ile G\u00fcvenlik Operasyonlar\u0131nda Yeni D\u00f6nem: Imperum Imperum, kurumlar\u0131n g\u00fcvenlik operasyonlar\u0131n\u0131 u\u00e7tan uca d\u00f6n\u00fc\u015ft\u00fcren yapay zek\u00e2 destekli otonom SecOps platformudur.G\u00fcvenlik verilerini toplama (ingestion), analiz etme (detection) ve m\u00fcdahale (response) s\u00fcre\u00e7lerini tek bir ak\u0131ll\u0131 sistem alt\u0131nda birle\u015ftirerek ger\u00e7ek zamanl\u0131 g\u00f6r\u00fcn\u00fcrl\u00fck, h\u0131zl\u0131 tepki ve y\u00fcksek do\u011fruluk...","protected":false},"author":2,"featured_media":0,"parent":0,"menu_order":0,"comment_status":"closed","ping_status":"closed","template":"full-width.php","meta":{"_acf_changed":false,"footnotes":""},"class_list":["post-11171","page","type-page","status-publish","hentry"],"acf":[],"yoast_head":"<!-- This site is optimized with the Yoast SEO plugin v25.6 - https:\/\/yoast.com\/wordpress\/plugins\/seo\/ -->\n<title>Imperum - Inforte Bili\u015fim A.\u015e.<\/title>\n<meta name=\"robots\" content=\"index, follow, max-snippet:-1, max-image-preview:large, max-video-preview:-1\" \/>\n<link rel=\"canonical\" href=\"https:\/\/www.inforte.com\/en\/imperum\/\" \/>\n<meta property=\"og:locale\" content=\"en_GB\" \/>\n<meta property=\"og:type\" content=\"article\" \/>\n<meta property=\"og:title\" content=\"Imperum - Inforte Bili\u015fim A.\u015e.\" \/>\n<meta property=\"og:url\" content=\"https:\/\/www.inforte.com\/en\/imperum\/\" \/>\n<meta property=\"og:site_name\" content=\"Inforte Bili\u015fim A.\u015e.\" \/>\n<meta name=\"twitter:card\" content=\"summary_large_image\" \/>\n<meta name=\"twitter:label1\" content=\"Estimated reading time\" \/>\n\t<meta name=\"twitter:data1\" content=\"1 minute\" \/>\n<script type=\"application\/ld+json\" class=\"yoast-schema-graph\">{\"@context\":\"https:\/\/schema.org\",\"@graph\":[{\"@type\":\"WebPage\",\"@id\":\"https:\/\/www.inforte.com\/imperum\/\",\"url\":\"https:\/\/www.inforte.com\/imperum\/\",\"name\":\"Imperum - Inforte Bili\u015fim A.\u015e.\",\"isPartOf\":{\"@id\":\"https:\/\/www.inforte.com\/#website\"},\"datePublished\":\"2025-10-20T10:24:59+00:00\",\"breadcrumb\":{\"@id\":\"https:\/\/www.inforte.com\/imperum\/#breadcrumb\"},\"inLanguage\":\"en-GB\",\"potentialAction\":[{\"@type\":\"ReadAction\",\"target\":[\"https:\/\/www.inforte.com\/imperum\/\"]}]},{\"@type\":\"BreadcrumbList\",\"@id\":\"https:\/\/www.inforte.com\/imperum\/#breadcrumb\",\"itemListElement\":[{\"@type\":\"ListItem\",\"position\":1,\"name\":\"Ana sayfa\",\"item\":\"https:\/\/www.inforte.com\/\"},{\"@type\":\"ListItem\",\"position\":2,\"name\":\"Imperum\"}]},{\"@type\":\"WebSite\",\"@id\":\"https:\/\/www.inforte.com\/#website\",\"url\":\"https:\/\/www.inforte.com\/\",\"name\":\"Inforte Bili\u015fim A.\u015e.\",\"description\":\"arbor, DDOS, spectrum, visibility, availability, forescout, nac, orchestration, network control, iot security, netscout, performans monitor, packet broker, tap, services assurance, centrify, privilage, access management, password vault, idendity access management, session recording\",\"publisher\":{\"@id\":\"https:\/\/www.inforte.com\/#organization\"},\"potentialAction\":[{\"@type\":\"SearchAction\",\"target\":{\"@type\":\"EntryPoint\",\"urlTemplate\":\"https:\/\/www.inforte.com\/?s={search_term_string}\"},\"query-input\":{\"@type\":\"PropertyValueSpecification\",\"valueRequired\":true,\"valueName\":\"search_term_string\"}}],\"inLanguage\":\"en-GB\"},{\"@type\":\"Organization\",\"@id\":\"https:\/\/www.inforte.com\/#organization\",\"name\":\"Inforte Bili\u015fim A.\u015e.\",\"url\":\"https:\/\/www.inforte.com\/\",\"logo\":{\"@type\":\"ImageObject\",\"inLanguage\":\"en-GB\",\"@id\":\"https:\/\/www.inforte.com\/#\/schema\/logo\/image\/\",\"url\":\"https:\/\/www.inforte.com\/wp-content\/uploads\/2018\/06\/logo.png\",\"contentUrl\":\"https:\/\/www.inforte.com\/wp-content\/uploads\/2018\/06\/logo.png\",\"width\":286,\"height\":180,\"caption\":\"Inforte Bili\u015fim A.\u015e.\"},\"image\":{\"@id\":\"https:\/\/www.inforte.com\/#\/schema\/logo\/image\/\"}}]}<\/script>\n<!-- \/ Yoast SEO plugin. -->","yoast_head_json":{"title":"Imperum - Inforte Bili\u015fim A.\u015e.","robots":{"index":"index","follow":"follow","max-snippet":"max-snippet:-1","max-image-preview":"max-image-preview:large","max-video-preview":"max-video-preview:-1"},"canonical":"https:\/\/www.inforte.com\/en\/imperum\/","og_locale":"en_GB","og_type":"article","og_title":"Imperum - Inforte Bili\u015fim A.\u015e.","og_url":"https:\/\/www.inforte.com\/en\/imperum\/","og_site_name":"Inforte Bili\u015fim A.\u015e.","twitter_card":"summary_large_image","twitter_misc":{"Estimated reading time":"1 minute"},"schema":{"@context":"https:\/\/schema.org","@graph":[{"@type":"WebPage","@id":"https:\/\/www.inforte.com\/imperum\/","url":"https:\/\/www.inforte.com\/imperum\/","name":"Imperum - Inforte Bili\u015fim A.\u015e.","isPartOf":{"@id":"https:\/\/www.inforte.com\/#website"},"datePublished":"2025-10-20T10:24:59+00:00","breadcrumb":{"@id":"https:\/\/www.inforte.com\/imperum\/#breadcrumb"},"inLanguage":"en-GB","potentialAction":[{"@type":"ReadAction","target":["https:\/\/www.inforte.com\/imperum\/"]}]},{"@type":"BreadcrumbList","@id":"https:\/\/www.inforte.com\/imperum\/#breadcrumb","itemListElement":[{"@type":"ListItem","position":1,"name":"Ana sayfa","item":"https:\/\/www.inforte.com\/"},{"@type":"ListItem","position":2,"name":"Imperum"}]},{"@type":"WebSite","@id":"https:\/\/www.inforte.com\/#website","url":"https:\/\/www.inforte.com\/","name":"Inforte Bili\u015fim A.\u015e.","description":"arbor, DDOS, spectrum, visibility, availability, forescout, nac, orchestration, network control, iot security, netscout, performans monitor, packet broker, tap, services assurance, centrify, privilage, access management, password vault, idendity access management, session recording","publisher":{"@id":"https:\/\/www.inforte.com\/#organization"},"potentialAction":[{"@type":"SearchAction","target":{"@type":"EntryPoint","urlTemplate":"https:\/\/www.inforte.com\/?s={search_term_string}"},"query-input":{"@type":"PropertyValueSpecification","valueRequired":true,"valueName":"search_term_string"}}],"inLanguage":"en-GB"},{"@type":"Organization","@id":"https:\/\/www.inforte.com\/#organization","name":"Inforte Bili\u015fim A.\u015e.","url":"https:\/\/www.inforte.com\/","logo":{"@type":"ImageObject","inLanguage":"en-GB","@id":"https:\/\/www.inforte.com\/#\/schema\/logo\/image\/","url":"https:\/\/www.inforte.com\/wp-content\/uploads\/2018\/06\/logo.png","contentUrl":"https:\/\/www.inforte.com\/wp-content\/uploads\/2018\/06\/logo.png","width":286,"height":180,"caption":"Inforte Bili\u015fim A.\u015e."},"image":{"@id":"https:\/\/www.inforte.com\/#\/schema\/logo\/image\/"}}]}},"_links":{"self":[{"href":"https:\/\/www.inforte.com\/en\/wp-json\/wp\/v2\/pages\/11171"}],"collection":[{"href":"https:\/\/www.inforte.com\/en\/wp-json\/wp\/v2\/pages"}],"about":[{"href":"https:\/\/www.inforte.com\/en\/wp-json\/wp\/v2\/types\/page"}],"author":[{"embeddable":true,"href":"https:\/\/www.inforte.com\/en\/wp-json\/wp\/v2\/users\/2"}],"replies":[{"embeddable":true,"href":"https:\/\/www.inforte.com\/en\/wp-json\/wp\/v2\/comments?post=11171"}],"version-history":[{"count":1,"href":"https:\/\/www.inforte.com\/en\/wp-json\/wp\/v2\/pages\/11171\/revisions"}],"predecessor-version":[{"id":11173,"href":"https:\/\/www.inforte.com\/en\/wp-json\/wp\/v2\/pages\/11171\/revisions\/11173"}],"wp:attachment":[{"href":"https:\/\/www.inforte.com\/en\/wp-json\/wp\/v2\/media?parent=11171"}],"curies":[{"name":"wp","href":"https:\/\/api.w.org\/{rel}","templated":true}]}}