{"id":11113,"date":"2025-07-02T11:48:58","date_gmt":"2025-07-02T08:48:58","guid":{"rendered":"https:\/\/www.inforte.com\/?page_id=11113"},"modified":"2025-07-02T11:52:34","modified_gmt":"2025-07-02T08:52:34","slug":"proofpoint","status":"publish","type":"page","link":"https:\/\/www.inforte.com\/en\/proofpoint\/","title":{"rendered":"Proofpoint"},"content":{"rendered":"<div class=\"vc_row wpb_row vc_row-fluid qodef-section qodef-content-aligment-center qodef-grid-section\" style=\"\"><div class=\"clearfix qodef-section-inner\"><div class=\"qodef-section-inner-margin clearfix\"><div class=\"wpb_column vc_column_container vc_col-sm-12\"><div class=\"vc_column-inner\"><div class=\"wpb_wrapper\"><div class=\"vc_empty_space\"   style=\"height: 30px\" ><span class=\"vc_empty_space_inner\"><\/span><\/div>\n<div class=\"vc_row wpb_row vc_inner vc_row-fluid qodef-section qodef-content-aligment-left\" style=\"\"><div class=\"qodef-full-section-inner\"><div class=\"wpb_column vc_column_container vc_col-sm-6\"><div class=\"vc_column-inner\"><div class=\"wpb_wrapper\">\n\t<div  class=\"wpb_single_image wpb_content_element vc_align_left\">\n\t\t\n\t\t<figure class=\"wpb_wrapper vc_figure\">\n\t\t\t<div class=\"vc_single_image-wrapper   vc_box_border_grey\"><img fetchpriority=\"high\" decoding=\"async\" width=\"1024\" height=\"1024\" src=\"https:\/\/www.inforte.com\/wp-content\/uploads\/2025\/07\/Mavi-ve-Beyaz-Modern-Kariyer-Konferansi-LinkedIn-Gonderisi-1024x1024.jpg\" class=\"vc_single_image-img attachment-large\" alt=\"\" srcset=\"https:\/\/www.inforte.com\/wp-content\/uploads\/2025\/07\/Mavi-ve-Beyaz-Modern-Kariyer-Konferansi-LinkedIn-Gonderisi-1024x1024.jpg 1024w, https:\/\/www.inforte.com\/wp-content\/uploads\/2025\/07\/Mavi-ve-Beyaz-Modern-Kariyer-Konferansi-LinkedIn-Gonderisi-300x300.jpg 300w, https:\/\/www.inforte.com\/wp-content\/uploads\/2025\/07\/Mavi-ve-Beyaz-Modern-Kariyer-Konferansi-LinkedIn-Gonderisi-150x150.jpg 150w, https:\/\/www.inforte.com\/wp-content\/uploads\/2025\/07\/Mavi-ve-Beyaz-Modern-Kariyer-Konferansi-LinkedIn-Gonderisi-768x768.jpg 768w, https:\/\/www.inforte.com\/wp-content\/uploads\/2025\/07\/Mavi-ve-Beyaz-Modern-Kariyer-Konferansi-LinkedIn-Gonderisi-12x12.jpg 12w, https:\/\/www.inforte.com\/wp-content\/uploads\/2025\/07\/Mavi-ve-Beyaz-Modern-Kariyer-Konferansi-LinkedIn-Gonderisi-64x64.jpg 64w, https:\/\/www.inforte.com\/wp-content\/uploads\/2025\/07\/Mavi-ve-Beyaz-Modern-Kariyer-Konferansi-LinkedIn-Gonderisi-550x550.jpg 550w, https:\/\/www.inforte.com\/wp-content\/uploads\/2025\/07\/Mavi-ve-Beyaz-Modern-Kariyer-Konferansi-LinkedIn-Gonderisi-1000x1000.jpg 1000w, https:\/\/www.inforte.com\/wp-content\/uploads\/2025\/07\/Mavi-ve-Beyaz-Modern-Kariyer-Konferansi-LinkedIn-Gonderisi-e1751450549998.jpg 200w\" sizes=\"(max-width: 1024px) 100vw, 1024px\" \/><\/div>\n\t\t<\/figure>\n\t<\/div>\n<\/div><\/div><\/div><div class=\"wpb_column vc_column_container vc_col-sm-6\"><div class=\"vc_column-inner\"><div class=\"wpb_wrapper\">\n\t<div class=\"wpb_text_column wpb_content_element\" >\n\t\t<div class=\"wpb_wrapper\">\n\t\t\t<h2>\u0130nsan Odakl\u0131 Siber G\u00fcvenlikte Global Lider<\/h2>\n\n\t\t<\/div>\n\t<\/div>\n<div class=\"vc_empty_space\"   style=\"height: 28px\" ><span class=\"vc_empty_space_inner\"><\/span><\/div>\n\n\t<div class=\"wpb_text_column wpb_content_element\" >\n\t\t<div class=\"wpb_wrapper\">\n\t\t\t<p data-start=\"209\" data-end=\"603\">Siber tehditlerin s\u00fcrekli evrildi\u011fi g\u00fcn\u00fcm\u00fczde, organizasyonlar\u0131n en savunmas\u0131z noktas\u0131 art\u0131k sadece sistemler de\u011fil, ayn\u0131 zamanda insanlard\u0131r. Proofpoint, tam da bu noktada devreye girerek, insan merkezli (human-centric) bir siber g\u00fcvenlik yakla\u015f\u0131m\u0131 sunar. Kurumlar\u0131n kullan\u0131c\u0131lar\u0131n\u0131 koruyarak, veri g\u00fcvenli\u011fini sa\u011flar, tehditleri \u00f6nler ve siber sald\u0131r\u0131lara kar\u015f\u0131 fark\u0131ndal\u0131k olu\u015fturur.<\/p>\n<p data-start=\"605\" data-end=\"792\">Inforte Bili\u015fim olarak, T\u00fcrkiye ve Azerbaycan&#8217;daki yetkili distrib\u00fct\u00f6rl\u00fc\u011f\u00fcn\u00fc \u00fcstlendi\u011fimiz Proofpoint\u2019in \u00e7\u00f6z\u00fcmleriyle, i\u015f ortaklar\u0131m\u0131za ve son kullan\u0131c\u0131lara g\u00fc\u00e7l\u00fc bir de\u011fer sunuyoruz.<\/p>\n<p data-start=\"821\" data-end=\"865\">\ud83d\udce9 E-Posta G\u00fcvenli\u011fi ve Tehdit Korumas\u0131<\/p>\n<p data-start=\"866\" data-end=\"1065\">G\u00fcn\u00fcm\u00fczde sald\u0131r\u0131lar\u0131n b\u00fcy\u00fck b\u00f6l\u00fcm\u00fc e-posta yoluyla ba\u015flar. Proofpoint, geli\u015fmi\u015f tehditleri, kimlik av\u0131 (phishing), k\u00f6t\u00fc ama\u00e7l\u0131 yaz\u0131l\u0131m ve hedefli sald\u0131r\u0131lar\u0131 proaktif olarak tespit eder ve engeller.<\/p>\n<p data-start=\"1067\" data-end=\"1115\">\ud83d\udee1\ufe0f Veri Kayb\u0131 \u00d6nleme (DLP) ve Bilgi Koruma<\/p>\n<p data-start=\"1116\" data-end=\"1267\">Kurum i\u00e7i ve d\u0131\u015f\u0131 veri hareketlerini izleyerek hassas bilgilerin s\u0131zmas\u0131n\u0131 \u00f6nler. Hem kullan\u0131c\u0131 davran\u0131\u015flar\u0131na hem de i\u00e7erik t\u00fcr\u00fcne g\u00f6re koruma sa\u011flar.<\/p>\n<p data-start=\"1269\" data-end=\"1310\">\ud83d\udc68\u200d\ud83d\udcbb Kullan\u0131c\u0131 Fark\u0131ndal\u0131\u011f\u0131 E\u011fitimi<\/p>\n<p data-start=\"1311\" data-end=\"1494\">Davran\u0131\u015f de\u011fi\u015fikli\u011fi odakl\u0131 programlarla, \u00e7al\u0131\u015fanlar\u0131n siber g\u00fcvenlik tehditlerine kar\u015f\u0131 bilin\u00e7lenmesini sa\u011flar. Ger\u00e7ek zamanl\u0131 sim\u00fclasyonlar ve \u00f6l\u00e7\u00fclebilir fark\u0131ndal\u0131k e\u011fitimi sunar.<\/p>\n<p data-start=\"1496\" data-end=\"1530\">\ud83d\udd10 \u0130\u00e7 Tehdit ve Risk Y\u00f6netimi<\/p>\n<p data-start=\"1531\" data-end=\"1672\">K\u00f6t\u00fc niyetli ya da dikkatsiz kullan\u0131c\u0131 aktivitelerini analiz eder, veri ihlallerini \u00f6nceden belirleyerek kurum i\u00e7i tehditleri en aza indirir.<\/p>\n\n\t\t<\/div>\n\t<\/div>\n<a href=\"https:\/\/www.proofpoint.com\/uk\" target=\"_blank\" style=\"margin: 10px 0px 0px 0\" class=\"qodef-btn qodef-btn-medium qodef-btn-solid qodef-btn-icon qodef-btn-hover-animation\"  >\n            <span    class=\"qodef-animation-overlay\"><\/span>\n        <span class=\"qodef-btn-text\">WEBSITE<\/span>\n    <span class=\"qodef-btn-text-icon\"><i class=\"qodef-icon-font-awesome fa fa-link\" ><\/i><\/span>\n<\/a><\/div><\/div><\/div><\/div><\/div><div class=\"vc_empty_space\"   style=\"height: 30px\" ><span class=\"vc_empty_space_inner\"><\/span><\/div>\n<\/div><\/div><\/div><\/div><\/div><\/div><div class=\"vc_row wpb_row vc_row-fluid qodef-section vc_custom_1529405728101 qodef-content-aligment-left\" style=\"\"><div class=\"clearfix qodef-full-section-inner\"><div class=\"wpb_column vc_column_container vc_col-sm-12\"><div class=\"vc_column-inner\"><div class=\"wpb_wrapper\"><div class=\"vc_empty_space\"   style=\"height: 50px\" ><span class=\"vc_empty_space_inner\"><\/span><\/div>\n<div class=\"vc_row wpb_row vc_inner vc_row-fluid qodef-section qodef-content-aligment-left qodef-grid-section\" style=\"\"><div class=\"qodef-section-inner\"><div class=\"qodef-section-inner-margin clearfix\"><div class=\"wpb_column vc_column_container vc_col-sm-6\"><div class=\"vc_column-inner\"><div class=\"wpb_wrapper\"><div class=\"qodef-accordion-holder clearfix qodef-toggle qodef-boxed\">\n\t<h4 class=\"clearfix qodef-title-holder\" style=\"background-color:#ffffff;border-color:#ffffff\">\n\t<span class=\"qodef-accordion-mark qodef-left-mark\">\n\t\t<span class=\"qodef-accordion-mark-icon\">\n\t\t\t<span class=\"icon_plus\"><\/span>\n\t\t\t<span class=\"icon_minus-06\"><\/span>\n\t\t<\/span>\n\t<\/span>\n\t<span class=\"qodef-tab-title\">\n\t\t<span class=\"qodef-tab-title-inner\">\n\t\t\tDocuments\t\t<\/span>\n\t<\/span>\n<\/h4>\n<div class=\"qodef-accordion-content\">\n\t<div class=\"qodef-accordion-content-inner\">\n\t\t\t<\/div>\n<\/div>\n<\/div><\/div><\/div><\/div><div class=\"wpb_column vc_column_container vc_col-sm-6\"><div class=\"vc_column-inner\"><div class=\"wpb_wrapper\"><div class=\"qodef-accordion-holder clearfix qodef-toggle qodef-boxed\">\n\t<h4 class=\"clearfix qodef-title-holder\" style=\"background-color:#ffffff;border-color:#ffffff\">\n\t<span class=\"qodef-accordion-mark qodef-left-mark\">\n\t\t<span class=\"qodef-accordion-mark-icon\">\n\t\t\t<span class=\"icon_plus\"><\/span>\n\t\t\t<span class=\"icon_minus-06\"><\/span>\n\t\t<\/span>\n\t<\/span>\n\t<span class=\"qodef-tab-title\">\n\t\t<span class=\"qodef-tab-title-inner\">\n\t\t\tBrochures\t\t<\/span>\n\t<\/span>\n<\/h4>\n<div class=\"qodef-accordion-content\">\n\t<div class=\"qodef-accordion-content-inner\">\n\t\t\t<\/div>\n<\/div>\n<\/div><\/div><\/div><\/div><\/div><\/div><\/div><div class=\"vc_empty_space\"   style=\"height: 24px\" ><span class=\"vc_empty_space_inner\"><\/span><\/div>\n<div class=\"vc_row wpb_row vc_inner vc_row-fluid qodef-section qodef-content-aligment-left qodef-grid-section\" style=\"\"><div class=\"qodef-section-inner\"><div class=\"qodef-section-inner-margin clearfix\"><div class=\"wpb_column vc_column_container vc_col-sm-6\"><div class=\"vc_column-inner\"><div class=\"wpb_wrapper\"><div class=\"qodef-accordion-holder clearfix qodef-toggle qodef-boxed\">\n\t<h4 class=\"clearfix qodef-title-holder\" style=\"background-color:#ffffff;border-color:#ffffff\">\n\t<span class=\"qodef-accordion-mark qodef-left-mark\">\n\t\t<span class=\"qodef-accordion-mark-icon\">\n\t\t\t<span class=\"icon_plus\"><\/span>\n\t\t\t<span class=\"icon_minus-06\"><\/span>\n\t\t<\/span>\n\t<\/span>\n\t<span class=\"qodef-tab-title\">\n\t\t<span class=\"qodef-tab-title-inner\">\n\t\t\tVideos\t\t<\/span>\n\t<\/span>\n<\/h4>\n<div class=\"qodef-accordion-content\">\n\t<div class=\"qodef-accordion-content-inner\">\n\t\t\n\t<div class=\"wpb_video_widget wpb_content_element vc_clearfix   vc_video-aspect-ratio-169 vc_video-el-width-100 vc_video-align-left\" >\n\t\t<div class=\"wpb_wrapper\">\n\t\t\t<h2 class=\"wpb_heading wpb_video_heading\">The leader in human-centric security | Proofpoint<\/h2>\n\t\t\t<div class=\"wpb_video_wrapper\"><iframe title=\"The leader in human-centric security | Proofpoint\" width=\"1100\" height=\"619\" src=\"https:\/\/www.youtube.com\/embed\/i0AqqwS3vZ8?feature=oembed\" frameborder=\"0\" allow=\"accelerometer; autoplay; clipboard-write; encrypted-media; gyroscope; picture-in-picture; web-share\" referrerpolicy=\"strict-origin-when-cross-origin\" allowfullscreen><\/iframe><\/div>\n\t\t<\/div>\n\t<\/div>\n<div class=\"vc_empty_space\"   style=\"height: 20px\" ><span class=\"vc_empty_space_inner\"><\/span><\/div>\n\t<\/div>\n<\/div>\n<\/div><\/div><\/div><\/div><div class=\"wpb_column vc_column_container vc_col-sm-6\"><div class=\"vc_column-inner\"><div class=\"wpb_wrapper\"><div class=\"qodef-accordion-holder clearfix qodef-toggle qodef-boxed\">\n\t<h4 class=\"clearfix qodef-title-holder\" style=\"background-color:#ffffff;border-color:#ffffff\">\n\t<span class=\"qodef-accordion-mark qodef-left-mark\">\n\t\t<span class=\"qodef-accordion-mark-icon\">\n\t\t\t<span class=\"icon_plus\"><\/span>\n\t\t\t<span class=\"icon_minus-06\"><\/span>\n\t\t<\/span>\n\t<\/span>\n\t<span class=\"qodef-tab-title\">\n\t\t<span class=\"qodef-tab-title-inner\">\n\t\t\tRequest Form\t\t<\/span>\n\t<\/span>\n<\/h4>\n<div class=\"qodef-accordion-content\">\n\t<div class=\"qodef-accordion-content-inner\">\n\t\t\n<div class=\"wpcf7 no-js\" id=\"wpcf7-f616-o1\" lang=\"en-US\" dir=\"ltr\" data-wpcf7-id=\"616\">\n<div class=\"screen-reader-response\"><p role=\"status\" aria-live=\"polite\" aria-atomic=\"true\"><\/p> <ul><\/ul><\/div>\n<form action=\"\/en\/wp-json\/wp\/v2\/pages\/11113#wpcf7-f616-o1\" method=\"post\" class=\"wpcf7-form init\" aria-label=\"Contact form\" novalidate=\"novalidate\" data-status=\"init\" data-trp-original-action=\"\/en\/wp-json\/wp\/v2\/pages\/11113#wpcf7-f616-o1\">\n<div style=\"display: none;\">\n<input type=\"hidden\" name=\"_wpcf7\" value=\"616\" \/>\n<input type=\"hidden\" name=\"_wpcf7_version\" value=\"6.0.6\" \/>\n<input type=\"hidden\" name=\"_wpcf7_locale\" value=\"en_US\" \/>\n<input type=\"hidden\" name=\"_wpcf7_unit_tag\" value=\"wpcf7-f616-o1\" \/>\n<input type=\"hidden\" name=\"_wpcf7_container_post\" value=\"0\" \/>\n<input type=\"hidden\" name=\"_wpcf7_posted_data_hash\" value=\"\" \/>\n<input type=\"hidden\" name=\"_wpcf7_recaptcha_response\" value=\"\" \/>\n<\/div>\n<div class=\"qodef-two-columns-50-50\">\n\t<div class=\"qodef-two-columns-50-50-inner\">\n\t\t<div class=\"qodef-column\">\n\t\t\t<div class=\"qodef-column-inner\">\n\t\t\t\t<p><span class=\"qodef-input-title\">Name<\/span><br \/>\n<span class=\"wpcf7-form-control-wrap\" data-name=\"your-name\"><input size=\"40\" maxlength=\"400\" class=\"wpcf7-form-control wpcf7-text wpcf7-validates-as-required\" aria-required=\"true\" aria-invalid=\"false\" value=\"\" type=\"text\" name=\"your-name\" \/><\/span>\n\t\t\t\t<\/p>\n\t\t\t<\/div>\n\t\t<\/div>\n\t\t<div class=\"qodef-column\">\n\t\t\t<div class=\"qodef-column-inner\">\n\t\t\t\t<p><span class=\"qodef-input-title\">Subject<\/span><br \/>\n<span class=\"wpcf7-form-control-wrap\" data-name=\"your-email\"><input size=\"40\" maxlength=\"400\" class=\"wpcf7-form-control wpcf7-email wpcf7-validates-as-required wpcf7-text wpcf7-validates-as-email\" aria-required=\"true\" aria-invalid=\"false\" value=\"\" type=\"email\" name=\"your-email\" \/><\/span>\n\t\t\t\t<\/p>\n\t\t\t<\/div>\n\t\t<\/div>\n\t<\/div>\n<\/div>\n<div>\n\t<p><span class=\"qodef-input-title\">Subject<\/span><br \/>\n<span class=\"wpcf7-form-control-wrap\" data-name=\"your-subject\"><input size=\"40\" maxlength=\"400\" class=\"wpcf7-form-control wpcf7-text wpcf7-validates-as-required\" aria-required=\"true\" aria-invalid=\"false\" value=\"\" type=\"text\" name=\"your-subject\" \/><\/span>\n\t<\/p>\n<\/div>\n<div>\n\t<p><span class=\"qodef-input-title\">Message<\/span><br \/>\n<span class=\"wpcf7-form-control-wrap\" data-name=\"your-message\"><textarea cols=\"40\" rows=\"10\" maxlength=\"2000\" class=\"wpcf7-form-control wpcf7-textarea\" aria-invalid=\"false\" name=\"your-message\"><\/textarea><\/span>\n\t<\/p>\n<\/div>\n<div>\n\t<div class=\"c4wp_captcha_field\" style=\"margin-bottom: 10px;\"><div id=\"c4wp_captcha_field_1\" class=\"c4wp_captcha_field_div\"><\/div><\/div><span class=\"wpcf7-form-control-wrap g-recaptcha-response\"><span class=\"wpcf7-form-control\"><\/span><\/span>\n\t<\/p>\n<\/div>\n<div style=\"padding-bottom:20px;\">\n\t<p>Inforte Bili\u015fim A.\u015e. taraf\u0131ndan i\u015fbu form ile elde edilen ki\u015fisel verileriniz esas olarak taleplerin de\u011ferlendirilmesi ve mal\/hizmet sat\u0131\u015f s\u00fcre\u00e7lerinin y\u00fcr\u00fct\u00fclmesi ama\u00e7lar\u0131yla i\u015flenebilecek ve yurt d\u0131\u015f\u0131nda yerle\u015fik hosting firmam\u0131za aktar\u0131labilecektir. Mevzuat kapsam\u0131ndaki haklar\u0131n\u0131z ile ilgili di\u011fer detaylara ili\u015fkin ayd\u0131nlatma metnine <a href=\"https:\/\/www.inforte.com\/en\/data-protection-notice-regarding-the-personal-data-processed-in-the-request-form\/\" target=\"_blank\"><b>buradan<\/b><\/a> <a href=\"https:\/\/www.inforte.com\/en\/cookie-policy\/\" target=\"_blank\" rel=\"noopener\">Cookie Policy<\/a>.\n\t<\/p>\n<\/div>\n<div>\n\t<p><input class=\"wpcf7-form-control wpcf7-submit has-spinner\" type=\"submit\" value=\"SEND\" \/>\n\t<\/p>\n<\/div><div class=\"wpcf7-response-output\" aria-hidden=\"true\"><\/div>\n<input type=\"hidden\" name=\"trp-form-language\" value=\"en\"\/><\/form>\n<\/div>\n\t<\/div>\n<\/div>\n<\/div><\/div><\/div><\/div><\/div><\/div><\/div><div class=\"vc_empty_space\"   style=\"height: 50px\" ><span class=\"vc_empty_space_inner\"><\/span><\/div>\n<\/div><\/div><\/div><\/div><\/div>","protected":false},"excerpt":{"rendered":"\u0130nsan Odakl\u0131 Siber G\u00fcvenlikte Global Lider Siber tehditlerin s\u00fcrekli evrildi\u011fi g\u00fcn\u00fcm\u00fczde, organizasyonlar\u0131n en savunmas\u0131z noktas\u0131 art\u0131k sadece sistemler de\u011fil, ayn\u0131 zamanda insanlard\u0131r. Proofpoint, tam da bu noktada devreye girerek, insan merkezli (human-centric) bir siber g\u00fcvenlik yakla\u015f\u0131m\u0131 sunar. Kurumlar\u0131n kullan\u0131c\u0131lar\u0131n\u0131 koruyarak, veri g\u00fcvenli\u011fini sa\u011flar, tehditleri \u00f6nler...","protected":false},"author":2,"featured_media":0,"parent":0,"menu_order":0,"comment_status":"closed","ping_status":"closed","template":"full-width.php","meta":{"_acf_changed":false,"footnotes":""},"class_list":["post-11113","page","type-page","status-publish","hentry"],"acf":[],"yoast_head":"<!-- This site is optimized with the Yoast SEO plugin v25.6 - https:\/\/yoast.com\/wordpress\/plugins\/seo\/ -->\n<title>Proofpoint - Inforte Bili\u015fim A.\u015e.<\/title>\n<meta name=\"robots\" content=\"index, follow, max-snippet:-1, max-image-preview:large, max-video-preview:-1\" \/>\n<link rel=\"canonical\" href=\"https:\/\/www.inforte.com\/en\/proofpoint\/\" \/>\n<meta property=\"og:locale\" content=\"en_GB\" \/>\n<meta property=\"og:type\" content=\"article\" \/>\n<meta property=\"og:title\" content=\"Proofpoint - Inforte Bili\u015fim A.\u015e.\" \/>\n<meta property=\"og:url\" content=\"https:\/\/www.inforte.com\/en\/proofpoint\/\" \/>\n<meta property=\"og:site_name\" content=\"Inforte Bili\u015fim A.\u015e.\" \/>\n<meta property=\"article:modified_time\" content=\"2025-07-02T08:52:34+00:00\" \/>\n<meta name=\"twitter:card\" content=\"summary_large_image\" \/>\n<meta name=\"twitter:label1\" content=\"Estimated reading time\" \/>\n\t<meta name=\"twitter:data1\" content=\"2 minutes\" \/>\n<script type=\"application\/ld+json\" class=\"yoast-schema-graph\">{\"@context\":\"https:\/\/schema.org\",\"@graph\":[{\"@type\":\"WebPage\",\"@id\":\"https:\/\/www.inforte.com\/proofpoint\/\",\"url\":\"https:\/\/www.inforte.com\/proofpoint\/\",\"name\":\"Proofpoint - Inforte Bili\u015fim A.\u015e.\",\"isPartOf\":{\"@id\":\"https:\/\/www.inforte.com\/#website\"},\"datePublished\":\"2025-07-02T08:48:58+00:00\",\"dateModified\":\"2025-07-02T08:52:34+00:00\",\"breadcrumb\":{\"@id\":\"https:\/\/www.inforte.com\/proofpoint\/#breadcrumb\"},\"inLanguage\":\"en-GB\",\"potentialAction\":[{\"@type\":\"ReadAction\",\"target\":[\"https:\/\/www.inforte.com\/proofpoint\/\"]}]},{\"@type\":\"BreadcrumbList\",\"@id\":\"https:\/\/www.inforte.com\/proofpoint\/#breadcrumb\",\"itemListElement\":[{\"@type\":\"ListItem\",\"position\":1,\"name\":\"Ana sayfa\",\"item\":\"https:\/\/www.inforte.com\/\"},{\"@type\":\"ListItem\",\"position\":2,\"name\":\"Proofpoint\"}]},{\"@type\":\"WebSite\",\"@id\":\"https:\/\/www.inforte.com\/#website\",\"url\":\"https:\/\/www.inforte.com\/\",\"name\":\"Inforte Bili\u015fim A.\u015e.\",\"description\":\"arbor, DDOS, spectrum, visibility, availability, forescout, nac, orchestration, network control, iot security, netscout, performans monitor, packet broker, tap, services assurance, centrify, privilage, access management, password vault, idendity access management, session recording\",\"publisher\":{\"@id\":\"https:\/\/www.inforte.com\/#organization\"},\"potentialAction\":[{\"@type\":\"SearchAction\",\"target\":{\"@type\":\"EntryPoint\",\"urlTemplate\":\"https:\/\/www.inforte.com\/?s={search_term_string}\"},\"query-input\":{\"@type\":\"PropertyValueSpecification\",\"valueRequired\":true,\"valueName\":\"search_term_string\"}}],\"inLanguage\":\"en-GB\"},{\"@type\":\"Organization\",\"@id\":\"https:\/\/www.inforte.com\/#organization\",\"name\":\"Inforte Bili\u015fim A.\u015e.\",\"url\":\"https:\/\/www.inforte.com\/\",\"logo\":{\"@type\":\"ImageObject\",\"inLanguage\":\"en-GB\",\"@id\":\"https:\/\/www.inforte.com\/#\/schema\/logo\/image\/\",\"url\":\"https:\/\/www.inforte.com\/wp-content\/uploads\/2018\/06\/logo.png\",\"contentUrl\":\"https:\/\/www.inforte.com\/wp-content\/uploads\/2018\/06\/logo.png\",\"width\":286,\"height\":180,\"caption\":\"Inforte Bili\u015fim A.\u015e.\"},\"image\":{\"@id\":\"https:\/\/www.inforte.com\/#\/schema\/logo\/image\/\"}}]}<\/script>\n<!-- \/ Yoast SEO plugin. -->","yoast_head_json":{"title":"Proofpoint - Inforte Bili\u015fim A.\u015e.","robots":{"index":"index","follow":"follow","max-snippet":"max-snippet:-1","max-image-preview":"max-image-preview:large","max-video-preview":"max-video-preview:-1"},"canonical":"https:\/\/www.inforte.com\/en\/proofpoint\/","og_locale":"en_GB","og_type":"article","og_title":"Proofpoint - Inforte Bili\u015fim A.\u015e.","og_url":"https:\/\/www.inforte.com\/en\/proofpoint\/","og_site_name":"Inforte Bili\u015fim A.\u015e.","article_modified_time":"2025-07-02T08:52:34+00:00","twitter_card":"summary_large_image","twitter_misc":{"Estimated reading time":"2 minutes"},"schema":{"@context":"https:\/\/schema.org","@graph":[{"@type":"WebPage","@id":"https:\/\/www.inforte.com\/proofpoint\/","url":"https:\/\/www.inforte.com\/proofpoint\/","name":"Proofpoint - Inforte Bili\u015fim A.\u015e.","isPartOf":{"@id":"https:\/\/www.inforte.com\/#website"},"datePublished":"2025-07-02T08:48:58+00:00","dateModified":"2025-07-02T08:52:34+00:00","breadcrumb":{"@id":"https:\/\/www.inforte.com\/proofpoint\/#breadcrumb"},"inLanguage":"en-GB","potentialAction":[{"@type":"ReadAction","target":["https:\/\/www.inforte.com\/proofpoint\/"]}]},{"@type":"BreadcrumbList","@id":"https:\/\/www.inforte.com\/proofpoint\/#breadcrumb","itemListElement":[{"@type":"ListItem","position":1,"name":"Ana sayfa","item":"https:\/\/www.inforte.com\/"},{"@type":"ListItem","position":2,"name":"Proofpoint"}]},{"@type":"WebSite","@id":"https:\/\/www.inforte.com\/#website","url":"https:\/\/www.inforte.com\/","name":"Inforte Bili\u015fim A.\u015e.","description":"arbor, DDOS, spectrum, visibility, availability, forescout, nac, orchestration, network control, iot security, netscout, performans monitor, packet broker, tap, services assurance, centrify, privilage, access management, password vault, idendity access management, session recording","publisher":{"@id":"https:\/\/www.inforte.com\/#organization"},"potentialAction":[{"@type":"SearchAction","target":{"@type":"EntryPoint","urlTemplate":"https:\/\/www.inforte.com\/?s={search_term_string}"},"query-input":{"@type":"PropertyValueSpecification","valueRequired":true,"valueName":"search_term_string"}}],"inLanguage":"en-GB"},{"@type":"Organization","@id":"https:\/\/www.inforte.com\/#organization","name":"Inforte Bili\u015fim A.\u015e.","url":"https:\/\/www.inforte.com\/","logo":{"@type":"ImageObject","inLanguage":"en-GB","@id":"https:\/\/www.inforte.com\/#\/schema\/logo\/image\/","url":"https:\/\/www.inforte.com\/wp-content\/uploads\/2018\/06\/logo.png","contentUrl":"https:\/\/www.inforte.com\/wp-content\/uploads\/2018\/06\/logo.png","width":286,"height":180,"caption":"Inforte Bili\u015fim A.\u015e."},"image":{"@id":"https:\/\/www.inforte.com\/#\/schema\/logo\/image\/"}}]}},"_links":{"self":[{"href":"https:\/\/www.inforte.com\/en\/wp-json\/wp\/v2\/pages\/11113"}],"collection":[{"href":"https:\/\/www.inforte.com\/en\/wp-json\/wp\/v2\/pages"}],"about":[{"href":"https:\/\/www.inforte.com\/en\/wp-json\/wp\/v2\/types\/page"}],"author":[{"embeddable":true,"href":"https:\/\/www.inforte.com\/en\/wp-json\/wp\/v2\/users\/2"}],"replies":[{"embeddable":true,"href":"https:\/\/www.inforte.com\/en\/wp-json\/wp\/v2\/comments?post=11113"}],"version-history":[{"count":3,"href":"https:\/\/www.inforte.com\/en\/wp-json\/wp\/v2\/pages\/11113\/revisions"}],"predecessor-version":[{"id":11118,"href":"https:\/\/www.inforte.com\/en\/wp-json\/wp\/v2\/pages\/11113\/revisions\/11118"}],"wp:attachment":[{"href":"https:\/\/www.inforte.com\/en\/wp-json\/wp\/v2\/media?parent=11113"}],"curies":[{"name":"wp","href":"https:\/\/api.w.org\/{rel}","templated":true}]}}