{"id":10778,"date":"2025-02-11T10:02:23","date_gmt":"2025-02-11T07:02:23","guid":{"rendered":"https:\/\/www.inforte.com\/?page_id=10778"},"modified":"2025-04-22T15:13:52","modified_gmt":"2025-04-22T12:13:52","slug":"activities","status":"publish","type":"page","link":"https:\/\/www.inforte.com\/en\/activities\/","title":{"rendered":"Activities"},"content":{"rendered":"<div class=\"events-container\">\n        <!-- Filters Column -->\n        <div class=\"filters-column\">\n            <div class=\"filter-controls\">\n                <h3>Filter<\/h3>\n                <a href=\"#\" class=\"reset-filters\">Clear Filters<\/a>\n            <\/div>\n\n            <div class=\"filter-section\">\n                <h3>Event Type<\/h3>\n                                    <label class=\"checkbox-container\">\n                        <input type=\"checkbox\" name=\"event_type[]\" value=\"Etkinlik\" \n                               class=\"event-filter\" data-filter=\"event_type\">\n                        Events                    <\/label>\n                                    <label class=\"checkbox-container\">\n                        <input type=\"checkbox\" name=\"event_type[]\" value=\"Webinar\" \n                               class=\"event-filter\" data-filter=\"event_type\">\n                        Webinar                    <\/label>\n                            <\/div>\n\n            <div class=\"filter-section\">\n                <h3>Brands<\/h3>\n                                    <label class=\"checkbox-container\">\n                        <input type=\"checkbox\" name=\"brand[]\" value=\"Cybereason\" \n                               class=\"event-filter\" data-filter=\"brand\">\n                        Cybereason                    <\/label>\n                                    <label class=\"checkbox-container\">\n                        <input type=\"checkbox\" name=\"brand[]\" value=\"Delinea\" \n                               class=\"event-filter\" data-filter=\"brand\">\n                        Delinea                    <\/label>\n                                    <label class=\"checkbox-container\">\n                        <input type=\"checkbox\" name=\"brand[]\" value=\"ExaGrid\" \n                               class=\"event-filter\" data-filter=\"brand\">\n                        ExaGrid                    <\/label>\n                                    <label class=\"checkbox-container\">\n                        <input type=\"checkbox\" name=\"brand[]\" value=\"Forescout\" \n                               class=\"event-filter\" data-filter=\"brand\">\n                        Forescout                    <\/label>\n                                    <label class=\"checkbox-container\">\n                        <input type=\"checkbox\" name=\"brand[]\" value=\"Island\" \n                               class=\"event-filter\" data-filter=\"brand\">\n                        Island                    <\/label>\n                                    <label class=\"checkbox-container\">\n                        <input type=\"checkbox\" name=\"brand[]\" value=\"NetScout\" \n                               class=\"event-filter\" data-filter=\"brand\">\n                        NetScout                    <\/label>\n                                    <label class=\"checkbox-container\">\n                        <input type=\"checkbox\" name=\"brand[]\" value=\"Opinnate\" \n                               class=\"event-filter\" data-filter=\"brand\">\n                        Opinnate                    <\/label>\n                                    <label class=\"checkbox-container\">\n                        <input type=\"checkbox\" name=\"brand[]\" value=\"SolarWinds\" \n                               class=\"event-filter\" data-filter=\"brand\">\n                        SolarWinds                    <\/label>\n                            <\/div>\n\t\t\t<div class=\"filter-section\">\n\t\t\t\t<a style=\"color:black;\" href=\"https:\/\/www.inforte.com\/en\/marketing\/gecmis-etkinlikler\/\">Click here for previous events<\/a>\n\t\t\t<\/div>\n        <\/div>\n\n        <!-- Events Column -->\n        <div class=\"events-column\">\n            <div class=\"events-grid\" id=\"events-grid\">\n                            <div class=\"event-card\">\n                <div class=\"event-image\">\n                                            <img fetchpriority=\"high\" decoding=\"async\" width=\"300\" height=\"210\" src=\"https:\/\/www.inforte.com\/wp-content\/uploads\/2024\/12\/noimage-300x210.jpg\" class=\"attachment-medium size-medium wp-post-image\" alt=\"\" srcset=\"https:\/\/www.inforte.com\/wp-content\/uploads\/2024\/12\/noimage-300x210.jpg 300w, https:\/\/www.inforte.com\/wp-content\/uploads\/2024\/12\/noimage-768x538.jpg 768w, https:\/\/www.inforte.com\/wp-content\/uploads\/2024\/12\/noimage.jpg 1001w\" sizes=\"(max-width: 300px) 100vw, 300px\" \/>                                    <\/div>\n                \n                <div class=\"event-details\">\n                    <div class=\"event-date\">\n                        14\/11\/2025                    <\/div>\n                    <h2 class=\"event-title\">Opinnate &amp; Netsmart Webinar\u0131<\/h2>\n                    <a href=\"https:\/\/www.inforte.com\/en\/myevent\/opinnate-netsmart-webinari\/\" \n                       class=\"event-button\">Read more...<\/a>\n                <\/div>\n            <\/div>\n                        <div class=\"event-card\">\n                <div class=\"event-image\">\n                                            <img fetchpriority=\"high\" decoding=\"async\" width=\"300\" height=\"210\" src=\"https:\/\/www.inforte.com\/wp-content\/uploads\/2024\/12\/noimage-300x210.jpg\" class=\"attachment-medium size-medium wp-post-image\" alt=\"\" srcset=\"https:\/\/www.inforte.com\/wp-content\/uploads\/2024\/12\/noimage-300x210.jpg 300w, https:\/\/www.inforte.com\/wp-content\/uploads\/2024\/12\/noimage-768x538.jpg 768w, https:\/\/www.inforte.com\/wp-content\/uploads\/2024\/12\/noimage.jpg 1001w\" sizes=\"(max-width: 300px) 100vw, 300px\" \/>                                    <\/div>\n                \n                <div class=\"event-details\">\n                    <div class=\"event-date\">\n                        15\/12\/2024                    <\/div>\n                    <h2 class=\"event-title\">en Opinnate NSPM 4.1.1. Versiyon Tan\u0131t\u0131m Webinar\u0131<\/h2>\n                    <a href=\"https:\/\/www.inforte.com\/en\/myevent\/opinnate-nspm-4-1-1-versiyon-tanitim-webinari\/\" \n                       class=\"event-button\">Read more...<\/a>\n                <\/div>\n            <\/div>\n                        <div class=\"event-card\">\n                <div class=\"event-image\">\n                                            <img fetchpriority=\"high\" decoding=\"async\" width=\"300\" height=\"210\" src=\"https:\/\/www.inforte.com\/wp-content\/uploads\/2024\/12\/noimage-300x210.jpg\" class=\"attachment-medium size-medium wp-post-image\" alt=\"\" srcset=\"https:\/\/www.inforte.com\/wp-content\/uploads\/2024\/12\/noimage-300x210.jpg 300w, https:\/\/www.inforte.com\/wp-content\/uploads\/2024\/12\/noimage-768x538.jpg 768w, https:\/\/www.inforte.com\/wp-content\/uploads\/2024\/12\/noimage.jpg 1001w\" sizes=\"(max-width: 300px) 100vw, 300px\" \/>                                    <\/div>\n                \n                <div class=\"event-details\">\n                    <div class=\"event-date\">\n                        08\/11\/2024                    <\/div>\n                    <h2 class=\"event-title\">Island &amp; Sinerji BT M\u00fc\u015fteri Toplant\u0131s\u0131<\/h2>\n                    <a href=\"https:\/\/www.inforte.com\/en\/myevent\/island-sinerji-bt-musteri-toplantisi\/\" \n                       class=\"event-button\">Read more...<\/a>\n                <\/div>\n            <\/div>\n                        <div class=\"event-card\">\n                <div class=\"event-image\">\n                                            <img fetchpriority=\"high\" decoding=\"async\" width=\"300\" height=\"210\" src=\"https:\/\/www.inforte.com\/wp-content\/uploads\/2024\/12\/noimage-300x210.jpg\" class=\"attachment-medium size-medium wp-post-image\" alt=\"\" srcset=\"https:\/\/www.inforte.com\/wp-content\/uploads\/2024\/12\/noimage-300x210.jpg 300w, https:\/\/www.inforte.com\/wp-content\/uploads\/2024\/12\/noimage-768x538.jpg 768w, https:\/\/www.inforte.com\/wp-content\/uploads\/2024\/12\/noimage.jpg 1001w\" sizes=\"(max-width: 300px) 100vw, 300px\" \/>                                    <\/div>\n                \n                <div class=\"event-details\">\n                    <div class=\"event-date\">\n                        07\/11\/2024                    <\/div>\n                    <h2 class=\"event-title\">Kamu Bib&#039;27<\/h2>\n                    <a href=\"https:\/\/www.inforte.com\/en\/myevent\/kamu-bib27\/\" \n                       class=\"event-button\">Read more...<\/a>\n                <\/div>\n            <\/div>\n                        <div class=\"event-card\">\n                <div class=\"event-image\">\n                                            <img decoding=\"async\" src=\"https:\/\/www.inforte.com\/wp-content\/plugins\/custom-events-display\/images\/fallback-image.jpg\" alt=\"Fallback Image\">\n                                    <\/div>\n                \n                <div class=\"event-details\">\n                    <div class=\"event-date\">\n                        23\/10\/2024                    <\/div>\n                    <h2 class=\"event-title\">Solarwinds &amp; Opinnate \u00c7\u00f6z\u00fcmleri Etkinli\u011fi<\/h2>\n                    <a href=\"https:\/\/www.inforte.com\/en\/myevent\/solarwinds-opinnate-cozumleri-etkinligi\/\" \n                       class=\"event-button\">Read more...<\/a>\n                <\/div>\n            <\/div>\n                        <div class=\"event-card\">\n                <div class=\"event-image\">\n                                            <img decoding=\"async\" src=\"https:\/\/www.inforte.com\/wp-content\/plugins\/custom-events-display\/images\/fallback-image.jpg\" alt=\"Fallback Image\">\n                                    <\/div>\n                \n                <div class=\"event-details\">\n                    <div class=\"event-date\">\n                        14\/10\/2024                    <\/div>\n                    <h2 class=\"event-title\">GITEX Global 2024<\/h2>\n                    <a href=\"https:\/\/www.inforte.com\/en\/myevent\/gitex-global-2024\/\" \n                       class=\"event-button\">Read more...<\/a>\n                <\/div>\n            <\/div>\n                        <div class=\"event-card\">\n                <div class=\"event-image\">\n                                            <img decoding=\"async\" src=\"https:\/\/www.inforte.com\/wp-content\/plugins\/custom-events-display\/images\/fallback-image.jpg\" alt=\"Fallback Image\">\n                                    <\/div>\n                \n                <div class=\"event-details\">\n                    <div class=\"event-date\">\n                        08\/10\/2024                    <\/div>\n                    <h2 class=\"event-title\">Vodafone Cloud Day<\/h2>\n                    <a href=\"https:\/\/www.inforte.com\/en\/myevent\/vodafone-cloud-day\/\" \n                       class=\"event-button\">Read more...<\/a>\n                <\/div>\n            <\/div>\n                        <div class=\"event-card\">\n                <div class=\"event-image\">\n                                            <img decoding=\"async\" src=\"https:\/\/www.inforte.com\/wp-content\/plugins\/custom-events-display\/images\/fallback-image.jpg\" alt=\"Fallback Image\">\n                                    <\/div>\n                \n                <div class=\"event-details\">\n                    <div class=\"event-date\">\n                        07\/10\/2024                    <\/div>\n                    <h2 class=\"event-title\">Netscout Engage 2024<\/h2>\n                    <a href=\"https:\/\/www.inforte.com\/en\/myevent\/netscout-engage-2024\/\" \n                       class=\"event-button\">Read more...<\/a>\n                <\/div>\n            <\/div>\n                        <div class=\"event-card\">\n                <div class=\"event-image\">\n                                            <img decoding=\"async\" src=\"https:\/\/www.inforte.com\/wp-content\/plugins\/custom-events-display\/images\/fallback-image.jpg\" alt=\"Fallback Image\">\n                                    <\/div>\n                \n                <div class=\"event-details\">\n                    <div class=\"event-date\">\n                        25\/09\/2024                    <\/div>\n                    <h2 class=\"event-title\">PalCon &amp; Solarwinds Kahvalt\u0131 Etkinli\u011fi<\/h2>\n                    <a href=\"https:\/\/www.inforte.com\/en\/myevent\/palcon-solarwinds-kahvalti-etkinligi\/\" \n                       class=\"event-button\">Read more...<\/a>\n                <\/div>\n            <\/div>\n                        <div class=\"event-card\">\n                <div class=\"event-image\">\n                                            <img decoding=\"async\" src=\"https:\/\/www.inforte.com\/wp-content\/plugins\/custom-events-display\/images\/fallback-image.jpg\" alt=\"Fallback Image\">\n                                    <\/div>\n                \n                <div class=\"event-details\">\n                    <div class=\"event-date\">\n                        19\/09\/2024                    <\/div>\n                    <h2 class=\"event-title\">Turkcell DBS &amp; Netscout G\u00fcvenlik \u00c7\u00f6z\u00fcmleri Bulu\u015fmas\u0131<\/h2>\n                    <a href=\"https:\/\/www.inforte.com\/en\/myevent\/turkcell-dbs-netscout-guvenlik-cozumleri-bulusmasi\/\" \n                       class=\"event-button\">Read more...<\/a>\n                <\/div>\n            <\/div>\n                        <div class=\"event-card\">\n                <div class=\"event-image\">\n                                            <img decoding=\"async\" src=\"https:\/\/www.inforte.com\/wp-content\/plugins\/custom-events-display\/images\/fallback-image.jpg\" alt=\"Fallback Image\">\n                                    <\/div>\n                \n                <div class=\"event-details\">\n                    <div class=\"event-date\">\n                        19\/09\/2024                    <\/div>\n                    <h2 class=\"event-title\">Forescout &amp; Inforte Executive Connect<\/h2>\n                    <a href=\"https:\/\/www.inforte.com\/en\/myevent\/forescout-inforte-executive-connect\/\" \n                       class=\"event-button\">Read more...<\/a>\n                <\/div>\n            <\/div>\n                        <div class=\"event-card\">\n                <div class=\"event-image\">\n                                            <img decoding=\"async\" src=\"https:\/\/www.inforte.com\/wp-content\/plugins\/custom-events-display\/images\/fallback-image.jpg\" alt=\"Fallback Image\">\n                                    <\/div>\n                \n                <div class=\"event-details\">\n                    <div class=\"event-date\">\n                        17\/09\/2024                    <\/div>\n                    <h2 class=\"event-title\">ExaGrid Certified Solutions Architect Course 2024 Update<\/h2>\n                    <a href=\"https:\/\/www.inforte.com\/en\/myevent\/exagrid-certified-solutions-architect-course-2024-update\/\" \n                       class=\"event-button\">Read more...<\/a>\n                <\/div>\n            <\/div>\n                        <div class=\"event-card\">\n                <div class=\"event-image\">\n                                            <img decoding=\"async\" src=\"https:\/\/www.inforte.com\/wp-content\/plugins\/custom-events-display\/images\/fallback-image.jpg\" alt=\"Fallback Image\">\n                                    <\/div>\n                \n                <div class=\"event-details\">\n                    <div class=\"event-date\">\n                        14\/09\/2024                    <\/div>\n                    <h2 class=\"event-title\">Netscout \u0130\u015f Ortaklar\u0131 Toplant\u0131s\u0131<\/h2>\n                    <a href=\"https:\/\/www.inforte.com\/en\/myevent\/netscout-is-ortaklari-toplantisi\/\" \n                       class=\"event-button\">Read more...<\/a>\n                <\/div>\n            <\/div>\n                        <div class=\"event-card\">\n                <div class=\"event-image\">\n                                            <img decoding=\"async\" src=\"https:\/\/www.inforte.com\/wp-content\/plugins\/custom-events-display\/images\/fallback-image.jpg\" alt=\"Fallback Image\">\n                                    <\/div>\n                \n                <div class=\"event-details\">\n                    <div class=\"event-date\">\n                        10\/09\/2024                    <\/div>\n                    <h2 class=\"event-title\">ExaGrid &amp; Inforte Ankara \u0130\u015f Ortaklar\u0131 Toplant\u0131s\u0131<\/h2>\n                    <a href=\"https:\/\/www.inforte.com\/en\/myevent\/exagrid-inforte-ankara-is-ortaklari-toplantisi\/\" \n                       class=\"event-button\">Read more...<\/a>\n                <\/div>\n            <\/div>\n                        <\/div>\n        <\/div>\n    <\/div>","protected":false},"excerpt":{"rendered":"Filitre Filitreleri Temizle Etkinlik T\u00fcrleri Etkinlik Webinar \u00dcreticiler Cybereason Delinea ExaGrid Forescout Island NetScout Opinnate SolarWinds \u00d6nceki Etkinlikler \u0130\u00e7in T\u0131klay\u0131n\u0131z. 14\/11\/2025 Opinnate &amp; Netsmart Webinar\u0131 Devam\u0131... 15\/12\/2024 Opinnate NSPM 4.1.1. Versiyon Tan\u0131t\u0131m Webinar\u0131 Devam\u0131... 08\/11\/2024 Island &amp; Sinerji BT M\u00fc\u015fteri Toplant\u0131s\u0131 Devam\u0131... 07\/11\/2024 Kamu Bib&#039;27...","protected":false},"author":2,"featured_media":0,"parent":0,"menu_order":0,"comment_status":"closed","ping_status":"closed","template":"","meta":{"_acf_changed":false,"footnotes":""},"class_list":["post-10778","page","type-page","status-publish","hentry"],"acf":[],"yoast_head":"<!-- This site is optimized with the Yoast SEO plugin v25.6 - https:\/\/yoast.com\/wordpress\/plugins\/seo\/ -->\n<title>Etkinlikler - Inforte Bili\u015fim A.\u015e.<\/title>\n<meta name=\"robots\" content=\"index, follow, max-snippet:-1, max-image-preview:large, max-video-preview:-1\" \/>\n<link rel=\"canonical\" href=\"https:\/\/www.inforte.com\/en\/activities\/\" \/>\n<meta property=\"og:locale\" content=\"en_GB\" \/>\n<meta property=\"og:type\" content=\"article\" \/>\n<meta property=\"og:title\" content=\"Etkinlikler - Inforte Bili\u015fim A.\u015e.\" \/>\n<meta property=\"og:url\" content=\"https:\/\/www.inforte.com\/en\/activities\/\" \/>\n<meta property=\"og:site_name\" content=\"Inforte Bili\u015fim A.\u015e.\" \/>\n<meta property=\"article:modified_time\" content=\"2025-04-22T12:13:52+00:00\" \/>\n<meta name=\"twitter:card\" content=\"summary_large_image\" \/>\n<meta name=\"twitter:label1\" content=\"Estimated reading time\" \/>\n\t<meta name=\"twitter:data1\" content=\"1 minute\" \/>\n<script type=\"application\/ld+json\" class=\"yoast-schema-graph\">{\"@context\":\"https:\/\/schema.org\",\"@graph\":[{\"@type\":\"WebPage\",\"@id\":\"https:\/\/www.inforte.com\/etkinlikler\/\",\"url\":\"https:\/\/www.inforte.com\/etkinlikler\/\",\"name\":\"Etkinlikler - Inforte Bili\u015fim A.\u015e.\",\"isPartOf\":{\"@id\":\"https:\/\/www.inforte.com\/#website\"},\"datePublished\":\"2025-02-11T07:02:23+00:00\",\"dateModified\":\"2025-04-22T12:13:52+00:00\",\"breadcrumb\":{\"@id\":\"https:\/\/www.inforte.com\/etkinlikler\/#breadcrumb\"},\"inLanguage\":\"en-GB\",\"potentialAction\":[{\"@type\":\"ReadAction\",\"target\":[\"https:\/\/www.inforte.com\/etkinlikler\/\"]}]},{\"@type\":\"BreadcrumbList\",\"@id\":\"https:\/\/www.inforte.com\/etkinlikler\/#breadcrumb\",\"itemListElement\":[{\"@type\":\"ListItem\",\"position\":1,\"name\":\"Ana sayfa\",\"item\":\"https:\/\/www.inforte.com\/\"},{\"@type\":\"ListItem\",\"position\":2,\"name\":\"Etkinlikler\"}]},{\"@type\":\"WebSite\",\"@id\":\"https:\/\/www.inforte.com\/#website\",\"url\":\"https:\/\/www.inforte.com\/\",\"name\":\"Inforte Bili\u015fim A.\u015e.\",\"description\":\"arbor, DDOS, spectrum, visibility, availability, forescout, nac, orchestration, network control, iot security, netscout, performans monitor, packet broker, tap, services assurance, centrify, privilage, access management, password vault, idendity access management, session recording\",\"publisher\":{\"@id\":\"https:\/\/www.inforte.com\/#organization\"},\"potentialAction\":[{\"@type\":\"SearchAction\",\"target\":{\"@type\":\"EntryPoint\",\"urlTemplate\":\"https:\/\/www.inforte.com\/?s={search_term_string}\"},\"query-input\":{\"@type\":\"PropertyValueSpecification\",\"valueRequired\":true,\"valueName\":\"search_term_string\"}}],\"inLanguage\":\"en-GB\"},{\"@type\":\"Organization\",\"@id\":\"https:\/\/www.inforte.com\/#organization\",\"name\":\"Inforte Bili\u015fim A.\u015e.\",\"url\":\"https:\/\/www.inforte.com\/\",\"logo\":{\"@type\":\"ImageObject\",\"inLanguage\":\"en-GB\",\"@id\":\"https:\/\/www.inforte.com\/#\/schema\/logo\/image\/\",\"url\":\"https:\/\/www.inforte.com\/wp-content\/uploads\/2018\/06\/logo.png\",\"contentUrl\":\"https:\/\/www.inforte.com\/wp-content\/uploads\/2018\/06\/logo.png\",\"width\":286,\"height\":180,\"caption\":\"Inforte Bili\u015fim A.\u015e.\"},\"image\":{\"@id\":\"https:\/\/www.inforte.com\/#\/schema\/logo\/image\/\"}}]}<\/script>\n<!-- \/ Yoast SEO plugin. -->","yoast_head_json":{"title":"Activites - Inforte Bili\u015fim A.\u015e.","robots":{"index":"index","follow":"follow","max-snippet":"max-snippet:-1","max-image-preview":"max-image-preview:large","max-video-preview":"max-video-preview:-1"},"canonical":"https:\/\/www.inforte.com\/en\/activities\/","og_locale":"en_GB","og_type":"article","og_title":"Etkinlikler - Inforte Bili\u015fim A.\u015e.","og_url":"https:\/\/www.inforte.com\/en\/activities\/","og_site_name":"Inforte Bili\u015fim A.\u015e.","article_modified_time":"2025-04-22T12:13:52+00:00","twitter_card":"summary_large_image","twitter_misc":{"Estimated reading time":"1 minute"},"schema":{"@context":"https:\/\/schema.org","@graph":[{"@type":"WebPage","@id":"https:\/\/www.inforte.com\/etkinlikler\/","url":"https:\/\/www.inforte.com\/etkinlikler\/","name":"Activites - Inforte Bili\u015fim A.\u015e.","isPartOf":{"@id":"https:\/\/www.inforte.com\/#website"},"datePublished":"2025-02-11T07:02:23+00:00","dateModified":"2025-04-22T12:13:52+00:00","breadcrumb":{"@id":"https:\/\/www.inforte.com\/etkinlikler\/#breadcrumb"},"inLanguage":"en-GB","potentialAction":[{"@type":"ReadAction","target":["https:\/\/www.inforte.com\/etkinlikler\/"]}]},{"@type":"BreadcrumbList","@id":"https:\/\/www.inforte.com\/etkinlikler\/#breadcrumb","itemListElement":[{"@type":"ListItem","position":1,"name":"Ana sayfa","item":"https:\/\/www.inforte.com\/"},{"@type":"ListItem","position":2,"name":"Etkinlikler"}]},{"@type":"WebSite","@id":"https:\/\/www.inforte.com\/#website","url":"https:\/\/www.inforte.com\/","name":"Inforte Bili\u015fim A.\u015e.","description":"arbor, DDOS, spectrum, visibility, availability, forescout, nac, orchestration, network control, iot security, netscout, performans monitor, packet broker, tap, services assurance, centrify, privilage, access management, password vault, idendity access management, session recording","publisher":{"@id":"https:\/\/www.inforte.com\/#organization"},"potentialAction":[{"@type":"SearchAction","target":{"@type":"EntryPoint","urlTemplate":"https:\/\/www.inforte.com\/?s={search_term_string}"},"query-input":{"@type":"PropertyValueSpecification","valueRequired":true,"valueName":"search_term_string"}}],"inLanguage":"en-GB"},{"@type":"Organization","@id":"https:\/\/www.inforte.com\/#organization","name":"Inforte Bili\u015fim A.\u015e.","url":"https:\/\/www.inforte.com\/","logo":{"@type":"ImageObject","inLanguage":"en-GB","@id":"https:\/\/www.inforte.com\/#\/schema\/logo\/image\/","url":"https:\/\/www.inforte.com\/wp-content\/uploads\/2018\/06\/logo.png","contentUrl":"https:\/\/www.inforte.com\/wp-content\/uploads\/2018\/06\/logo.png","width":286,"height":180,"caption":"Inforte Bili\u015fim A.\u015e."},"image":{"@id":"https:\/\/www.inforte.com\/#\/schema\/logo\/image\/"}}]}},"_links":{"self":[{"href":"https:\/\/www.inforte.com\/en\/wp-json\/wp\/v2\/pages\/10778"}],"collection":[{"href":"https:\/\/www.inforte.com\/en\/wp-json\/wp\/v2\/pages"}],"about":[{"href":"https:\/\/www.inforte.com\/en\/wp-json\/wp\/v2\/types\/page"}],"author":[{"embeddable":true,"href":"https:\/\/www.inforte.com\/en\/wp-json\/wp\/v2\/users\/2"}],"replies":[{"embeddable":true,"href":"https:\/\/www.inforte.com\/en\/wp-json\/wp\/v2\/comments?post=10778"}],"version-history":[{"count":7,"href":"https:\/\/www.inforte.com\/en\/wp-json\/wp\/v2\/pages\/10778\/revisions"}],"predecessor-version":[{"id":10927,"href":"https:\/\/www.inforte.com\/en\/wp-json\/wp\/v2\/pages\/10778\/revisions\/10927"}],"wp:attachment":[{"href":"https:\/\/www.inforte.com\/en\/wp-json\/wp\/v2\/media?parent=10778"}],"curies":[{"name":"wp","href":"https:\/\/api.w.org\/{rel}","templated":true}]}}